{"id":9907,"date":"2024-05-28T14:23:33","date_gmt":"2024-05-28T12:23:33","guid":{"rendered":"https:\/\/www.gastrofuzija.si\/?post_type=product&#038;p=9907"},"modified":"2026-04-24T10:20:22","modified_gmt":"2026-04-24T08:20:22","slug":"azijska-kulinarika-z-brino","status":"publish","type":"product","link":"https:\/\/www.gastrofuzija.si\/en\/product\/azijska-kulinarika-z-brino\/","title":{"rendered":"Azijska kulinarika z Brino"},"content":{"rendered":"<p><strong>Program:<\/strong><\/p>\n<p>After the greeting and a short presentation of the program,<strong> popeljali v svet od <\/strong><b>kitajskih do tajvanskih okusov, se nau\u010dili pripravljati prave pristne soparjene \u0161tru\u010dke (bao buns), zvijati spomladanske zavitke in spe\u010di mongolsko meso.<\/b><\/p>\n<div><b>Nau\u010dite se pripravljati azijske jedi in navdu\u0161ite svoje najbli\u017eje na naslednjem dru\u017einskem kosilu.<\/b><\/div>\n<p>Skupaj z na\u0161imi chefi bomo pripravili okusne jedi, se zabavali in seveda vse, <strong>kar bomo skupaj skuhali, bomo tudi pojedli.<\/strong><\/p>\n<p>Delavnico bo vodila Brina Robinik Kobal, tekmovalka Masterchefa, se izobra\u017eevala na Akademiji Gordon Ramsayja, trenutno pa dela v restavraciji JAZ by Ana Ro\u0161.<\/p>","protected":false},"excerpt":{"rendered":"<p><span style=\"color: #c30017;\"><strong><span style=\"color: #5c0d0d;\">Termin: <\/span><\/strong><\/span><\/p>\n<ul>\n<li><strong>\u010detrtek, 14. 5. 2026 (17.00 &#8211; 21.00) &#8211; RAZPRODANO<\/strong><\/li>\n<li><strong>sreda, 24. 6. 2026 (17.00 &#8211; 21.00)\u00a0<\/strong><\/li>\n<\/ul>\n<p><span style=\"color: #5c0d0d;\"><strong>Kraj \/ place:<\/strong> <\/span>Kulinari\u010dni center Gastrofuzija (Kajuhova ulica 32 R, 1000 Ljubljana, BTC cona)<\/p>\n<p><span style=\"color: #c30017;\"><strong><span style=\"color: #5c0d0d;\">Zahtevnost: \u2764\ufe0f\u2764\ufe0f<strong style=\"color: #c30017;\">\ud83e\udd0d<\/strong><\/span><\/strong><\/span><\/p>\n<p><strong><span style=\"color: #800000;\">Izvajalka<\/span>:<\/strong>\u00a0<b> Brina Robinik Kobal<\/b><\/p>\n<div>Od kitajskih do tajvanskih okusov, nau\u010dite se pripravljati prave pristne soparjene \u0161tru\u010dke (bao buns), zvijati spomladanske zavitke in spe\u010di mongolsko meso.<\/div>\n<div><\/div>\n<div>Prva dva recepta se je Brina nau\u010dila na Gordon Ramsay Akademiji.<\/div>\n<div><\/div>\n<div><strong>RECEPTI:<\/strong><\/div>\n<div>\n<div>\n<ul>\n<li>BAO BUNS z ribo (okisana \u010debula, kumare, majoneza)<\/li>\n<li>spomladanski zavitki s svinjino, zeljem, korenjem<\/li>\n<li>mongolsko meso z ri\u017eem<\/li>\n<\/ul>\n<\/div>\n<div><strong>TEHNIKE:<\/strong><\/div>\n<div>\n<ul>\n<li>BAO BUNS: priprava in delo s testom, u\u010denje japonskega stila cvrtja, kako okisati zelenjavo, kako narediti svojo majonezo, soparjenje<\/li>\n<li>spomladanski zavitki s svinjino, zeljem, korenjem: cvrtje, u\u010denje razli\u010dnih nadevov<\/li>\n<li>mongolsko meso z ri\u017eem: pra\u017eenje v woku, pravilna priprava ri\u017ea<\/li>\n<\/ul>\n<\/div>\n<\/div>\n<p><strong>V ceno kuharske delavnice je v\u0161tet predpasnik, za\u010detni prigrizek in vinska spremljava tekom ustvarjanja.<\/strong><\/p>\n<p>[fusion_button link=\"https:\/\/www.gastrofuzija.si\/izdelek\/darilni-bon-za-kuharski-tecaj\/\" text_transform=\"\" title=\"\" target=\"_blank\" link_attributes=\"\" alignment_medium=\"\" alignment_small=\"\" alignment=\"\" modal=\"\" hide_on_mobile=\"small-visibility,medium-visibility,large-visibility\" sticky_display=\"normal,sticky\" class=\"\" id=\"\" color=\"default\" button_gradient_top_color=\"\" button_gradient_bottom_color=\"\" button_gradient_top_color_hover=\"\" button_gradient_bottom_color_hover=\"\" accent_color=\"\" accent_hover_color=\"\" type=\"\" bevel_color=\"\" border_width=\"\" border_radius=\"\" border_color=\"\" border_hover_color=\"\" size=\"\" stretch=\"default\" margin_top=\"\" margin_right=\"\" margin_bottom=\"\" margin_left=\"\" icon=\"\" icon_position=\"left\" icon_divider=\"no\" animation_type=\"\" animation_direction=\"left\" animation_speed=\"0.3\" animation_offset=\"\"]Podari z darilnim bonom[\/fusion_button][fusion_separator style_type=\"none\" hide_on_mobile=\"small-visibility,medium-visibility,large-visibility\" sticky_display=\"normal,sticky\" class=\"\" id=\"\" flex_grow=\"0\" top_margin=\"4px\" bottom_margin=\"\" width=\"\" alignment=\"center\" border_size=\"\" sep_color=\"\" icon=\"\" icon_size=\"\" icon_color=\"\" icon_circle=\"\" icon_circle_color=\"\"][\/fusion_separator]<\/p>\n","protected":false},"featured_media":13321,"comment_status":"closed","ping_status":"closed","template":"","meta":[],"product_brand":[],"product_cat":[89],"product_tag":[395,357,396,390,140,137,30,139,138],"class_list":{"0":"post-9907","1":"product","2":"type-product","3":"status-publish","4":"has-post-thumbnail","6":"product_cat-kuharski-tecaji-seznam","7":"product_tag-asian","8":"product_tag-asian-fusion","9":"product_tag-culinary","10":"product_tag-kruh","11":"product_tag-kuhaj-kot-chef","12":"product_tag-kuharske-delavnice","13":"product_tag-kuharski-tecaj","14":"product_tag-kuharski-tecaji","15":"product_tag-tecaj-kuhanja","17":"first","18":"instock","19":"taxable","20":"shipping-taxable","21":"purchasable","22":"product-type-variable"},"yoast_head":"<!-- This site is optimized with the Yoast SEO plugin v26.8 - https:\/\/yoast.com\/product\/yoast-seo-wordpress\/ -->\n<title>Azijska kulinarika z Brino - Gastrofuzija<\/title>\n<meta name=\"description\" content=\"Nau\u010dite se pripravljati azijske jedi z Brino Robiniki Kobal in navdu\u0161ite svoje najbli\u017eje na naslednjem dru\u017einskem kosilu.\" \/>\n<meta name=\"robots\" content=\"index, follow, max-snippet:-1, max-image-preview:large, max-video-preview:-1\" \/>\n<link rel=\"canonical\" href=\"https:\/\/www.gastrofuzija.si\/en\/product\/azijska-kulinarika-z-brino\/\" \/>\n<meta property=\"og:locale\" content=\"en_US\" \/>\n<meta property=\"og:type\" content=\"article\" \/>\n<meta property=\"og:title\" content=\"Azijska kulinarika z Brino - Gastrofuzija\" \/>\n<meta property=\"og:description\" content=\"Nau\u010dite se pripravljati azijske jedi z Brino Robiniki Kobal in navdu\u0161ite svoje najbli\u017eje na naslednjem dru\u017einskem kosilu.\" \/>\n<meta property=\"og:url\" content=\"https:\/\/www.gastrofuzija.si\/en\/product\/azijska-kulinarika-z-brino\/\" \/>\n<meta property=\"og:site_name\" content=\"Gastrofuzija\" \/>\n<meta property=\"article:modified_time\" content=\"2026-04-24T08:20:22+00:00\" \/>\n<meta property=\"og:image\" content=\"https:\/\/www.gastrofuzija.si\/wp-content\/uploads\/2024\/05\/38.png\" \/>\n\t<meta property=\"og:image:width\" content=\"1321\" \/>\n\t<meta property=\"og:image:height\" content=\"1335\" \/>\n\t<meta property=\"og:image:type\" content=\"image\/png\" \/>\n<meta name=\"twitter:card\" content=\"summary_large_image\" \/>\n<meta name=\"twitter:label1\" content=\"Est. reading time\" \/>\n\t<meta name=\"twitter:data1\" content=\"1 minute\" \/>\n<script type=\"application\/ld+json\" class=\"yoast-schema-graph\">{\"@context\":\"https:\/\/schema.org\",\"@graph\":[{\"@type\":\"WebPage\",\"@id\":\"https:\/\/www.gastrofuzija.si\/izdelek\/azijska-kulinarika-z-brino\/\",\"url\":\"https:\/\/www.gastrofuzija.si\/izdelek\/azijska-kulinarika-z-brino\/\",\"name\":\"Azijska kulinarika z Brino - Gastrofuzija\",\"isPartOf\":{\"@id\":\"https:\/\/www.gastrofuzija.si\/#website\"},\"primaryImageOfPage\":{\"@id\":\"https:\/\/www.gastrofuzija.si\/izdelek\/azijska-kulinarika-z-brino\/#primaryimage\"},\"image\":{\"@id\":\"https:\/\/www.gastrofuzija.si\/izdelek\/azijska-kulinarika-z-brino\/#primaryimage\"},\"thumbnailUrl\":\"https:\/\/www.gastrofuzija.si\/wp-content\/uploads\/2024\/05\/38.png\",\"datePublished\":\"2024-05-28T12:23:33+00:00\",\"dateModified\":\"2026-04-24T08:20:22+00:00\",\"description\":\"Nau\u010dite se pripravljati azijske jedi z Brino Robiniki Kobal in navdu\u0161ite svoje najbli\u017eje na naslednjem dru\u017einskem kosilu.\",\"breadcrumb\":{\"@id\":\"https:\/\/www.gastrofuzija.si\/izdelek\/azijska-kulinarika-z-brino\/#breadcrumb\"},\"inLanguage\":\"en-US\",\"potentialAction\":[{\"@type\":\"ReadAction\",\"target\":[\"https:\/\/www.gastrofuzija.si\/izdelek\/azijska-kulinarika-z-brino\/\"]}]},{\"@type\":\"ImageObject\",\"inLanguage\":\"en-US\",\"@id\":\"https:\/\/www.gastrofuzija.si\/izdelek\/azijska-kulinarika-z-brino\/#primaryimage\",\"url\":\"https:\/\/www.gastrofuzija.si\/wp-content\/uploads\/2024\/05\/38.png\",\"contentUrl\":\"https:\/\/www.gastrofuzija.si\/wp-content\/uploads\/2024\/05\/38.png\",\"width\":1321,\"height\":1335},{\"@type\":\"BreadcrumbList\",\"@id\":\"https:\/\/www.gastrofuzija.si\/izdelek\/azijska-kulinarika-z-brino\/#breadcrumb\",\"itemListElement\":[{\"@type\":\"ListItem\",\"position\":1,\"name\":\"Home\",\"item\":\"https:\/\/www.gastrofuzija.si\/\"},{\"@type\":\"ListItem\",\"position\":2,\"name\":\"Spletna trgovina: Kuhaj kot chef\",\"item\":\"https:\/\/www.gastrofuzija.si\/kuhaj-kot-chef\/\"},{\"@type\":\"ListItem\",\"position\":3,\"name\":\"Azijska kulinarika z Brino\"}]},{\"@type\":\"WebSite\",\"@id\":\"https:\/\/www.gastrofuzija.si\/#website\",\"url\":\"https:\/\/www.gastrofuzija.si\/\",\"name\":\"Gastrofuzija\",\"description\":\"USTVARJAMO VRHUNSKE KULINARI\u010cNE DOGODKE IN TEAM BUILDING AKTIVNOSTI!\",\"potentialAction\":[{\"@type\":\"SearchAction\",\"target\":{\"@type\":\"EntryPoint\",\"urlTemplate\":\"https:\/\/www.gastrofuzija.si\/?s={search_term_string}\"},\"query-input\":{\"@type\":\"PropertyValueSpecification\",\"valueRequired\":true,\"valueName\":\"search_term_string\"}}],\"inLanguage\":\"en-US\"}]}<\/script>\n<!-- \/ Yoast SEO plugin. -->","yoast_head_json":{"title":"Azijska kulinarika z Brino - Gastrofuzija","description":"Nau\u010dite se pripravljati azijske jedi z Brino Robiniki Kobal in navdu\u0161ite svoje najbli\u017eje na naslednjem dru\u017einskem kosilu.","robots":{"index":"index","follow":"follow","max-snippet":"max-snippet:-1","max-image-preview":"max-image-preview:large","max-video-preview":"max-video-preview:-1"},"canonical":"https:\/\/www.gastrofuzija.si\/en\/product\/azijska-kulinarika-z-brino\/","og_locale":"en_US","og_type":"article","og_title":"Azijska kulinarika z Brino - Gastrofuzija","og_description":"Nau\u010dite se pripravljati azijske jedi z Brino Robiniki Kobal in navdu\u0161ite svoje najbli\u017eje na naslednjem dru\u017einskem kosilu.","og_url":"https:\/\/www.gastrofuzija.si\/en\/product\/azijska-kulinarika-z-brino\/","og_site_name":"Gastrofuzija","article_modified_time":"2026-04-24T08:20:22+00:00","og_image":[{"width":1321,"height":1335,"url":"https:\/\/www.gastrofuzija.si\/wp-content\/uploads\/2024\/05\/38.png","type":"image\/png"}],"twitter_card":"summary_large_image","twitter_misc":{"Est. reading time":"1 minute"},"schema":{"@context":"https:\/\/schema.org","@graph":[{"@type":"WebPage","@id":"https:\/\/www.gastrofuzija.si\/izdelek\/azijska-kulinarika-z-brino\/","url":"https:\/\/www.gastrofuzija.si\/izdelek\/azijska-kulinarika-z-brino\/","name":"Azijska kulinarika z Brino - Gastrofuzija","isPartOf":{"@id":"https:\/\/www.gastrofuzija.si\/#website"},"primaryImageOfPage":{"@id":"https:\/\/www.gastrofuzija.si\/izdelek\/azijska-kulinarika-z-brino\/#primaryimage"},"image":{"@id":"https:\/\/www.gastrofuzija.si\/izdelek\/azijska-kulinarika-z-brino\/#primaryimage"},"thumbnailUrl":"https:\/\/www.gastrofuzija.si\/wp-content\/uploads\/2024\/05\/38.png","datePublished":"2024-05-28T12:23:33+00:00","dateModified":"2026-04-24T08:20:22+00:00","description":"Nau\u010dite se pripravljati azijske jedi z Brino Robiniki Kobal in navdu\u0161ite svoje najbli\u017eje na naslednjem dru\u017einskem kosilu.","breadcrumb":{"@id":"https:\/\/www.gastrofuzija.si\/izdelek\/azijska-kulinarika-z-brino\/#breadcrumb"},"inLanguage":"en-US","potentialAction":[{"@type":"ReadAction","target":["https:\/\/www.gastrofuzija.si\/izdelek\/azijska-kulinarika-z-brino\/"]}]},{"@type":"ImageObject","inLanguage":"en-US","@id":"https:\/\/www.gastrofuzija.si\/izdelek\/azijska-kulinarika-z-brino\/#primaryimage","url":"https:\/\/www.gastrofuzija.si\/wp-content\/uploads\/2024\/05\/38.png","contentUrl":"https:\/\/www.gastrofuzija.si\/wp-content\/uploads\/2024\/05\/38.png","width":1321,"height":1335},{"@type":"BreadcrumbList","@id":"https:\/\/www.gastrofuzija.si\/izdelek\/azijska-kulinarika-z-brino\/#breadcrumb","itemListElement":[{"@type":"ListItem","position":1,"name":"Home","item":"https:\/\/www.gastrofuzija.si\/"},{"@type":"ListItem","position":2,"name":"Spletna trgovina: Kuhaj kot chef","item":"https:\/\/www.gastrofuzija.si\/kuhaj-kot-chef\/"},{"@type":"ListItem","position":3,"name":"Azijska kulinarika z Brino"}]},{"@type":"WebSite","@id":"https:\/\/www.gastrofuzija.si\/#website","url":"https:\/\/www.gastrofuzija.si\/","name":"Gastrofuzija","description":"USTVARJAMO VRHUNSKE KULINARI\u010cNE DOGODKE IN TEAM BUILDING AKTIVNOSTI!","potentialAction":[{"@type":"SearchAction","target":{"@type":"EntryPoint","urlTemplate":"https:\/\/www.gastrofuzija.si\/?s={search_term_string}"},"query-input":{"@type":"PropertyValueSpecification","valueRequired":true,"valueName":"search_term_string"}}],"inLanguage":"en-US"}]}},"_links":{"self":[{"href":"https:\/\/www.gastrofuzija.si\/en\/wp-json\/wp\/v2\/product\/9907","targetHints":{"allow":["GET"]}}],"collection":[{"href":"https:\/\/www.gastrofuzija.si\/en\/wp-json\/wp\/v2\/product"}],"about":[{"href":"https:\/\/www.gastrofuzija.si\/en\/wp-json\/wp\/v2\/types\/product"}],"replies":[{"embeddable":true,"href":"https:\/\/www.gastrofuzija.si\/en\/wp-json\/wp\/v2\/comments?post=9907"}],"wp:featuredmedia":[{"embeddable":true,"href":"https:\/\/www.gastrofuzija.si\/en\/wp-json\/wp\/v2\/media\/13321"}],"wp:attachment":[{"href":"https:\/\/www.gastrofuzija.si\/en\/wp-json\/wp\/v2\/media?parent=9907"}],"wp:term":[{"taxonomy":"product_brand","embeddable":true,"href":"https:\/\/www.gastrofuzija.si\/en\/wp-json\/wp\/v2\/product_brand?post=9907"},{"taxonomy":"product_cat","embeddable":true,"href":"https:\/\/www.gastrofuzija.si\/en\/wp-json\/wp\/v2\/product_cat?post=9907"},{"taxonomy":"product_tag","embeddable":true,"href":"https:\/\/www.gastrofuzija.si\/en\/wp-json\/wp\/v2\/product_tag?post=9907"}],"curies":[{"name":"wp","href":"https:\/\/api.w.org\/{rel}","templated":true}]}}