{"id":9445,"date":"2024-03-28T13:58:26","date_gmt":"2024-03-28T12:58:26","guid":{"rendered":"https:\/\/www.gastrofuzija.si\/?post_type=product&#038;p=9445"},"modified":"2026-04-21T10:07:47","modified_gmt":"2026-04-21T08:07:47","slug":"francoska-kulinarika-sampanjec-ostrige-in-sexy-house","status":"publish","type":"product","link":"https:\/\/www.gastrofuzija.si\/en\/product\/francoska-kulinarika-sampanjec-ostrige-in-sexy-house\/","title":{"rendered":"VE\u010cER FRANCOSKE KULINARIKE, \u0160AMPANJCA IN OSTRIG"},"content":{"rendered":"","protected":false},"excerpt":{"rendered":"<p><span style=\"color: #c30017;\"><strong><span style=\"color: #5c0d0d;\">Termin: <\/span><\/strong><\/span><strong>\u00a0<\/strong><strong>\u00a0<\/strong><\/p>\n<ul>\n<li><strong>sobota, 20. junij 2026 (17:00 &#8211; 21:00)<\/strong><\/li>\n<\/ul>\n<p><span style=\"color: #5c0d0d;\"><strong>Kraj \/ place:<\/strong> <\/span>Kulinari\u010dni center Gastrofuzija (Kajuhova ulica 32 R, 1000 Ljubljana, BTC cona)<\/p>\n<p><span style=\"color: #c30017;\"><strong><span style=\"color: #5c0d0d;\">Zahtevnost: \u2764\ufe0f\u2764\ufe0f<strong style=\"color: #c30017;\">\ud83e\udd0d<\/strong><\/span><\/strong><\/span><\/p>\n<p><strong><span style=\"color: #800000;\">Izvajalka<\/span>:<\/strong> <strong>Ur\u0161ka Dolin\u0161ek<\/strong><\/p>\n<p><strong><span style=\"color: #800000;\">Za pri\u010detek<\/span>:<\/strong> <strong>francoski \u0161ampanjec<\/strong> <strong>in prigrizek dobrodo\u0161lice<\/strong><\/p>\n<p><strong>Dogodek bodo spremljale penine in vina nagrajenih vrhunskih slovenskih vinarjev (iz Gori\u0161kih Brd in Prlekije).<\/strong><\/p>\n<p>Za vse dodatne informacije pokli\u010dite 041 718 610.<\/p>\n<p><span style=\"color: #800000;\"><strong>Pripravljali bomo:<\/strong><\/span><\/p>\n<div>\n<p><strong>Ostrige + \u0161ampanjec<\/strong><\/p>\n<p><strong>Jakobove pokrova\u010de<\/strong><\/p>\n<ul>\n<li>s kostanjevo kremo in pra\u017eenimi le\u0161niki,<\/li>\n<li>hrustljavi kruhki<\/li>\n<\/ul>\n<p><strong>Losos v sraj\u010dki (Vol au vent)<\/strong><\/p>\n<ul>\n<li aria-hidden=\"true\">por z belim vinom in<\/li>\n<li aria-hidden=\"true\">ocvrt peter\u0161ilj<\/li>\n<\/ul>\n<p><strong>Karamelizirana jabol\u010dna pita\u00a0(Tarte Tatin)<\/strong><\/p>\n<\/div>\n<p><strong>Za izvedbo delavnice bo poskrbela priznana chefinja Ur\u0161ka Dolin\u0161ek, ki je svoje izku\u0161nje pridobivala v priznanih pari\u0161kih restavracijah.\u00a0<\/strong><\/p>\n<p><strong>V ceno kuharske delavnice je v\u0161tet predpasnik, za\u010detni prigrizek in vinska spremljava tekom ustvarjanja.<\/strong><\/p>\n<p>[fusion_button link=\"https:\/\/www.gastrofuzija.si\/izdelek\/darilni-bon-za-kuharski-tecaj\/\" text_transform=\"\" title=\"\" target=\"_blank\" link_attributes=\"\" alignment_medium=\"\" alignment_small=\"\" alignment=\"\" modal=\"\" hide_on_mobile=\"small-visibility,medium-visibility,large-visibility\" sticky_display=\"normal,sticky\" class=\"\" id=\"\" color=\"default\" button_gradient_top_color=\"\" button_gradient_bottom_color=\"\" button_gradient_top_color_hover=\"\" button_gradient_bottom_color_hover=\"\" accent_color=\"\" accent_hover_color=\"\" type=\"\" bevel_color=\"\" border_width=\"\" border_radius=\"\" border_color=\"\" border_hover_color=\"\" size=\"\" stretch=\"default\" margin_top=\"\" margin_right=\"\" margin_bottom=\"\" margin_left=\"\" icon=\"\" icon_position=\"left\" icon_divider=\"no\" animation_type=\"\" animation_direction=\"left\" animation_speed=\"0.3\" animation_offset=\"\"]Podari z darilnim bonom[\/fusion_button][fusion_separator style_type=\"none\" hide_on_mobile=\"small-visibility,medium-visibility,large-visibility\" sticky_display=\"normal,sticky\" class=\"\" id=\"\" flex_grow=\"0\" top_margin=\"4px\" bottom_margin=\"\" width=\"\" alignment=\"center\" border_size=\"\" sep_color=\"\" icon=\"\" icon_size=\"\" icon_color=\"\" icon_circle=\"\" icon_circle_color=\"\"][\/fusion_separator]<\/p>\n<p>*Ob unov\u010denju darilnega bona se dopla\u010da razlika do polne cene te\u010daja.<\/p>\n","protected":false},"featured_media":9392,"comment_status":"closed","ping_status":"closed","template":"","meta":[],"product_brand":[],"product_cat":[89],"product_tag":[93,465,385,386,140,137,30,139,138],"class_list":{"0":"post-9445","1":"product","2":"type-product","3":"status-publish","4":"has-post-thumbnail","6":"product_cat-kuharski-tecaji-seznam","7":"product_tag-cooking-course","8":"product_tag-francoska-kulinarika","9":"product_tag-french","10":"product_tag-french-cuisine","11":"product_tag-kuhaj-kot-chef","12":"product_tag-kuharske-delavnice","13":"product_tag-kuharski-tecaj","14":"product_tag-kuharski-tecaji","15":"product_tag-tecaj-kuhanja","17":"first","18":"instock","19":"taxable","20":"shipping-taxable","21":"purchasable","22":"product-type-variable"},"yoast_head":"<!-- This site is optimized with the Yoast SEO plugin v26.8 - https:\/\/yoast.com\/product\/yoast-seo-wordpress\/ -->\n<title>VE\u010cER FRANCOSKE KULINARIKE, \u0160AMPANJCA IN OSTRIG - Gastrofuzija<\/title>\n<meta name=\"description\" content=\"Na delavnici francoske kulinarike se boste preizkusili v pripravi klasi\u010dnih francoskih jedi. Delavnico bo vodila priznana chefinja Ur\u0161ka Dolin\u0161ek.\" \/>\n<meta name=\"robots\" content=\"index, follow, max-snippet:-1, max-image-preview:large, max-video-preview:-1\" \/>\n<link rel=\"canonical\" href=\"https:\/\/www.gastrofuzija.si\/en\/product\/francoska-kulinarika-sampanjec-ostrige-in-sexy-house\/\" \/>\n<meta property=\"og:locale\" content=\"en_US\" \/>\n<meta property=\"og:type\" content=\"article\" \/>\n<meta property=\"og:title\" content=\"VE\u010cER FRANCOSKE KULINARIKE, \u0160AMPANJCA IN OSTRIG - Gastrofuzija\" \/>\n<meta property=\"og:description\" content=\"Na delavnici francoske kulinarike se boste preizkusili v pripravi klasi\u010dnih francoskih jedi. Delavnico bo vodila priznana chefinja Ur\u0161ka Dolin\u0161ek.\" \/>\n<meta property=\"og:url\" content=\"https:\/\/www.gastrofuzija.si\/en\/product\/francoska-kulinarika-sampanjec-ostrige-in-sexy-house\/\" \/>\n<meta property=\"og:site_name\" content=\"Gastrofuzija\" \/>\n<meta property=\"article:modified_time\" content=\"2026-04-21T08:07:47+00:00\" \/>\n<meta property=\"og:image\" content=\"https:\/\/www.gastrofuzija.si\/wp-content\/uploads\/2024\/03\/oyster-tecaj-francoske-kuhinje-scaled.jpg\" \/>\n\t<meta property=\"og:image:width\" content=\"2560\" \/>\n\t<meta property=\"og:image:height\" content=\"2560\" \/>\n\t<meta property=\"og:image:type\" content=\"image\/jpeg\" \/>\n<meta name=\"twitter:card\" content=\"summary_large_image\" \/>\n<meta name=\"twitter:label1\" content=\"Est. reading time\" \/>\n\t<meta name=\"twitter:data1\" content=\"1 minute\" \/>\n<script type=\"application\/ld+json\" class=\"yoast-schema-graph\">{\"@context\":\"https:\/\/schema.org\",\"@graph\":[{\"@type\":\"WebPage\",\"@id\":\"https:\/\/www.gastrofuzija.si\/izdelek\/francoska-kulinarika-sampanjec-ostrige-in-sexy-house\/\",\"url\":\"https:\/\/www.gastrofuzija.si\/izdelek\/francoska-kulinarika-sampanjec-ostrige-in-sexy-house\/\",\"name\":\"VE\u010cER FRANCOSKE KULINARIKE, \u0160AMPANJCA IN OSTRIG - Gastrofuzija\",\"isPartOf\":{\"@id\":\"https:\/\/www.gastrofuzija.si\/#website\"},\"primaryImageOfPage\":{\"@id\":\"https:\/\/www.gastrofuzija.si\/izdelek\/francoska-kulinarika-sampanjec-ostrige-in-sexy-house\/#primaryimage\"},\"image\":{\"@id\":\"https:\/\/www.gastrofuzija.si\/izdelek\/francoska-kulinarika-sampanjec-ostrige-in-sexy-house\/#primaryimage\"},\"thumbnailUrl\":\"https:\/\/www.gastrofuzija.si\/wp-content\/uploads\/2024\/02\/julien-sarazin-n3mK4n_nF7g-unsplash-scaled-e1711630827869.jpg\",\"datePublished\":\"2024-03-28T12:58:26+00:00\",\"dateModified\":\"2026-04-21T08:07:47+00:00\",\"description\":\"Na delavnici francoske kulinarike se boste preizkusili v pripravi klasi\u010dnih francoskih jedi. Delavnico bo vodila priznana chefinja Ur\u0161ka Dolin\u0161ek.\",\"breadcrumb\":{\"@id\":\"https:\/\/www.gastrofuzija.si\/izdelek\/francoska-kulinarika-sampanjec-ostrige-in-sexy-house\/#breadcrumb\"},\"inLanguage\":\"en-US\",\"potentialAction\":[{\"@type\":\"ReadAction\",\"target\":[\"https:\/\/www.gastrofuzija.si\/izdelek\/francoska-kulinarika-sampanjec-ostrige-in-sexy-house\/\"]}]},{\"@type\":\"ImageObject\",\"inLanguage\":\"en-US\",\"@id\":\"https:\/\/www.gastrofuzija.si\/izdelek\/francoska-kulinarika-sampanjec-ostrige-in-sexy-house\/#primaryimage\",\"url\":\"https:\/\/www.gastrofuzija.si\/wp-content\/uploads\/2024\/02\/julien-sarazin-n3mK4n_nF7g-unsplash-scaled-e1711630827869.jpg\",\"contentUrl\":\"https:\/\/www.gastrofuzija.si\/wp-content\/uploads\/2024\/02\/julien-sarazin-n3mK4n_nF7g-unsplash-scaled-e1711630827869.jpg\",\"width\":1352,\"height\":1284,\"caption\":\"fine dining delavnica\"},{\"@type\":\"BreadcrumbList\",\"@id\":\"https:\/\/www.gastrofuzija.si\/izdelek\/francoska-kulinarika-sampanjec-ostrige-in-sexy-house\/#breadcrumb\",\"itemListElement\":[{\"@type\":\"ListItem\",\"position\":1,\"name\":\"Home\",\"item\":\"https:\/\/www.gastrofuzija.si\/\"},{\"@type\":\"ListItem\",\"position\":2,\"name\":\"Spletna trgovina: Kuhaj kot chef\",\"item\":\"https:\/\/www.gastrofuzija.si\/kuhaj-kot-chef\/\"},{\"@type\":\"ListItem\",\"position\":3,\"name\":\"VE\u010cER FRANCOSKE KULINARIKE, \u0160AMPANJCA IN OSTRIG\"}]},{\"@type\":\"WebSite\",\"@id\":\"https:\/\/www.gastrofuzija.si\/#website\",\"url\":\"https:\/\/www.gastrofuzija.si\/\",\"name\":\"Gastrofuzija\",\"description\":\"USTVARJAMO VRHUNSKE KULINARI\u010cNE DOGODKE IN TEAM BUILDING AKTIVNOSTI!\",\"potentialAction\":[{\"@type\":\"SearchAction\",\"target\":{\"@type\":\"EntryPoint\",\"urlTemplate\":\"https:\/\/www.gastrofuzija.si\/?s={search_term_string}\"},\"query-input\":{\"@type\":\"PropertyValueSpecification\",\"valueRequired\":true,\"valueName\":\"search_term_string\"}}],\"inLanguage\":\"en-US\"}]}<\/script>\n<!-- \/ Yoast SEO plugin. -->","yoast_head_json":{"title":"VE\u010cER FRANCOSKE KULINARIKE, \u0160AMPANJCA IN OSTRIG - Gastrofuzija","description":"Na delavnici francoske kulinarike se boste preizkusili v pripravi klasi\u010dnih francoskih jedi. Delavnico bo vodila priznana chefinja Ur\u0161ka Dolin\u0161ek.","robots":{"index":"index","follow":"follow","max-snippet":"max-snippet:-1","max-image-preview":"max-image-preview:large","max-video-preview":"max-video-preview:-1"},"canonical":"https:\/\/www.gastrofuzija.si\/en\/product\/francoska-kulinarika-sampanjec-ostrige-in-sexy-house\/","og_locale":"en_US","og_type":"article","og_title":"VE\u010cER FRANCOSKE KULINARIKE, \u0160AMPANJCA IN OSTRIG - Gastrofuzija","og_description":"Na delavnici francoske kulinarike se boste preizkusili v pripravi klasi\u010dnih francoskih jedi. Delavnico bo vodila priznana chefinja Ur\u0161ka Dolin\u0161ek.","og_url":"https:\/\/www.gastrofuzija.si\/en\/product\/francoska-kulinarika-sampanjec-ostrige-in-sexy-house\/","og_site_name":"Gastrofuzija","article_modified_time":"2026-04-21T08:07:47+00:00","og_image":[{"width":2560,"height":2560,"url":"https:\/\/www.gastrofuzija.si\/wp-content\/uploads\/2024\/03\/oyster-tecaj-francoske-kuhinje-scaled.jpg","type":"image\/jpeg"}],"twitter_card":"summary_large_image","twitter_misc":{"Est. reading time":"1 minute"},"schema":{"@context":"https:\/\/schema.org","@graph":[{"@type":"WebPage","@id":"https:\/\/www.gastrofuzija.si\/izdelek\/francoska-kulinarika-sampanjec-ostrige-in-sexy-house\/","url":"https:\/\/www.gastrofuzija.si\/izdelek\/francoska-kulinarika-sampanjec-ostrige-in-sexy-house\/","name":"VE\u010cER FRANCOSKE KULINARIKE, \u0160AMPANJCA IN OSTRIG - Gastrofuzija","isPartOf":{"@id":"https:\/\/www.gastrofuzija.si\/#website"},"primaryImageOfPage":{"@id":"https:\/\/www.gastrofuzija.si\/izdelek\/francoska-kulinarika-sampanjec-ostrige-in-sexy-house\/#primaryimage"},"image":{"@id":"https:\/\/www.gastrofuzija.si\/izdelek\/francoska-kulinarika-sampanjec-ostrige-in-sexy-house\/#primaryimage"},"thumbnailUrl":"https:\/\/www.gastrofuzija.si\/wp-content\/uploads\/2024\/02\/julien-sarazin-n3mK4n_nF7g-unsplash-scaled-e1711630827869.jpg","datePublished":"2024-03-28T12:58:26+00:00","dateModified":"2026-04-21T08:07:47+00:00","description":"Na delavnici francoske kulinarike se boste preizkusili v pripravi klasi\u010dnih francoskih jedi. Delavnico bo vodila priznana chefinja Ur\u0161ka Dolin\u0161ek.","breadcrumb":{"@id":"https:\/\/www.gastrofuzija.si\/izdelek\/francoska-kulinarika-sampanjec-ostrige-in-sexy-house\/#breadcrumb"},"inLanguage":"en-US","potentialAction":[{"@type":"ReadAction","target":["https:\/\/www.gastrofuzija.si\/izdelek\/francoska-kulinarika-sampanjec-ostrige-in-sexy-house\/"]}]},{"@type":"ImageObject","inLanguage":"en-US","@id":"https:\/\/www.gastrofuzija.si\/izdelek\/francoska-kulinarika-sampanjec-ostrige-in-sexy-house\/#primaryimage","url":"https:\/\/www.gastrofuzija.si\/wp-content\/uploads\/2024\/02\/julien-sarazin-n3mK4n_nF7g-unsplash-scaled-e1711630827869.jpg","contentUrl":"https:\/\/www.gastrofuzija.si\/wp-content\/uploads\/2024\/02\/julien-sarazin-n3mK4n_nF7g-unsplash-scaled-e1711630827869.jpg","width":1352,"height":1284,"caption":"fine dining delavnica"},{"@type":"BreadcrumbList","@id":"https:\/\/www.gastrofuzija.si\/izdelek\/francoska-kulinarika-sampanjec-ostrige-in-sexy-house\/#breadcrumb","itemListElement":[{"@type":"ListItem","position":1,"name":"Home","item":"https:\/\/www.gastrofuzija.si\/"},{"@type":"ListItem","position":2,"name":"Spletna trgovina: Kuhaj kot chef","item":"https:\/\/www.gastrofuzija.si\/kuhaj-kot-chef\/"},{"@type":"ListItem","position":3,"name":"VE\u010cER FRANCOSKE KULINARIKE, \u0160AMPANJCA IN OSTRIG"}]},{"@type":"WebSite","@id":"https:\/\/www.gastrofuzija.si\/#website","url":"https:\/\/www.gastrofuzija.si\/","name":"Gastrofuzija","description":"USTVARJAMO VRHUNSKE KULINARI\u010cNE DOGODKE IN TEAM BUILDING AKTIVNOSTI!","potentialAction":[{"@type":"SearchAction","target":{"@type":"EntryPoint","urlTemplate":"https:\/\/www.gastrofuzija.si\/?s={search_term_string}"},"query-input":{"@type":"PropertyValueSpecification","valueRequired":true,"valueName":"search_term_string"}}],"inLanguage":"en-US"}]}},"_links":{"self":[{"href":"https:\/\/www.gastrofuzija.si\/en\/wp-json\/wp\/v2\/product\/9445","targetHints":{"allow":["GET"]}}],"collection":[{"href":"https:\/\/www.gastrofuzija.si\/en\/wp-json\/wp\/v2\/product"}],"about":[{"href":"https:\/\/www.gastrofuzija.si\/en\/wp-json\/wp\/v2\/types\/product"}],"replies":[{"embeddable":true,"href":"https:\/\/www.gastrofuzija.si\/en\/wp-json\/wp\/v2\/comments?post=9445"}],"wp:featuredmedia":[{"embeddable":true,"href":"https:\/\/www.gastrofuzija.si\/en\/wp-json\/wp\/v2\/media\/9392"}],"wp:attachment":[{"href":"https:\/\/www.gastrofuzija.si\/en\/wp-json\/wp\/v2\/media?parent=9445"}],"wp:term":[{"taxonomy":"product_brand","embeddable":true,"href":"https:\/\/www.gastrofuzija.si\/en\/wp-json\/wp\/v2\/product_brand?post=9445"},{"taxonomy":"product_cat","embeddable":true,"href":"https:\/\/www.gastrofuzija.si\/en\/wp-json\/wp\/v2\/product_cat?post=9445"},{"taxonomy":"product_tag","embeddable":true,"href":"https:\/\/www.gastrofuzija.si\/en\/wp-json\/wp\/v2\/product_tag?post=9445"}],"curies":[{"name":"wp","href":"https:\/\/api.w.org\/{rel}","templated":true}]}}