{"id":9036,"date":"2023-12-14T13:47:44","date_gmt":"2023-12-14T12:47:44","guid":{"rendered":"https:\/\/www.gastrofuzija.si\/?post_type=product&#038;p=9036"},"modified":"2026-03-28T16:21:55","modified_gmt":"2026-03-28T15:21:55","slug":"darilna-skatlica-z-emo-lonckom-in-bonom-za-kulinaricni-tecaj-v-zivo-rdeca","status":"publish","type":"product","link":"https:\/\/www.gastrofuzija.si\/en\/product\/darilna-skatlica-z-emo-lonckom-in-bonom-za-kulinaricni-tecaj-v-zivo-rdeca\/","title":{"rendered":"Darilna \u0161katlica z EMO lon\u010dkom in bonom za kulinari\u010dni te\u010daj v \u017eivo (rde\u010da)"},"content":{"rendered":"<div class=\"fusion-video fusion-selfhosted-video fusion-aligncenter\" style=\"margin-top:15px;margin-bottom:15px;max-width:80%;\"><div class=\"video-wrapper\"><video playsinline=\"true\" width=\"100%\" style=\"object-fit: cover;\" autoplay=\"true\" muted=\"true\" loop=\"true\" preload=\"auto\" controls=\"1\"><source src=\"https:\/\/www.gastrofuzija.si\/wp-content\/uploads\/2021\/03\/zabava.mp4\" type=\"video\/mp4\">Sorry, your browser doesn&#039;t support embedded videos.<\/video><\/div><\/div>\n<p class=\"translation-block\">The gift box for a cooking class is the perfect solution for special occasions when you want to give something  <strong>truly exceptional to your loved ones. <\/strong> The gift box with <strong>the cute mug, and a gift certificate <\/strong> can be redeemed for the cooking class<strong><span style=\"color: #85000e\"> <a style=\"color: #85000e\" href=\"https:\/\/www.gastrofuzija.si\/en\/kuhaj-kot-chef\/\" target=\"_self\"><span style=\"text-decoration: underline\">Kuhaj kot chef<\/span><\/a><\/span> or in our online store. The package postage is already included in the price.<\/strong><\/p>\n<p><strong>The perfect gift for a true chef!<\/strong><\/p>","protected":false},"excerpt":{"rendered":"<p><strong><span style=\"color: #85000e;\">Contents of the gift box:<\/span> <\/strong>Gift certificate for any Kuhaj kot chef cooking courses &amp; Slovenian EMO mug (0.37l)<\/p>\n<p><strong><span style=\"color: #85000e;\">Value:<\/span> <\/strong>The value of the gift certificate is for<strong> the entire cooking course.<\/strong><\/p>\n<p class=\"translation-block\"><strong><span style=\"color: #85000e\">Options of use:<\/span> <\/strong>Participation in any <span style=\"text-decoration: underline\"><strong><a href=\"https:\/\/www.gastrofuzija.si\/en\/kuharski-tecaji\/\" target=\"_self\">Kuhaj kot chef cooking course<\/a><\/strong><\/span>\u00a0or for any purchases in our <strong><a href=\"https:\/\/www.gastrofuzija.si\/en\/kuhaj-kot-chef\/\" target=\"_self\"><span style=\"text-decoration: underline\"> online store.<\/span><\/a><span style=\"text-decoration: underline;color: #85000e\"><\/span><span style=\"color: #85000e\"><\/span><\/strong><\/p>\n<p><span style=\"color: #85000e;\"><strong>Type:<\/strong> <\/span>physical package<\/p>\n<p><strong><span style=\"color: #85000e;\">Validity:<\/span> <\/strong>The gift certificate is valid for <strong>5 years.<\/strong><\/p>\n<p><span style=\"color: #85000e;\"><strong>Location of cooking courses:<\/strong><\/span> Kulinari\u010dni center Gastrofuzija, Kajuhova ulica 32 R, 1000 Ljubljana, BTC cona<\/p>","protected":false},"featured_media":14083,"comment_status":"closed","ping_status":"closed","template":"","meta":[],"product_brand":[],"product_cat":[98,89],"product_tag":[100,173,102,189,187,191,140,30,113,101],"class_list":{"0":"post-9036","1":"product","2":"type-product","3":"status-publish","4":"has-post-thumbnail","6":"product_cat-darilni-boni","7":"product_cat-kuharski-tecaji-seznam","8":"product_tag-darilni-boni","9":"product_tag-darilni-paket-v-fizicni-obliki","10":"product_tag-darilo","11":"product_tag-darilo-za-gurmanske-navdusence","12":"product_tag-darilo-za-partnerja","13":"product_tag-darilo-za-posebne-priloznosti","14":"product_tag-kuhaj-kot-chef","15":"product_tag-kuharski-tecaj","16":"product_tag-kulinaricni-tecaj","17":"product_tag-vrednostni-darilni-bon","19":"first","20":"instock","21":"taxable","22":"shipping-taxable","23":"purchasable","24":"product-type-simple"},"yoast_head":"<!-- This site is optimized with the Yoast SEO plugin v26.8 - https:\/\/yoast.com\/product\/yoast-seo-wordpress\/ -->\n<title>Darilna \u0161katlica z EMO lon\u010dkom in bonom za kulinari\u010dni te\u010daj v \u017eivo (rde\u010da) - Gastrofuzija<\/title>\n<meta name=\"description\" content=\"Darilni paket v fizi\u010dni obliki lahko koristite za poljubni kuharski te\u010daj v trgovini Kuhaj kot chef. Kuharski darilni paket v fizi\u010dni obliki\" \/>\n<meta name=\"robots\" content=\"index, follow, max-snippet:-1, max-image-preview:large, max-video-preview:-1\" \/>\n<link rel=\"canonical\" href=\"https:\/\/www.gastrofuzija.si\/en\/product\/darilna-skatlica-z-emo-lonckom-in-bonom-za-kulinaricni-tecaj-v-zivo-rdeca\/\" \/>\n<meta property=\"og:locale\" content=\"en_US\" \/>\n<meta property=\"og:type\" content=\"article\" \/>\n<meta property=\"og:title\" content=\"Darilna \u0161katlica z EMO lon\u010dkom in bonom za kulinari\u010dni te\u010daj v \u017eivo (rde\u010da) - Gastrofuzija\" \/>\n<meta property=\"og:description\" content=\"Darilni paket v fizi\u010dni obliki lahko koristite za poljubni kuharski te\u010daj v trgovini Kuhaj kot chef. Kuharski darilni paket v fizi\u010dni obliki\" \/>\n<meta property=\"og:url\" content=\"https:\/\/www.gastrofuzija.si\/en\/product\/darilna-skatlica-z-emo-lonckom-in-bonom-za-kulinaricni-tecaj-v-zivo-rdeca\/\" \/>\n<meta property=\"og:site_name\" content=\"Gastrofuzija\" \/>\n<meta property=\"article:modified_time\" content=\"2026-03-28T15:21:55+00:00\" \/>\n<meta property=\"og:image\" content=\"https:\/\/www.gastrofuzija.si\/wp-content\/uploads\/2023\/12\/5.jpg\" \/>\n\t<meta property=\"og:image:width\" content=\"800\" \/>\n\t<meta property=\"og:image:height\" content=\"853\" \/>\n\t<meta property=\"og:image:type\" content=\"image\/jpeg\" \/>\n<meta name=\"twitter:card\" content=\"summary_large_image\" \/>\n<meta name=\"twitter:label1\" content=\"Est. reading time\" \/>\n\t<meta name=\"twitter:data1\" content=\"1 minute\" \/>\n<script type=\"application\/ld+json\" class=\"yoast-schema-graph\">{\"@context\":\"https:\/\/schema.org\",\"@graph\":[{\"@type\":\"WebPage\",\"@id\":\"https:\/\/www.gastrofuzija.si\/izdelek\/darilna-skatlica-z-emo-lonckom-in-bonom-za-kulinaricni-tecaj-v-zivo-rdeca\/\",\"url\":\"https:\/\/www.gastrofuzija.si\/izdelek\/darilna-skatlica-z-emo-lonckom-in-bonom-za-kulinaricni-tecaj-v-zivo-rdeca\/\",\"name\":\"Darilna \u0161katlica z EMO lon\u010dkom in bonom za kulinari\u010dni te\u010daj v \u017eivo (rde\u010da) - Gastrofuzija\",\"isPartOf\":{\"@id\":\"https:\/\/www.gastrofuzija.si\/#website\"},\"primaryImageOfPage\":{\"@id\":\"https:\/\/www.gastrofuzija.si\/izdelek\/darilna-skatlica-z-emo-lonckom-in-bonom-za-kulinaricni-tecaj-v-zivo-rdeca\/#primaryimage\"},\"image\":{\"@id\":\"https:\/\/www.gastrofuzija.si\/izdelek\/darilna-skatlica-z-emo-lonckom-in-bonom-za-kulinaricni-tecaj-v-zivo-rdeca\/#primaryimage\"},\"thumbnailUrl\":\"https:\/\/www.gastrofuzija.si\/wp-content\/uploads\/2023\/12\/5.jpg\",\"datePublished\":\"2023-12-14T12:47:44+00:00\",\"dateModified\":\"2026-03-28T15:21:55+00:00\",\"description\":\"Darilni paket v fizi\u010dni obliki lahko koristite za poljubni kuharski te\u010daj v trgovini Kuhaj kot chef. Kuharski darilni paket v fizi\u010dni obliki\",\"breadcrumb\":{\"@id\":\"https:\/\/www.gastrofuzija.si\/izdelek\/darilna-skatlica-z-emo-lonckom-in-bonom-za-kulinaricni-tecaj-v-zivo-rdeca\/#breadcrumb\"},\"inLanguage\":\"en-US\",\"potentialAction\":[{\"@type\":\"ReadAction\",\"target\":[\"https:\/\/www.gastrofuzija.si\/izdelek\/darilna-skatlica-z-emo-lonckom-in-bonom-za-kulinaricni-tecaj-v-zivo-rdeca\/\"]}]},{\"@type\":\"ImageObject\",\"inLanguage\":\"en-US\",\"@id\":\"https:\/\/www.gastrofuzija.si\/izdelek\/darilna-skatlica-z-emo-lonckom-in-bonom-za-kulinaricni-tecaj-v-zivo-rdeca\/#primaryimage\",\"url\":\"https:\/\/www.gastrofuzija.si\/wp-content\/uploads\/2023\/12\/5.jpg\",\"contentUrl\":\"https:\/\/www.gastrofuzija.si\/wp-content\/uploads\/2023\/12\/5.jpg\",\"width\":800,\"height\":853},{\"@type\":\"BreadcrumbList\",\"@id\":\"https:\/\/www.gastrofuzija.si\/izdelek\/darilna-skatlica-z-emo-lonckom-in-bonom-za-kulinaricni-tecaj-v-zivo-rdeca\/#breadcrumb\",\"itemListElement\":[{\"@type\":\"ListItem\",\"position\":1,\"name\":\"Home\",\"item\":\"https:\/\/www.gastrofuzija.si\/\"},{\"@type\":\"ListItem\",\"position\":2,\"name\":\"Spletna trgovina: Kuhaj kot chef\",\"item\":\"https:\/\/www.gastrofuzija.si\/kuhaj-kot-chef\/\"},{\"@type\":\"ListItem\",\"position\":3,\"name\":\"Darilna \u0161katlica z EMO lon\u010dkom in bonom za kulinari\u010dni te\u010daj v \u017eivo (rde\u010da)\"}]},{\"@type\":\"WebSite\",\"@id\":\"https:\/\/www.gastrofuzija.si\/#website\",\"url\":\"https:\/\/www.gastrofuzija.si\/\",\"name\":\"Gastrofuzija\",\"description\":\"USTVARJAMO VRHUNSKE KULINARI\u010cNE DOGODKE IN TEAM BUILDING AKTIVNOSTI!\",\"potentialAction\":[{\"@type\":\"SearchAction\",\"target\":{\"@type\":\"EntryPoint\",\"urlTemplate\":\"https:\/\/www.gastrofuzija.si\/?s={search_term_string}\"},\"query-input\":{\"@type\":\"PropertyValueSpecification\",\"valueRequired\":true,\"valueName\":\"search_term_string\"}}],\"inLanguage\":\"en-US\"}]}<\/script>\n<!-- \/ Yoast SEO plugin. -->","yoast_head_json":{"title":"Darilna \u0161katlica z EMO lon\u010dkom in bonom za kulinari\u010dni te\u010daj v \u017eivo (rde\u010da) - Gastrofuzija","description":"Darilni paket v fizi\u010dni obliki lahko koristite za poljubni kuharski te\u010daj v trgovini Kuhaj kot chef. Kuharski darilni paket v fizi\u010dni obliki","robots":{"index":"index","follow":"follow","max-snippet":"max-snippet:-1","max-image-preview":"max-image-preview:large","max-video-preview":"max-video-preview:-1"},"canonical":"https:\/\/www.gastrofuzija.si\/en\/product\/darilna-skatlica-z-emo-lonckom-in-bonom-za-kulinaricni-tecaj-v-zivo-rdeca\/","og_locale":"en_US","og_type":"article","og_title":"Darilna \u0161katlica z EMO lon\u010dkom in bonom za kulinari\u010dni te\u010daj v \u017eivo (rde\u010da) - Gastrofuzija","og_description":"Darilni paket v fizi\u010dni obliki lahko koristite za poljubni kuharski te\u010daj v trgovini Kuhaj kot chef. Kuharski darilni paket v fizi\u010dni obliki","og_url":"https:\/\/www.gastrofuzija.si\/en\/product\/darilna-skatlica-z-emo-lonckom-in-bonom-za-kulinaricni-tecaj-v-zivo-rdeca\/","og_site_name":"Gastrofuzija","article_modified_time":"2026-03-28T15:21:55+00:00","og_image":[{"width":800,"height":853,"url":"https:\/\/www.gastrofuzija.si\/wp-content\/uploads\/2023\/12\/5.jpg","type":"image\/jpeg"}],"twitter_card":"summary_large_image","twitter_misc":{"Est. reading time":"1 minute"},"schema":{"@context":"https:\/\/schema.org","@graph":[{"@type":"WebPage","@id":"https:\/\/www.gastrofuzija.si\/izdelek\/darilna-skatlica-z-emo-lonckom-in-bonom-za-kulinaricni-tecaj-v-zivo-rdeca\/","url":"https:\/\/www.gastrofuzija.si\/izdelek\/darilna-skatlica-z-emo-lonckom-in-bonom-za-kulinaricni-tecaj-v-zivo-rdeca\/","name":"Darilna \u0161katlica z EMO lon\u010dkom in bonom za kulinari\u010dni te\u010daj v \u017eivo (rde\u010da) - Gastrofuzija","isPartOf":{"@id":"https:\/\/www.gastrofuzija.si\/#website"},"primaryImageOfPage":{"@id":"https:\/\/www.gastrofuzija.si\/izdelek\/darilna-skatlica-z-emo-lonckom-in-bonom-za-kulinaricni-tecaj-v-zivo-rdeca\/#primaryimage"},"image":{"@id":"https:\/\/www.gastrofuzija.si\/izdelek\/darilna-skatlica-z-emo-lonckom-in-bonom-za-kulinaricni-tecaj-v-zivo-rdeca\/#primaryimage"},"thumbnailUrl":"https:\/\/www.gastrofuzija.si\/wp-content\/uploads\/2023\/12\/5.jpg","datePublished":"2023-12-14T12:47:44+00:00","dateModified":"2026-03-28T15:21:55+00:00","description":"Darilni paket v fizi\u010dni obliki lahko koristite za poljubni kuharski te\u010daj v trgovini Kuhaj kot chef. Kuharski darilni paket v fizi\u010dni obliki","breadcrumb":{"@id":"https:\/\/www.gastrofuzija.si\/izdelek\/darilna-skatlica-z-emo-lonckom-in-bonom-za-kulinaricni-tecaj-v-zivo-rdeca\/#breadcrumb"},"inLanguage":"en-US","potentialAction":[{"@type":"ReadAction","target":["https:\/\/www.gastrofuzija.si\/izdelek\/darilna-skatlica-z-emo-lonckom-in-bonom-za-kulinaricni-tecaj-v-zivo-rdeca\/"]}]},{"@type":"ImageObject","inLanguage":"en-US","@id":"https:\/\/www.gastrofuzija.si\/izdelek\/darilna-skatlica-z-emo-lonckom-in-bonom-za-kulinaricni-tecaj-v-zivo-rdeca\/#primaryimage","url":"https:\/\/www.gastrofuzija.si\/wp-content\/uploads\/2023\/12\/5.jpg","contentUrl":"https:\/\/www.gastrofuzija.si\/wp-content\/uploads\/2023\/12\/5.jpg","width":800,"height":853},{"@type":"BreadcrumbList","@id":"https:\/\/www.gastrofuzija.si\/izdelek\/darilna-skatlica-z-emo-lonckom-in-bonom-za-kulinaricni-tecaj-v-zivo-rdeca\/#breadcrumb","itemListElement":[{"@type":"ListItem","position":1,"name":"Home","item":"https:\/\/www.gastrofuzija.si\/"},{"@type":"ListItem","position":2,"name":"Spletna trgovina: Kuhaj kot chef","item":"https:\/\/www.gastrofuzija.si\/kuhaj-kot-chef\/"},{"@type":"ListItem","position":3,"name":"Darilna \u0161katlica z EMO lon\u010dkom in bonom za kulinari\u010dni te\u010daj v \u017eivo (rde\u010da)"}]},{"@type":"WebSite","@id":"https:\/\/www.gastrofuzija.si\/#website","url":"https:\/\/www.gastrofuzija.si\/","name":"Gastrofuzija","description":"USTVARJAMO VRHUNSKE KULINARI\u010cNE DOGODKE IN TEAM BUILDING AKTIVNOSTI!","potentialAction":[{"@type":"SearchAction","target":{"@type":"EntryPoint","urlTemplate":"https:\/\/www.gastrofuzija.si\/?s={search_term_string}"},"query-input":{"@type":"PropertyValueSpecification","valueRequired":true,"valueName":"search_term_string"}}],"inLanguage":"en-US"}]}},"_links":{"self":[{"href":"https:\/\/www.gastrofuzija.si\/en\/wp-json\/wp\/v2\/product\/9036","targetHints":{"allow":["GET"]}}],"collection":[{"href":"https:\/\/www.gastrofuzija.si\/en\/wp-json\/wp\/v2\/product"}],"about":[{"href":"https:\/\/www.gastrofuzija.si\/en\/wp-json\/wp\/v2\/types\/product"}],"replies":[{"embeddable":true,"href":"https:\/\/www.gastrofuzija.si\/en\/wp-json\/wp\/v2\/comments?post=9036"}],"wp:featuredmedia":[{"embeddable":true,"href":"https:\/\/www.gastrofuzija.si\/en\/wp-json\/wp\/v2\/media\/14083"}],"wp:attachment":[{"href":"https:\/\/www.gastrofuzija.si\/en\/wp-json\/wp\/v2\/media?parent=9036"}],"wp:term":[{"taxonomy":"product_brand","embeddable":true,"href":"https:\/\/www.gastrofuzija.si\/en\/wp-json\/wp\/v2\/product_brand?post=9036"},{"taxonomy":"product_cat","embeddable":true,"href":"https:\/\/www.gastrofuzija.si\/en\/wp-json\/wp\/v2\/product_cat?post=9036"},{"taxonomy":"product_tag","embeddable":true,"href":"https:\/\/www.gastrofuzija.si\/en\/wp-json\/wp\/v2\/product_tag?post=9036"}],"curies":[{"name":"wp","href":"https:\/\/api.w.org\/{rel}","templated":true}]}}