{"id":8688,"date":"2023-09-21T10:38:04","date_gmt":"2023-09-21T08:38:04","guid":{"rendered":"https:\/\/www.gastrofuzija.si\/?post_type=product&#038;p=8688"},"modified":"2026-04-20T19:21:52","modified_gmt":"2026-04-20T17:21:52","slug":"tacosi-tortilje-in-salse","status":"publish","type":"product","link":"https:\/\/www.gastrofuzija.si\/en\/product\/tacosi-tortilje-in-salse\/","title":{"rendered":"Tacosi, tortilje in salse"},"content":{"rendered":"<div>\n<p><span style=\"color: #800000;\"><strong>Program:<\/strong><\/span><\/p>\n<p>Po kraj\u0161em uvodu in spoznavanju vas bo Kristjan Kitner zapeljal v svet tacosov &#8211; okusne mehi\u0161ke hrane. Na te\u010daju se boste u\u010dili pripraviti koruzne in p\u0161eni\u010dne tortilje, tri razli\u010dne tipe tacosov (mesni, ribji in vegi), razli\u010dne omake in topinge.<\/p>\n<\/div>\n<p>You can sign up as a group or individually - in both cases, a great atmosphere is guaranteed!<\/p>\n<p><span style=\"font-size: 10pt;\">Minimalna udele\u017eba na delavnicah je 4.<\/span><\/p>\n<p>&nbsp;<\/p>","protected":false},"excerpt":{"rendered":"<p style=\"text-align: left;\"><span style=\"color: #333333;\"><strong>Termin: <\/strong><\/span><\/p>\n<ul>\n<li><strong>ponedeljek, 11. 5. 2026 <\/strong><strong><span style=\"color: #333333;\">(17.00 &#8211; 21.00) &#8211; RAZPRODANO<\/span><\/strong><\/li>\n<li><strong>petek, 12. 6. 2026 <\/strong><strong><span style=\"color: #333333;\">(17.00 &#8211; 21.00)<\/span><\/strong><\/li>\n<\/ul>\n<p><span style=\"color: #c30017;\"><strong><span style=\"color: #5c0d0d;\"><span style=\"color: #800000;\">Zahtevnost:<\/span> \u2764\ufe0f\ufe0f\u2764\ufe0f\ufe0f<strong style=\"color: #c30017;\">\ud83e\udd0d<\/strong><\/span><\/strong><\/span><\/p>\n<p><span style=\"color: #800000;\"><strong>Izvajalec te\u010daja<\/strong>: <span style=\"color: #000000;\"><strong>Kristjan Kitner<\/strong><\/span><\/span><\/p>\n<p><span style=\"color: #5c0d0d;\"><span style=\"color: #800000;\"><strong>Kraj:<\/strong><\/span> <\/span><strong>Kulinari\u010dni center Gastrofuzija<\/strong> (Kajuhova ulica 32 R, 1000 Ljubljana, BTC cona)<\/p>\n<p><span style=\"color: #800000;\"><strong>Pripravljali bomo:<\/strong><\/span><\/p>\n<div>\n<div dir=\"auto\">\n<div>\n<ul>\n<li style=\"text-align: left;\"><strong>Tortilje<\/strong>: p\u0161eni\u010dne in koruzne<\/li>\n<li><strong>Tacos tinga<\/strong> &#8211; pi\u0161\u010danec<\/li>\n<li><strong>Tacos barbacoa<\/strong> &#8211; govedina<\/li>\n<li><strong>Tacos de pescado<\/strong> &#8211; kozice z ananasom<\/li>\n<li><strong>Tacos de frijoles fritos<\/strong> &#8211; pra\u017een fi\u017eol<\/li>\n<li><strong>Omake<\/strong>: Salsa habanera (zelo peko\u010de), Salsa roja (ne\u017eno peko\u010de), Guacamole, Salsa bianca<\/li>\n<li style=\"text-align: left;\"><strong>Topingi<\/strong>: Koriander, \u010cebula v kisu, Pico de gallo, Jalapeno \u010dili v kisu<\/li>\n<\/ul>\n<\/div>\n<p><strong>Osvojili boste:<\/strong><\/p>\n<\/div>\n<div>\n<p>Osnovne kuharske tehnike in postopke priprave jedi, spoznavanje mehi\u0161kih za\u010dimb in postopkov priprav jedi. Dodatni bonus nasvetov &#8211; kaj vse \u0161e lahko izpeljete in naredite iz pridobljenega znanja.<\/p>\n<\/div>\n<p><strong>V ceno kuharske delavnice je v\u0161tet predpasnik, za\u010detni prigrizek in vinska spremljava tekom ustvarjanja.<\/strong><\/p>\n<\/div>\n<p>[fusion_button link=\"https:\/\/www.gastrofuzija.si\/izdelek\/darilni-bon-za-kuharski-tecaj\/\" text_transform=\"\" title=\"\" target=\"_blank\" link_attributes=\"\" alignment_medium=\"\" alignment_small=\"\" alignment=\"\" modal=\"\" hide_on_mobile=\"small-visibility,medium-visibility,large-visibility\" sticky_display=\"normal,sticky\" class=\"\" id=\"\" color=\"default\" button_gradient_top_color=\"\" button_gradient_bottom_color=\"\" button_gradient_top_color_hover=\"\" button_gradient_bottom_color_hover=\"\" accent_color=\"\" accent_hover_color=\"\" type=\"\" bevel_color=\"\" border_width=\"\" border_radius=\"\" border_color=\"\" border_hover_color=\"\" size=\"\" stretch=\"default\" margin_top=\"\" margin_right=\"\" margin_bottom=\"\" margin_left=\"\" icon=\"\" icon_position=\"left\" icon_divider=\"no\" animation_type=\"\" animation_direction=\"left\" animation_speed=\"0.3\" animation_offset=\"\"]Podari z darilnim bonom[\/fusion_button][fusion_separator style_type=\"none\" hide_on_mobile=\"small-visibility,medium-visibility,large-visibility\" sticky_display=\"normal,sticky\" class=\"\" id=\"\" flex_grow=\"0\" top_margin=\"4px\" bottom_margin=\"\" width=\"\" alignment=\"center\" border_size=\"\" sep_color=\"\" icon=\"\" icon_size=\"\" icon_color=\"\" icon_circle=\"\" icon_circle_color=\"\"][\/fusion_separator]<\/p>\n","protected":false},"featured_media":13297,"comment_status":"closed","ping_status":"closed","template":"","meta":[],"product_brand":[],"product_cat":[89],"product_tag":[93,140,137,30,139,368,369,367,138],"class_list":{"0":"post-8688","1":"product","2":"type-product","3":"status-publish","4":"has-post-thumbnail","6":"product_cat-kuharski-tecaji-seznam","7":"product_tag-cooking-course","8":"product_tag-kuhaj-kot-chef","9":"product_tag-kuharske-delavnice","10":"product_tag-kuharski-tecaj","11":"product_tag-kuharski-tecaji","12":"product_tag-taco","13":"product_tag-tacomania","14":"product_tag-tacos","15":"product_tag-tecaj-kuhanja","17":"first","18":"instock","19":"taxable","20":"shipping-taxable","21":"purchasable","22":"product-type-variable"},"yoast_head":"<!-- This site is optimized with the Yoast SEO plugin v26.8 - https:\/\/yoast.com\/product\/yoast-seo-wordpress\/ -->\n<title>Tacosi, tortilje in salse - Gastrofuzija<\/title>\n<meta name=\"description\" content=\"Mehi\u0161ke jedi, kot so tacosi in tortilje s slastnimi salsami se boste nau\u010dili pripraviti na kuharskem te\u010daju Tacosi, tortilje in salse.\" \/>\n<meta name=\"robots\" content=\"index, follow, max-snippet:-1, max-image-preview:large, max-video-preview:-1\" \/>\n<link rel=\"canonical\" href=\"https:\/\/www.gastrofuzija.si\/en\/product\/tacosi-tortilje-in-salse\/\" \/>\n<meta property=\"og:locale\" content=\"en_US\" \/>\n<meta property=\"og:type\" content=\"article\" \/>\n<meta property=\"og:title\" content=\"Tacosi, tortilje in salse - Gastrofuzija\" \/>\n<meta property=\"og:description\" content=\"Mehi\u0161ke jedi, kot so tacosi in tortilje s slastnimi salsami se boste nau\u010dili pripraviti na kuharskem te\u010daju Tacosi, tortilje in salse.\" \/>\n<meta property=\"og:url\" content=\"https:\/\/www.gastrofuzija.si\/en\/product\/tacosi-tortilje-in-salse\/\" \/>\n<meta property=\"og:site_name\" content=\"Gastrofuzija\" \/>\n<meta property=\"article:modified_time\" content=\"2026-04-20T17:21:52+00:00\" \/>\n<meta property=\"og:image\" content=\"https:\/\/www.gastrofuzija.si\/wp-content\/uploads\/2023\/09\/19.png\" \/>\n\t<meta property=\"og:image:width\" content=\"1013\" \/>\n\t<meta property=\"og:image:height\" content=\"1024\" \/>\n\t<meta property=\"og:image:type\" content=\"image\/png\" \/>\n<meta name=\"twitter:card\" content=\"summary_large_image\" \/>\n<meta name=\"twitter:label1\" content=\"Est. reading time\" \/>\n\t<meta name=\"twitter:data1\" content=\"1 minute\" \/>\n<script type=\"application\/ld+json\" class=\"yoast-schema-graph\">{\"@context\":\"https:\/\/schema.org\",\"@graph\":[{\"@type\":\"WebPage\",\"@id\":\"https:\/\/www.gastrofuzija.si\/izdelek\/tacosi-tortilje-in-salse\/\",\"url\":\"https:\/\/www.gastrofuzija.si\/izdelek\/tacosi-tortilje-in-salse\/\",\"name\":\"Tacosi, tortilje in salse - Gastrofuzija\",\"isPartOf\":{\"@id\":\"https:\/\/www.gastrofuzija.si\/#website\"},\"primaryImageOfPage\":{\"@id\":\"https:\/\/www.gastrofuzija.si\/izdelek\/tacosi-tortilje-in-salse\/#primaryimage\"},\"image\":{\"@id\":\"https:\/\/www.gastrofuzija.si\/izdelek\/tacosi-tortilje-in-salse\/#primaryimage\"},\"thumbnailUrl\":\"https:\/\/www.gastrofuzija.si\/wp-content\/uploads\/2023\/09\/19.png\",\"datePublished\":\"2023-09-21T08:38:04+00:00\",\"dateModified\":\"2026-04-20T17:21:52+00:00\",\"description\":\"Mehi\u0161ke jedi, kot so tacosi in tortilje s slastnimi salsami se boste nau\u010dili pripraviti na kuharskem te\u010daju Tacosi, tortilje in salse.\",\"breadcrumb\":{\"@id\":\"https:\/\/www.gastrofuzija.si\/izdelek\/tacosi-tortilje-in-salse\/#breadcrumb\"},\"inLanguage\":\"en-US\",\"potentialAction\":[{\"@type\":\"ReadAction\",\"target\":[\"https:\/\/www.gastrofuzija.si\/izdelek\/tacosi-tortilje-in-salse\/\"]}]},{\"@type\":\"ImageObject\",\"inLanguage\":\"en-US\",\"@id\":\"https:\/\/www.gastrofuzija.si\/izdelek\/tacosi-tortilje-in-salse\/#primaryimage\",\"url\":\"https:\/\/www.gastrofuzija.si\/wp-content\/uploads\/2023\/09\/19.png\",\"contentUrl\":\"https:\/\/www.gastrofuzija.si\/wp-content\/uploads\/2023\/09\/19.png\",\"width\":1321,\"height\":1335},{\"@type\":\"BreadcrumbList\",\"@id\":\"https:\/\/www.gastrofuzija.si\/izdelek\/tacosi-tortilje-in-salse\/#breadcrumb\",\"itemListElement\":[{\"@type\":\"ListItem\",\"position\":1,\"name\":\"Home\",\"item\":\"https:\/\/www.gastrofuzija.si\/\"},{\"@type\":\"ListItem\",\"position\":2,\"name\":\"Spletna trgovina: Kuhaj kot chef\",\"item\":\"https:\/\/www.gastrofuzija.si\/kuhaj-kot-chef\/\"},{\"@type\":\"ListItem\",\"position\":3,\"name\":\"Tacosi, tortilje in salse\"}]},{\"@type\":\"WebSite\",\"@id\":\"https:\/\/www.gastrofuzija.si\/#website\",\"url\":\"https:\/\/www.gastrofuzija.si\/\",\"name\":\"Gastrofuzija\",\"description\":\"USTVARJAMO VRHUNSKE KULINARI\u010cNE DOGODKE IN TEAM BUILDING AKTIVNOSTI!\",\"potentialAction\":[{\"@type\":\"SearchAction\",\"target\":{\"@type\":\"EntryPoint\",\"urlTemplate\":\"https:\/\/www.gastrofuzija.si\/?s={search_term_string}\"},\"query-input\":{\"@type\":\"PropertyValueSpecification\",\"valueRequired\":true,\"valueName\":\"search_term_string\"}}],\"inLanguage\":\"en-US\"}]}<\/script>\n<!-- \/ Yoast SEO plugin. -->","yoast_head_json":{"title":"Tacosi, tortilje in salse - Gastrofuzija","description":"Mehi\u0161ke jedi, kot so tacosi in tortilje s slastnimi salsami se boste nau\u010dili pripraviti na kuharskem te\u010daju Tacosi, tortilje in salse.","robots":{"index":"index","follow":"follow","max-snippet":"max-snippet:-1","max-image-preview":"max-image-preview:large","max-video-preview":"max-video-preview:-1"},"canonical":"https:\/\/www.gastrofuzija.si\/en\/product\/tacosi-tortilje-in-salse\/","og_locale":"en_US","og_type":"article","og_title":"Tacosi, tortilje in salse - Gastrofuzija","og_description":"Mehi\u0161ke jedi, kot so tacosi in tortilje s slastnimi salsami se boste nau\u010dili pripraviti na kuharskem te\u010daju Tacosi, tortilje in salse.","og_url":"https:\/\/www.gastrofuzija.si\/en\/product\/tacosi-tortilje-in-salse\/","og_site_name":"Gastrofuzija","article_modified_time":"2026-04-20T17:21:52+00:00","og_image":[{"url":"https:\/\/www.gastrofuzija.si\/wp-content\/uploads\/2023\/09\/19.png","width":1013,"height":1024,"type":"image\/png"}],"twitter_card":"summary_large_image","twitter_misc":{"Est. reading time":"1 minute"},"schema":{"@context":"https:\/\/schema.org","@graph":[{"@type":"WebPage","@id":"https:\/\/www.gastrofuzija.si\/izdelek\/tacosi-tortilje-in-salse\/","url":"https:\/\/www.gastrofuzija.si\/izdelek\/tacosi-tortilje-in-salse\/","name":"Tacosi, tortilje in salse - Gastrofuzija","isPartOf":{"@id":"https:\/\/www.gastrofuzija.si\/#website"},"primaryImageOfPage":{"@id":"https:\/\/www.gastrofuzija.si\/izdelek\/tacosi-tortilje-in-salse\/#primaryimage"},"image":{"@id":"https:\/\/www.gastrofuzija.si\/izdelek\/tacosi-tortilje-in-salse\/#primaryimage"},"thumbnailUrl":"https:\/\/www.gastrofuzija.si\/wp-content\/uploads\/2023\/09\/19.png","datePublished":"2023-09-21T08:38:04+00:00","dateModified":"2026-04-20T17:21:52+00:00","description":"Mehi\u0161ke jedi, kot so tacosi in tortilje s slastnimi salsami se boste nau\u010dili pripraviti na kuharskem te\u010daju Tacosi, tortilje in salse.","breadcrumb":{"@id":"https:\/\/www.gastrofuzija.si\/izdelek\/tacosi-tortilje-in-salse\/#breadcrumb"},"inLanguage":"en-US","potentialAction":[{"@type":"ReadAction","target":["https:\/\/www.gastrofuzija.si\/izdelek\/tacosi-tortilje-in-salse\/"]}]},{"@type":"ImageObject","inLanguage":"en-US","@id":"https:\/\/www.gastrofuzija.si\/izdelek\/tacosi-tortilje-in-salse\/#primaryimage","url":"https:\/\/www.gastrofuzija.si\/wp-content\/uploads\/2023\/09\/19.png","contentUrl":"https:\/\/www.gastrofuzija.si\/wp-content\/uploads\/2023\/09\/19.png","width":1321,"height":1335},{"@type":"BreadcrumbList","@id":"https:\/\/www.gastrofuzija.si\/izdelek\/tacosi-tortilje-in-salse\/#breadcrumb","itemListElement":[{"@type":"ListItem","position":1,"name":"Home","item":"https:\/\/www.gastrofuzija.si\/"},{"@type":"ListItem","position":2,"name":"Spletna trgovina: Kuhaj kot chef","item":"https:\/\/www.gastrofuzija.si\/kuhaj-kot-chef\/"},{"@type":"ListItem","position":3,"name":"Tacosi, tortilje in salse"}]},{"@type":"WebSite","@id":"https:\/\/www.gastrofuzija.si\/#website","url":"https:\/\/www.gastrofuzija.si\/","name":"Gastrofuzija","description":"USTVARJAMO VRHUNSKE KULINARI\u010cNE DOGODKE IN TEAM BUILDING AKTIVNOSTI!","potentialAction":[{"@type":"SearchAction","target":{"@type":"EntryPoint","urlTemplate":"https:\/\/www.gastrofuzija.si\/?s={search_term_string}"},"query-input":{"@type":"PropertyValueSpecification","valueRequired":true,"valueName":"search_term_string"}}],"inLanguage":"en-US"}]}},"_links":{"self":[{"href":"https:\/\/www.gastrofuzija.si\/en\/wp-json\/wp\/v2\/product\/8688","targetHints":{"allow":["GET"]}}],"collection":[{"href":"https:\/\/www.gastrofuzija.si\/en\/wp-json\/wp\/v2\/product"}],"about":[{"href":"https:\/\/www.gastrofuzija.si\/en\/wp-json\/wp\/v2\/types\/product"}],"replies":[{"embeddable":true,"href":"https:\/\/www.gastrofuzija.si\/en\/wp-json\/wp\/v2\/comments?post=8688"}],"wp:featuredmedia":[{"embeddable":true,"href":"https:\/\/www.gastrofuzija.si\/en\/wp-json\/wp\/v2\/media\/13297"}],"wp:attachment":[{"href":"https:\/\/www.gastrofuzija.si\/en\/wp-json\/wp\/v2\/media?parent=8688"}],"wp:term":[{"taxonomy":"product_brand","embeddable":true,"href":"https:\/\/www.gastrofuzija.si\/en\/wp-json\/wp\/v2\/product_brand?post=8688"},{"taxonomy":"product_cat","embeddable":true,"href":"https:\/\/www.gastrofuzija.si\/en\/wp-json\/wp\/v2\/product_cat?post=8688"},{"taxonomy":"product_tag","embeddable":true,"href":"https:\/\/www.gastrofuzija.si\/en\/wp-json\/wp\/v2\/product_tag?post=8688"}],"curies":[{"name":"wp","href":"https:\/\/api.w.org\/{rel}","templated":true}]}}