{"id":5244,"date":"2023-03-15T11:56:17","date_gmt":"2023-03-15T10:56:17","guid":{"rendered":"https:\/\/www.gastrofuzija.si\/?post_type=product&#038;p=5244"},"modified":"2026-04-21T10:48:12","modified_gmt":"2026-04-21T08:48:12","slug":"tajska-kuhinja","status":"publish","type":"product","link":"https:\/\/www.gastrofuzija.si\/en\/product\/tajska-kuhinja\/","title":{"rendered":"Tajska kuhinja"},"content":{"rendered":"<div>\n<p><span style=\"color: #800000;\"><strong>Program:<\/strong><\/span><\/p>\n<\/div>\n<p>Po kraj\u0161em uvodu in spoznavanju drug drugega, vam bo kuhar <strong>Kristjan Kitner<\/strong> podala nekaj informacij o <strong>priljubljeni Tajski kuhinji.<\/strong><strong>\u00a0<\/strong>After that, you will <strong>stand in pairs (or individually)<\/strong> postavili za \u0161tedilnike in pri\u010deli z ustvarjanjem tradicionalnih tajskih dobrot. Pri ustvarjanju jedi bomo uporabljali <strong>sve\u017ea zeli\u0161\u010da in za\u010dimbe, direktno iz Tajske.<\/strong><\/p>\n<p>All your creations, which you will not be able to eat during the course, you can take home and treat your loved ones with them.<\/p>\n<p>You can sign up as a group or individually - in both cases, a great atmosphere is guaranteed!<\/p>\n<p><span style=\"font-size: 10pt;\">The minimum number of perticipants is 4, maximum is 14.<\/span><\/p>\n<p><span style=\"color: #800000;\"><strong>O izvajalcih: <\/strong><span style=\"color: #333333;\">Kristjan Kitner je svoje znane o tajski hrani pridobival v priznanih azijskih restavracijah.\u00a0<\/span><\/span><\/p>","protected":false},"excerpt":{"rendered":"<p><strong><span style=\"color: #c30017;\"><span style=\"color: #5c0d0d;\"><span style=\"color: #800000;\">Termin:<\/span><\/span><\/span>\u00a0 <\/strong><\/p>\n<ul>\n<li><strong>ponedeljek, 4. 5. 2026 (17.00 &#8211; 21.00) &#8211; RAZPRODANO<\/strong><\/li>\n<li><strong>torek, 12. 5. 2026 (17.00 &#8211; 21.00) &#8211; RAZPRODANO<\/strong><\/li>\n<li><strong>sobota, 13. 6. 2026 (17.00 &#8211; 21.00)<br \/>\n<\/strong><\/li>\n<li><strong>torek, 23. 6. 2026 (17.00 &#8211; 21.00)<\/strong><\/li>\n<\/ul>\n<p><strong style=\"color: #c30017;\"><span style=\"color: #5c0d0d;\"><span style=\"color: #800000;\">Zahtevnost:<\/span> \u2764\ufe0f\ufe0f\u2764\ufe0f\ufe0f\u2764\ufe0f\ufe0f<\/span><\/strong><\/p>\n<p><span style=\"color: #800000;\"><strong>Izvajalec te\u010daja<\/strong>: <\/span><span style=\"color: #333333;\">Kristjan Kitner<\/span><\/p>\n<p><span style=\"color: #5c0d0d;\"><span style=\"color: #800000;\"><strong>Kraj:<\/strong><\/span> <\/span><strong>Kulinari\u010dni center Gastrofuzija<\/strong> (Kajuhova ulica 32 R, 1000 Ljubljana, BTC cona)<\/p>\n<p><span style=\"color: #800000;\"><strong>Kaj bomo pripravljali:<\/strong><\/span><\/p>\n<div>\n<div dir=\"auto\">\n<div>\n<ul>\n<li><strong>Pad thai<\/strong><\/li>\n<li><strong>Tom Yum<\/strong><\/li>\n<li><strong>Spring rolls<\/strong><\/li>\n<li><strong>Bua loy &#8211; ri\u017eeve kroglice v kokosovem mleku<\/strong><\/li>\n<\/ul>\n<\/div>\n<\/div>\n<p>Osvojili boste:<\/p>\n<ul>\n<li>osnovne kuharske tehnike in postopke priprave jedi<\/li>\n<li>spoznavanje <strong>tajskih za\u010dimb in zeli\u0161\u010d<\/strong><\/li>\n<li>&#8230; in \u0161e mnogo ve\u010d<\/li>\n<\/ul>\n<p><strong>V ceno kuharske delavnice je v\u0161tet predpasnik, za\u010detni prigrizek in vinska spremljava tekom ustvarjanja.<\/strong><\/p>\n<\/div>\n<p>[fusion_button link=\"https:\/\/www.gastrofuzija.si\/izdelek\/darilni-bon-za-kuharski-tecaj\/\" text_transform=\"\" title=\"\" target=\"_blank\" link_attributes=\"\" alignment_medium=\"\" alignment_small=\"\" alignment=\"\" modal=\"\" hide_on_mobile=\"small-visibility,medium-visibility,large-visibility\" sticky_display=\"normal,sticky\" class=\"\" id=\"\" color=\"default\" button_gradient_top_color=\"\" button_gradient_bottom_color=\"\" button_gradient_top_color_hover=\"\" button_gradient_bottom_color_hover=\"\" accent_color=\"\" accent_hover_color=\"\" type=\"\" bevel_color=\"\" border_width=\"\" border_radius=\"\" border_color=\"\" border_hover_color=\"\" size=\"\" stretch=\"default\" margin_top=\"\" margin_right=\"\" margin_bottom=\"\" margin_left=\"\" icon=\"\" icon_position=\"left\" icon_divider=\"no\" animation_type=\"\" animation_direction=\"left\" animation_speed=\"0.3\" animation_offset=\"\"]Podari z darilnim bonom[\/fusion_button][fusion_separator style_type=\"none\" hide_on_mobile=\"small-visibility,medium-visibility,large-visibility\" sticky_display=\"normal,sticky\" class=\"\" id=\"\" flex_grow=\"0\" top_margin=\"4px\" bottom_margin=\"\" width=\"\" alignment=\"center\" border_size=\"\" sep_color=\"\" icon=\"\" icon_size=\"\" icon_color=\"\" icon_circle=\"\" icon_circle_color=\"\"][\/fusion_separator]<\/p>\n","protected":false},"featured_media":5248,"comment_status":"closed","ping_status":"closed","template":"","meta":[],"product_brand":[],"product_cat":[89],"product_tag":[93,140,137,30,139,355,353,138,354],"class_list":{"0":"post-5244","1":"product","2":"type-product","3":"status-publish","4":"has-post-thumbnail","6":"product_cat-kuharski-tecaji-seznam","7":"product_tag-cooking-course","8":"product_tag-kuhaj-kot-chef","9":"product_tag-kuharske-delavnice","10":"product_tag-kuharski-tecaj","11":"product_tag-kuharski-tecaji","12":"product_tag-pad-thai","13":"product_tag-tajska-kuhinja","14":"product_tag-tecaj-kuhanja","15":"product_tag-thai-cuisine","17":"first","18":"instock","19":"taxable","20":"shipping-taxable","21":"purchasable","22":"product-type-variable"},"yoast_head":"<!-- This site is optimized with the Yoast SEO plugin v26.8 - https:\/\/yoast.com\/product\/yoast-seo-wordpress\/ -->\n<title>Tajska kuhinja - Gastrofuzija<\/title>\n<meta name=\"description\" content=\"Nau\u010dite se pripraviti tradicionalne tajske jedi na kuharskem te\u010daju Tajska kuhinja, kjer bomo uporabljali bomo sve\u017ea tajska zeli\u0161\u010da direktno iz Tajske.\" \/>\n<meta name=\"robots\" content=\"index, follow, max-snippet:-1, max-image-preview:large, max-video-preview:-1\" \/>\n<link rel=\"canonical\" href=\"https:\/\/www.gastrofuzija.si\/en\/product\/tajska-kuhinja\/\" \/>\n<meta property=\"og:locale\" content=\"en_US\" \/>\n<meta property=\"og:type\" content=\"article\" \/>\n<meta property=\"og:title\" content=\"Tajska kuhinja - Gastrofuzija\" \/>\n<meta property=\"og:description\" content=\"Nau\u010dite se pripraviti tradicionalne tajske jedi na kuharskem te\u010daju Tajska kuhinja, kjer bomo uporabljali bomo sve\u017ea tajska zeli\u0161\u010da direktno iz Tajske.\" \/>\n<meta property=\"og:url\" content=\"https:\/\/www.gastrofuzija.si\/en\/product\/tajska-kuhinja\/\" \/>\n<meta property=\"og:site_name\" content=\"Gastrofuzija\" \/>\n<meta property=\"article:modified_time\" content=\"2026-04-21T08:48:12+00:00\" \/>\n<meta property=\"og:image\" content=\"https:\/\/www.gastrofuzija.si\/wp-content\/uploads\/2023\/03\/tajska-e1680085495546.jpeg\" \/>\n\t<meta property=\"og:image:width\" content=\"1132\" \/>\n\t<meta property=\"og:image:height\" content=\"1141\" \/>\n\t<meta property=\"og:image:type\" content=\"image\/jpeg\" \/>\n<meta name=\"twitter:card\" content=\"summary_large_image\" \/>\n<meta name=\"twitter:label1\" content=\"Est. reading time\" \/>\n\t<meta name=\"twitter:data1\" content=\"1 minute\" \/>\n<script type=\"application\/ld+json\" class=\"yoast-schema-graph\">{\"@context\":\"https:\/\/schema.org\",\"@graph\":[{\"@type\":\"WebPage\",\"@id\":\"https:\/\/www.gastrofuzija.si\/izdelek\/tajska-kuhinja\/\",\"url\":\"https:\/\/www.gastrofuzija.si\/izdelek\/tajska-kuhinja\/\",\"name\":\"Tajska kuhinja - Gastrofuzija\",\"isPartOf\":{\"@id\":\"https:\/\/www.gastrofuzija.si\/#website\"},\"primaryImageOfPage\":{\"@id\":\"https:\/\/www.gastrofuzija.si\/izdelek\/tajska-kuhinja\/#primaryimage\"},\"image\":{\"@id\":\"https:\/\/www.gastrofuzija.si\/izdelek\/tajska-kuhinja\/#primaryimage\"},\"thumbnailUrl\":\"https:\/\/www.gastrofuzija.si\/wp-content\/uploads\/2023\/03\/tajska-e1680085495546.jpeg\",\"datePublished\":\"2023-03-15T10:56:17+00:00\",\"dateModified\":\"2026-04-21T08:48:12+00:00\",\"description\":\"Nau\u010dite se pripraviti tradicionalne tajske jedi na kuharskem te\u010daju Tajska kuhinja, kjer bomo uporabljali bomo sve\u017ea tajska zeli\u0161\u010da direktno iz Tajske.\",\"breadcrumb\":{\"@id\":\"https:\/\/www.gastrofuzija.si\/izdelek\/tajska-kuhinja\/#breadcrumb\"},\"inLanguage\":\"en-US\",\"potentialAction\":[{\"@type\":\"ReadAction\",\"target\":[\"https:\/\/www.gastrofuzija.si\/izdelek\/tajska-kuhinja\/\"]}]},{\"@type\":\"ImageObject\",\"inLanguage\":\"en-US\",\"@id\":\"https:\/\/www.gastrofuzija.si\/izdelek\/tajska-kuhinja\/#primaryimage\",\"url\":\"https:\/\/www.gastrofuzija.si\/wp-content\/uploads\/2023\/03\/tajska-e1680085495546.jpeg\",\"contentUrl\":\"https:\/\/www.gastrofuzija.si\/wp-content\/uploads\/2023\/03\/tajska-e1680085495546.jpeg\",\"width\":1132,\"height\":1141},{\"@type\":\"BreadcrumbList\",\"@id\":\"https:\/\/www.gastrofuzija.si\/izdelek\/tajska-kuhinja\/#breadcrumb\",\"itemListElement\":[{\"@type\":\"ListItem\",\"position\":1,\"name\":\"Home\",\"item\":\"https:\/\/www.gastrofuzija.si\/\"},{\"@type\":\"ListItem\",\"position\":2,\"name\":\"Spletna trgovina: Kuhaj kot chef\",\"item\":\"https:\/\/www.gastrofuzija.si\/kuhaj-kot-chef\/\"},{\"@type\":\"ListItem\",\"position\":3,\"name\":\"Tajska kuhinja\"}]},{\"@type\":\"WebSite\",\"@id\":\"https:\/\/www.gastrofuzija.si\/#website\",\"url\":\"https:\/\/www.gastrofuzija.si\/\",\"name\":\"Gastrofuzija\",\"description\":\"USTVARJAMO VRHUNSKE KULINARI\u010cNE DOGODKE IN TEAM BUILDING AKTIVNOSTI!\",\"potentialAction\":[{\"@type\":\"SearchAction\",\"target\":{\"@type\":\"EntryPoint\",\"urlTemplate\":\"https:\/\/www.gastrofuzija.si\/?s={search_term_string}\"},\"query-input\":{\"@type\":\"PropertyValueSpecification\",\"valueRequired\":true,\"valueName\":\"search_term_string\"}}],\"inLanguage\":\"en-US\"}]}<\/script>\n<!-- \/ Yoast SEO plugin. -->","yoast_head_json":{"title":"Tajska kuhinja - Gastrofuzija","description":"Nau\u010dite se pripraviti tradicionalne tajske jedi na kuharskem te\u010daju Tajska kuhinja, kjer bomo uporabljali bomo sve\u017ea tajska zeli\u0161\u010da direktno iz Tajske.","robots":{"index":"index","follow":"follow","max-snippet":"max-snippet:-1","max-image-preview":"max-image-preview:large","max-video-preview":"max-video-preview:-1"},"canonical":"https:\/\/www.gastrofuzija.si\/en\/product\/tajska-kuhinja\/","og_locale":"en_US","og_type":"article","og_title":"Tajska kuhinja - Gastrofuzija","og_description":"Nau\u010dite se pripraviti tradicionalne tajske jedi na kuharskem te\u010daju Tajska kuhinja, kjer bomo uporabljali bomo sve\u017ea tajska zeli\u0161\u010da direktno iz Tajske.","og_url":"https:\/\/www.gastrofuzija.si\/en\/product\/tajska-kuhinja\/","og_site_name":"Gastrofuzija","article_modified_time":"2026-04-21T08:48:12+00:00","og_image":[{"width":1132,"height":1141,"url":"https:\/\/www.gastrofuzija.si\/wp-content\/uploads\/2023\/03\/tajska-e1680085495546.jpeg","type":"image\/jpeg"}],"twitter_card":"summary_large_image","twitter_misc":{"Est. reading time":"1 minute"},"schema":{"@context":"https:\/\/schema.org","@graph":[{"@type":"WebPage","@id":"https:\/\/www.gastrofuzija.si\/izdelek\/tajska-kuhinja\/","url":"https:\/\/www.gastrofuzija.si\/izdelek\/tajska-kuhinja\/","name":"Tajska kuhinja - Gastrofuzija","isPartOf":{"@id":"https:\/\/www.gastrofuzija.si\/#website"},"primaryImageOfPage":{"@id":"https:\/\/www.gastrofuzija.si\/izdelek\/tajska-kuhinja\/#primaryimage"},"image":{"@id":"https:\/\/www.gastrofuzija.si\/izdelek\/tajska-kuhinja\/#primaryimage"},"thumbnailUrl":"https:\/\/www.gastrofuzija.si\/wp-content\/uploads\/2023\/03\/tajska-e1680085495546.jpeg","datePublished":"2023-03-15T10:56:17+00:00","dateModified":"2026-04-21T08:48:12+00:00","description":"Nau\u010dite se pripraviti tradicionalne tajske jedi na kuharskem te\u010daju Tajska kuhinja, kjer bomo uporabljali bomo sve\u017ea tajska zeli\u0161\u010da direktno iz Tajske.","breadcrumb":{"@id":"https:\/\/www.gastrofuzija.si\/izdelek\/tajska-kuhinja\/#breadcrumb"},"inLanguage":"en-US","potentialAction":[{"@type":"ReadAction","target":["https:\/\/www.gastrofuzija.si\/izdelek\/tajska-kuhinja\/"]}]},{"@type":"ImageObject","inLanguage":"en-US","@id":"https:\/\/www.gastrofuzija.si\/izdelek\/tajska-kuhinja\/#primaryimage","url":"https:\/\/www.gastrofuzija.si\/wp-content\/uploads\/2023\/03\/tajska-e1680085495546.jpeg","contentUrl":"https:\/\/www.gastrofuzija.si\/wp-content\/uploads\/2023\/03\/tajska-e1680085495546.jpeg","width":1132,"height":1141},{"@type":"BreadcrumbList","@id":"https:\/\/www.gastrofuzija.si\/izdelek\/tajska-kuhinja\/#breadcrumb","itemListElement":[{"@type":"ListItem","position":1,"name":"Home","item":"https:\/\/www.gastrofuzija.si\/"},{"@type":"ListItem","position":2,"name":"Spletna trgovina: Kuhaj kot chef","item":"https:\/\/www.gastrofuzija.si\/kuhaj-kot-chef\/"},{"@type":"ListItem","position":3,"name":"Tajska kuhinja"}]},{"@type":"WebSite","@id":"https:\/\/www.gastrofuzija.si\/#website","url":"https:\/\/www.gastrofuzija.si\/","name":"Gastrofuzija","description":"USTVARJAMO VRHUNSKE KULINARI\u010cNE DOGODKE IN TEAM BUILDING AKTIVNOSTI!","potentialAction":[{"@type":"SearchAction","target":{"@type":"EntryPoint","urlTemplate":"https:\/\/www.gastrofuzija.si\/?s={search_term_string}"},"query-input":{"@type":"PropertyValueSpecification","valueRequired":true,"valueName":"search_term_string"}}],"inLanguage":"en-US"}]}},"_links":{"self":[{"href":"https:\/\/www.gastrofuzija.si\/en\/wp-json\/wp\/v2\/product\/5244","targetHints":{"allow":["GET"]}}],"collection":[{"href":"https:\/\/www.gastrofuzija.si\/en\/wp-json\/wp\/v2\/product"}],"about":[{"href":"https:\/\/www.gastrofuzija.si\/en\/wp-json\/wp\/v2\/types\/product"}],"replies":[{"embeddable":true,"href":"https:\/\/www.gastrofuzija.si\/en\/wp-json\/wp\/v2\/comments?post=5244"}],"wp:featuredmedia":[{"embeddable":true,"href":"https:\/\/www.gastrofuzija.si\/en\/wp-json\/wp\/v2\/media\/5248"}],"wp:attachment":[{"href":"https:\/\/www.gastrofuzija.si\/en\/wp-json\/wp\/v2\/media?parent=5244"}],"wp:term":[{"taxonomy":"product_brand","embeddable":true,"href":"https:\/\/www.gastrofuzija.si\/en\/wp-json\/wp\/v2\/product_brand?post=5244"},{"taxonomy":"product_cat","embeddable":true,"href":"https:\/\/www.gastrofuzija.si\/en\/wp-json\/wp\/v2\/product_cat?post=5244"},{"taxonomy":"product_tag","embeddable":true,"href":"https:\/\/www.gastrofuzija.si\/en\/wp-json\/wp\/v2\/product_tag?post=5244"}],"curies":[{"name":"wp","href":"https:\/\/api.w.org\/{rel}","templated":true}]}}