{"id":4856,"date":"2022-12-29T16:14:49","date_gmt":"2022-12-29T15:14:49","guid":{"rendered":"https:\/\/www.gastrofuzija.si\/?post_type=product&#038;p=4856"},"modified":"2026-01-29T08:10:20","modified_gmt":"2026-01-29T07:10:20","slug":"predpasnik-kuhaj-kot-chef","status":"publish","type":"product","link":"https:\/\/www.gastrofuzija.si\/en\/product\/predpasnik-kuhaj-kot-chef\/","title":{"rendered":"Predpasnik Kuhaj kot chef"},"content":{"rendered":"<p>Da bodo va\u0161e gurmanske kreacije \u0161e bolj kreativne, poskrbite, da je med va\u0161imi kuhinjskimi &#8220;pripomo\u010dki&#8221; predpasnik Kuhaj kot chef. Trpe\u017een 100 % bomba\u017een jeans z akrilnim premazom in povoskano povr\u0161ino bo poskrbel, da med ustvarjanjem ostanete suhi in pripravljeni za nadaljne gurmanske dogodiv\u0161\u010dine. Za funkionalnost in dekoracijo bodo poskrbele kontrastne zna\u010dilnosti tkanine, medtem ko vezice in ovratni trak iz umetnega usnja z nastavljivo zaponko bodo zagotovile tisti &#8220;stajli\u0161&#8221; moment.<\/p>","protected":false},"excerpt":{"rendered":"<p><span style=\"color: #ff0000;\">Material:<\/span> 100 % bomba\u017e z akrilnim premazom<\/p>","protected":false},"featured_media":4857,"comment_status":"closed","ping_status":"closed","template":"","meta":[],"product_brand":[],"product_cat":[89],"product_tag":[140,350,346,347,348],"class_list":{"0":"post-4856","1":"product","2":"type-product","3":"status-publish","4":"has-post-thumbnail","6":"product_cat-kuharski-tecaji-seznam","7":"product_tag-kuhaj-kot-chef","8":"product_tag-kuharski-pripomocki","9":"product_tag-predpasnik","10":"product_tag-predpasnik-kuhaj-kot-chef","11":"product_tag-unikatni-predpasnik","13":"first","14":"instock","15":"taxable","16":"shipping-taxable","17":"purchasable","18":"product-type-simple"},"yoast_head":"<!-- This site is optimized with the Yoast SEO plugin v26.8 - https:\/\/yoast.com\/product\/yoast-seo-wordpress\/ -->\n<title>Predpasnik Kuhaj kot chef - Gastrofuzija<\/title>\n<meta name=\"description\" content=\"Unikatni predpasnik Kuhaj ko chef narejen iz trpe\u017enega 100 % bomba\u017enega jeansa z akrilnim premazom in povoskano povr\u0161ino.\" \/>\n<meta name=\"robots\" content=\"index, follow, max-snippet:-1, max-image-preview:large, max-video-preview:-1\" \/>\n<link rel=\"canonical\" href=\"https:\/\/www.gastrofuzija.si\/en\/product\/predpasnik-kuhaj-kot-chef\/\" \/>\n<meta property=\"og:locale\" content=\"en_US\" \/>\n<meta property=\"og:type\" content=\"article\" \/>\n<meta property=\"og:title\" content=\"Predpasnik Kuhaj kot chef - Gastrofuzija\" \/>\n<meta property=\"og:description\" content=\"Unikatni predpasnik Kuhaj ko chef narejen iz trpe\u017enega 100 % bomba\u017enega jeansa z akrilnim premazom in povoskano povr\u0161ino.\" \/>\n<meta property=\"og:url\" content=\"https:\/\/www.gastrofuzija.si\/en\/product\/predpasnik-kuhaj-kot-chef\/\" \/>\n<meta property=\"og:site_name\" content=\"Gastrofuzija\" \/>\n<meta property=\"article:modified_time\" content=\"2026-01-29T07:10:20+00:00\" \/>\n<meta property=\"og:image\" content=\"https:\/\/www.gastrofuzija.si\/wp-content\/uploads\/2022\/12\/predpasnik-e1672328184783.jpeg\" \/>\n\t<meta property=\"og:image:width\" content=\"817\" \/>\n\t<meta property=\"og:image:height\" content=\"811\" \/>\n\t<meta property=\"og:image:type\" content=\"image\/jpeg\" \/>\n<meta name=\"twitter:card\" content=\"summary_large_image\" \/>\n<meta name=\"twitter:label1\" content=\"Est. reading time\" \/>\n\t<meta name=\"twitter:data1\" content=\"1 minute\" \/>\n<script type=\"application\/ld+json\" class=\"yoast-schema-graph\">{\"@context\":\"https:\/\/schema.org\",\"@graph\":[{\"@type\":\"WebPage\",\"@id\":\"https:\/\/www.gastrofuzija.si\/izdelek\/predpasnik-kuhaj-kot-chef\/\",\"url\":\"https:\/\/www.gastrofuzija.si\/izdelek\/predpasnik-kuhaj-kot-chef\/\",\"name\":\"Predpasnik Kuhaj kot chef - Gastrofuzija\",\"isPartOf\":{\"@id\":\"https:\/\/www.gastrofuzija.si\/#website\"},\"primaryImageOfPage\":{\"@id\":\"https:\/\/www.gastrofuzija.si\/izdelek\/predpasnik-kuhaj-kot-chef\/#primaryimage\"},\"image\":{\"@id\":\"https:\/\/www.gastrofuzija.si\/izdelek\/predpasnik-kuhaj-kot-chef\/#primaryimage\"},\"thumbnailUrl\":\"https:\/\/www.gastrofuzija.si\/wp-content\/uploads\/2022\/12\/predpasnik-e1672328184783.jpeg\",\"datePublished\":\"2022-12-29T15:14:49+00:00\",\"dateModified\":\"2026-01-29T07:10:20+00:00\",\"description\":\"Unikatni predpasnik Kuhaj ko chef narejen iz trpe\u017enega 100 % bomba\u017enega jeansa z akrilnim premazom in povoskano povr\u0161ino.\",\"breadcrumb\":{\"@id\":\"https:\/\/www.gastrofuzija.si\/izdelek\/predpasnik-kuhaj-kot-chef\/#breadcrumb\"},\"inLanguage\":\"en-US\",\"potentialAction\":[{\"@type\":\"ReadAction\",\"target\":[\"https:\/\/www.gastrofuzija.si\/izdelek\/predpasnik-kuhaj-kot-chef\/\"]}]},{\"@type\":\"ImageObject\",\"inLanguage\":\"en-US\",\"@id\":\"https:\/\/www.gastrofuzija.si\/izdelek\/predpasnik-kuhaj-kot-chef\/#primaryimage\",\"url\":\"https:\/\/www.gastrofuzija.si\/wp-content\/uploads\/2022\/12\/predpasnik-e1672328184783.jpeg\",\"contentUrl\":\"https:\/\/www.gastrofuzija.si\/wp-content\/uploads\/2022\/12\/predpasnik-e1672328184783.jpeg\",\"width\":817,\"height\":811,\"caption\":\"Edinstven predpasnik Kuhaj kot chef\"},{\"@type\":\"BreadcrumbList\",\"@id\":\"https:\/\/www.gastrofuzija.si\/izdelek\/predpasnik-kuhaj-kot-chef\/#breadcrumb\",\"itemListElement\":[{\"@type\":\"ListItem\",\"position\":1,\"name\":\"Home\",\"item\":\"https:\/\/www.gastrofuzija.si\/\"},{\"@type\":\"ListItem\",\"position\":2,\"name\":\"Spletna trgovina: Kuhaj kot chef\",\"item\":\"https:\/\/www.gastrofuzija.si\/kuhaj-kot-chef\/\"},{\"@type\":\"ListItem\",\"position\":3,\"name\":\"Predpasnik Kuhaj kot chef\"}]},{\"@type\":\"WebSite\",\"@id\":\"https:\/\/www.gastrofuzija.si\/#website\",\"url\":\"https:\/\/www.gastrofuzija.si\/\",\"name\":\"Gastrofuzija\",\"description\":\"USTVARJAMO VRHUNSKE KULINARI\u010cNE DOGODKE IN TEAM BUILDING AKTIVNOSTI!\",\"potentialAction\":[{\"@type\":\"SearchAction\",\"target\":{\"@type\":\"EntryPoint\",\"urlTemplate\":\"https:\/\/www.gastrofuzija.si\/?s={search_term_string}\"},\"query-input\":{\"@type\":\"PropertyValueSpecification\",\"valueRequired\":true,\"valueName\":\"search_term_string\"}}],\"inLanguage\":\"en-US\"}]}<\/script>\n<!-- \/ Yoast SEO plugin. -->","yoast_head_json":{"title":"Predpasnik Kuhaj kot chef - Gastrofuzija","description":"Unikatni predpasnik Kuhaj ko chef narejen iz trpe\u017enega 100 % bomba\u017enega jeansa z akrilnim premazom in povoskano povr\u0161ino.","robots":{"index":"index","follow":"follow","max-snippet":"max-snippet:-1","max-image-preview":"max-image-preview:large","max-video-preview":"max-video-preview:-1"},"canonical":"https:\/\/www.gastrofuzija.si\/en\/product\/predpasnik-kuhaj-kot-chef\/","og_locale":"en_US","og_type":"article","og_title":"Predpasnik Kuhaj kot chef - Gastrofuzija","og_description":"Unikatni predpasnik Kuhaj ko chef narejen iz trpe\u017enega 100 % bomba\u017enega jeansa z akrilnim premazom in povoskano povr\u0161ino.","og_url":"https:\/\/www.gastrofuzija.si\/en\/product\/predpasnik-kuhaj-kot-chef\/","og_site_name":"Gastrofuzija","article_modified_time":"2026-01-29T07:10:20+00:00","og_image":[{"width":817,"height":811,"url":"https:\/\/www.gastrofuzija.si\/wp-content\/uploads\/2022\/12\/predpasnik-e1672328184783.jpeg","type":"image\/jpeg"}],"twitter_card":"summary_large_image","twitter_misc":{"Est. reading time":"1 minute"},"schema":{"@context":"https:\/\/schema.org","@graph":[{"@type":"WebPage","@id":"https:\/\/www.gastrofuzija.si\/izdelek\/predpasnik-kuhaj-kot-chef\/","url":"https:\/\/www.gastrofuzija.si\/izdelek\/predpasnik-kuhaj-kot-chef\/","name":"Predpasnik Kuhaj kot chef - Gastrofuzija","isPartOf":{"@id":"https:\/\/www.gastrofuzija.si\/#website"},"primaryImageOfPage":{"@id":"https:\/\/www.gastrofuzija.si\/izdelek\/predpasnik-kuhaj-kot-chef\/#primaryimage"},"image":{"@id":"https:\/\/www.gastrofuzija.si\/izdelek\/predpasnik-kuhaj-kot-chef\/#primaryimage"},"thumbnailUrl":"https:\/\/www.gastrofuzija.si\/wp-content\/uploads\/2022\/12\/predpasnik-e1672328184783.jpeg","datePublished":"2022-12-29T15:14:49+00:00","dateModified":"2026-01-29T07:10:20+00:00","description":"Unikatni predpasnik Kuhaj ko chef narejen iz trpe\u017enega 100 % bomba\u017enega jeansa z akrilnim premazom in povoskano povr\u0161ino.","breadcrumb":{"@id":"https:\/\/www.gastrofuzija.si\/izdelek\/predpasnik-kuhaj-kot-chef\/#breadcrumb"},"inLanguage":"en-US","potentialAction":[{"@type":"ReadAction","target":["https:\/\/www.gastrofuzija.si\/izdelek\/predpasnik-kuhaj-kot-chef\/"]}]},{"@type":"ImageObject","inLanguage":"en-US","@id":"https:\/\/www.gastrofuzija.si\/izdelek\/predpasnik-kuhaj-kot-chef\/#primaryimage","url":"https:\/\/www.gastrofuzija.si\/wp-content\/uploads\/2022\/12\/predpasnik-e1672328184783.jpeg","contentUrl":"https:\/\/www.gastrofuzija.si\/wp-content\/uploads\/2022\/12\/predpasnik-e1672328184783.jpeg","width":817,"height":811,"caption":"Edinstven predpasnik Kuhaj kot chef"},{"@type":"BreadcrumbList","@id":"https:\/\/www.gastrofuzija.si\/izdelek\/predpasnik-kuhaj-kot-chef\/#breadcrumb","itemListElement":[{"@type":"ListItem","position":1,"name":"Home","item":"https:\/\/www.gastrofuzija.si\/"},{"@type":"ListItem","position":2,"name":"Spletna trgovina: Kuhaj kot chef","item":"https:\/\/www.gastrofuzija.si\/kuhaj-kot-chef\/"},{"@type":"ListItem","position":3,"name":"Predpasnik Kuhaj kot chef"}]},{"@type":"WebSite","@id":"https:\/\/www.gastrofuzija.si\/#website","url":"https:\/\/www.gastrofuzija.si\/","name":"Gastrofuzija","description":"USTVARJAMO VRHUNSKE KULINARI\u010cNE DOGODKE IN TEAM BUILDING AKTIVNOSTI!","potentialAction":[{"@type":"SearchAction","target":{"@type":"EntryPoint","urlTemplate":"https:\/\/www.gastrofuzija.si\/?s={search_term_string}"},"query-input":{"@type":"PropertyValueSpecification","valueRequired":true,"valueName":"search_term_string"}}],"inLanguage":"en-US"}]}},"_links":{"self":[{"href":"https:\/\/www.gastrofuzija.si\/en\/wp-json\/wp\/v2\/product\/4856","targetHints":{"allow":["GET"]}}],"collection":[{"href":"https:\/\/www.gastrofuzija.si\/en\/wp-json\/wp\/v2\/product"}],"about":[{"href":"https:\/\/www.gastrofuzija.si\/en\/wp-json\/wp\/v2\/types\/product"}],"replies":[{"embeddable":true,"href":"https:\/\/www.gastrofuzija.si\/en\/wp-json\/wp\/v2\/comments?post=4856"}],"wp:featuredmedia":[{"embeddable":true,"href":"https:\/\/www.gastrofuzija.si\/en\/wp-json\/wp\/v2\/media\/4857"}],"wp:attachment":[{"href":"https:\/\/www.gastrofuzija.si\/en\/wp-json\/wp\/v2\/media?parent=4856"}],"wp:term":[{"taxonomy":"product_brand","embeddable":true,"href":"https:\/\/www.gastrofuzija.si\/en\/wp-json\/wp\/v2\/product_brand?post=4856"},{"taxonomy":"product_cat","embeddable":true,"href":"https:\/\/www.gastrofuzija.si\/en\/wp-json\/wp\/v2\/product_cat?post=4856"},{"taxonomy":"product_tag","embeddable":true,"href":"https:\/\/www.gastrofuzija.si\/en\/wp-json\/wp\/v2\/product_tag?post=4856"}],"curies":[{"name":"wp","href":"https:\/\/api.w.org\/{rel}","templated":true}]}}