{"id":4359,"date":"2022-06-22T12:25:49","date_gmt":"2022-06-22T10:25:49","guid":{"rendered":"https:\/\/www.gastrofuzija.si\/?post_type=product&#038;p=4359"},"modified":"2026-03-30T13:23:08","modified_gmt":"2026-03-30T11:23:08","slug":"mesno-razvajanje-za-vsako-priloznost","status":"publish","type":"product","link":"https:\/\/www.gastrofuzija.si\/en\/product\/mesno-razvajanje-za-vsako-priloznost\/","title":{"rendered":"Meat indulgence for every occasion"},"content":{"rendered":"<p><span style=\"color: #5c0d0d;\"><strong>Acquired skills: <\/strong><\/span><\/p>\n<ul>\n<li class=\"translation-block\">learning about <strong>different cuts of meat and choosing the right one at the butcher's<\/strong><\/li>\n<li class=\"translation-block\">learning <b>about slow-cooking meat<\/b><\/li>\n<li>discovering <strong>techniques and tricks<\/strong> in the preparation of <b>classic meat delicacies<\/b><\/li>\n<li>how to <strong>prepare a superb steak\u00a0<\/strong><\/li>\n<\/ul>\n<p><span style=\"color: #5c0d0d;\"><strong>Program:<\/strong><\/span><\/p>\n<p>After a short introduction and getting to know each other, Jure will share some <strong>interesting facts about the preparation of delicious meat<\/strong> and present the dishes that we will create together. Because <strong>pulled pork<\/strong> requires a lot of time to prepare, Jure will put it in the oven before the beggining of class. In <strong>a relaxed and fun environment<\/strong> , accompanied by wine, we will start by discovering the secrets of preparing <strong>delicious and juicy meat delicacies. <\/strong><\/p>\n<p>All your creations, which you will not be able to eat during the course, you can take home and treat your loved ones with them.<\/p>\n<p>You can sign up as a group or individually - in both cases, a great atmosphere is guaranteed!<\/p>\n<p><span style=\"font-size: 10pt;\">The minimum number of perticipants is 4, maximum is 14.<\/span><\/p>","protected":false},"excerpt":{"rendered":"<p><span style=\"color: #c30017;\"><strong><span style=\"color: #5c0d0d;\">Termin: <\/span><\/strong><\/span><\/p>\n<ul>\n<li><strong>sreda, 22. 4. 2026 (17.00 &#8211; 21.00) &#8211; RAZPRODANO<\/strong><\/li>\n<li><strong>sreda, 13. 5. 2026 (17.00 &#8211; 21.00) &#8211; RAZPRODANO<br \/>\n<\/strong>(Naslednji termini bodo v mesecu septembru)<\/li>\n<\/ul>\n<p><span style=\"color: #5c0d0d;\"><strong>Izvajalec te\u010daja:<\/strong><\/span> Jure Starman<\/p>\n<p><span style=\"color: #c30017;\"><strong><span style=\"color: #5c0d0d;\">Zahtevnost: \u2764\ufe0f\u2764\ufe0f<strong style=\"color: #c30017;\">\ud83e\udd0d<\/strong><\/span><\/strong><\/span><\/p>\n<p><span style=\"color: #5c0d0d;\"><strong>Kraj:<\/strong> <\/span><strong>Kulinari\u010dni center Gastrofuzija<\/strong> (Kajuhova ulica 32 R, 1000 Ljubljana, BTC cona)<\/p>\n<p><strong>Kaj bomo pripravljali:<\/strong><\/p>\n<div>\n<ul>\n<li><strong>&#8220;Pulled pork&#8221; burger<\/strong><\/li>\n<li><strong>goveja tagliata<\/strong> na rukoli<\/li>\n<li><strong>goveji zrezki<\/strong> v \u010debulni omaki<\/li>\n<li><strong>steaki za vsako prilo\u017enost (t-bone,&#8230;)<\/strong><\/li>\n<\/ul>\n<\/div>\n<p><strong>V ceno kuharske delavnice je v\u0161tet predpasnik, za\u010detni prigrizek in vinska spremljava tekom ustvarjanja.<\/strong><\/p>\n<p>[fusion_button link=\"https:\/\/www.gastrofuzija.si\/izdelek\/darilni-bon-za-kuharski-tecaj\/\" text_transform=\"\" title=\"\" target=\"_blank\" link_attributes=\"\" alignment_medium=\"\" alignment_small=\"\" alignment=\"\" modal=\"\" hide_on_mobile=\"small-visibility,medium-visibility,large-visibility\" sticky_display=\"normal,sticky\" class=\"\" id=\"\" color=\"default\" button_gradient_top_color=\"\" button_gradient_bottom_color=\"\" button_gradient_top_color_hover=\"\" button_gradient_bottom_color_hover=\"\" accent_color=\"\" accent_hover_color=\"\" type=\"\" bevel_color=\"\" border_width=\"\" border_radius=\"\" border_color=\"\" border_hover_color=\"\" size=\"\" stretch=\"default\" margin_top=\"\" margin_right=\"\" margin_bottom=\"\" margin_left=\"\" icon=\"\" icon_position=\"left\" icon_divider=\"no\" animation_type=\"\" animation_direction=\"left\" animation_speed=\"0.3\" animation_offset=\"\"]Podari z darilnim bonom[\/fusion_button][fusion_separator style_type=\"none\" hide_on_mobile=\"small-visibility,medium-visibility,large-visibility\" sticky_display=\"normal,sticky\" class=\"\" id=\"\" flex_grow=\"0\" top_margin=\"4px\" bottom_margin=\"\" width=\"\" alignment=\"center\" border_size=\"\" sep_color=\"\" icon=\"\" icon_size=\"\" icon_color=\"\" icon_circle=\"\" icon_circle_color=\"\"][\/fusion_separator]<\/p>\n","protected":false},"featured_media":4487,"comment_status":"closed","ping_status":"closed","template":"","meta":[],"product_brand":[],"product_cat":[89],"product_tag":[93,140,137,30,139,254,256,251,252,253,138,160,255],"class_list":{"0":"post-4359","1":"product","2":"type-product","3":"status-publish","4":"has-post-thumbnail","6":"product_cat-kuharski-tecaji-seznam","7":"product_tag-cooking-course","8":"product_tag-kuhaj-kot-chef","9":"product_tag-kuharske-delavnice","10":"product_tag-kuharski-tecaj","11":"product_tag-kuharski-tecaji","12":"product_tag-mesne-dobrote","13":"product_tag-mesnine","14":"product_tag-meso","15":"product_tag-pulled-pork","16":"product_tag-steak","17":"product_tag-tecaj-kuhanja","18":"product_tag-zabava","19":"product_tag-zar","21":"first","22":"instock","23":"taxable","24":"shipping-taxable","25":"product-type-variable"},"yoast_head":"<!-- This site is optimized with the Yoast SEO plugin v26.8 - https:\/\/yoast.com\/product\/yoast-seo-wordpress\/ -->\n<title>Mesno razvajanje za vsako prilo\u017enost - Gastrofuzija<\/title>\n<meta name=\"description\" content=\"Na kuharskem te\u010daju Mesno razvajanje za vsako prilo\u017enost se bomo nau\u010dili kako izbrati prave kose mesa pri mesarju, kako spe\u010di\u00a0vrhunski steak ter spoznavali zakonitosti po\u010dasne peke mesa.\" \/>\n<meta name=\"robots\" content=\"index, follow, max-snippet:-1, max-image-preview:large, max-video-preview:-1\" \/>\n<link rel=\"canonical\" href=\"https:\/\/www.gastrofuzija.si\/en\/product\/mesno-razvajanje-za-vsako-priloznost\/\" \/>\n<meta property=\"og:locale\" content=\"en_US\" \/>\n<meta property=\"og:type\" content=\"article\" \/>\n<meta property=\"og:title\" content=\"Mesno razvajanje za vsako prilo\u017enost - Gastrofuzija\" \/>\n<meta property=\"og:description\" content=\"Na kuharskem te\u010daju Mesno razvajanje za vsako prilo\u017enost se bomo nau\u010dili kako izbrati prave kose mesa pri mesarju, kako spe\u010di\u00a0vrhunski steak ter spoznavali zakonitosti po\u010dasne peke mesa.\" \/>\n<meta property=\"og:url\" content=\"https:\/\/www.gastrofuzija.si\/en\/product\/mesno-razvajanje-za-vsako-priloznost\/\" \/>\n<meta property=\"og:site_name\" content=\"Gastrofuzija\" \/>\n<meta property=\"article:modified_time\" content=\"2026-03-30T11:23:08+00:00\" \/>\n<meta property=\"og:image\" content=\"https:\/\/www.gastrofuzija.si\/wp-content\/uploads\/2022\/06\/steak-e1660663371929.jpeg\" \/>\n\t<meta property=\"og:image:width\" content=\"1280\" \/>\n\t<meta property=\"og:image:height\" content=\"1293\" \/>\n\t<meta property=\"og:image:type\" content=\"image\/jpeg\" \/>\n<meta name=\"twitter:card\" content=\"summary_large_image\" \/>\n<meta name=\"twitter:label1\" content=\"Est. reading time\" \/>\n\t<meta name=\"twitter:data1\" content=\"1 minute\" \/>\n<script type=\"application\/ld+json\" class=\"yoast-schema-graph\">{\"@context\":\"https:\/\/schema.org\",\"@graph\":[{\"@type\":\"WebPage\",\"@id\":\"https:\/\/www.gastrofuzija.si\/izdelek\/mesno-razvajanje-za-vsako-priloznost\/\",\"url\":\"https:\/\/www.gastrofuzija.si\/izdelek\/mesno-razvajanje-za-vsako-priloznost\/\",\"name\":\"Mesno razvajanje za vsako prilo\u017enost - Gastrofuzija\",\"isPartOf\":{\"@id\":\"https:\/\/www.gastrofuzija.si\/#website\"},\"primaryImageOfPage\":{\"@id\":\"https:\/\/www.gastrofuzija.si\/izdelek\/mesno-razvajanje-za-vsako-priloznost\/#primaryimage\"},\"image\":{\"@id\":\"https:\/\/www.gastrofuzija.si\/izdelek\/mesno-razvajanje-za-vsako-priloznost\/#primaryimage\"},\"thumbnailUrl\":\"https:\/\/www.gastrofuzija.si\/wp-content\/uploads\/2022\/06\/steak-e1660663371929.jpeg\",\"datePublished\":\"2022-06-22T10:25:49+00:00\",\"dateModified\":\"2026-03-30T11:23:08+00:00\",\"description\":\"Na kuharskem te\u010daju Mesno razvajanje za vsako prilo\u017enost se bomo nau\u010dili kako izbrati prave kose mesa pri mesarju, kako spe\u010di\u00a0vrhunski steak ter spoznavali zakonitosti po\u010dasne peke mesa.\",\"breadcrumb\":{\"@id\":\"https:\/\/www.gastrofuzija.si\/izdelek\/mesno-razvajanje-za-vsako-priloznost\/#breadcrumb\"},\"inLanguage\":\"en-US\",\"potentialAction\":[{\"@type\":\"ReadAction\",\"target\":[\"https:\/\/www.gastrofuzija.si\/izdelek\/mesno-razvajanje-za-vsako-priloznost\/\"]}]},{\"@type\":\"ImageObject\",\"inLanguage\":\"en-US\",\"@id\":\"https:\/\/www.gastrofuzija.si\/izdelek\/mesno-razvajanje-za-vsako-priloznost\/#primaryimage\",\"url\":\"https:\/\/www.gastrofuzija.si\/wp-content\/uploads\/2022\/06\/steak-e1660663371929.jpeg\",\"contentUrl\":\"https:\/\/www.gastrofuzija.si\/wp-content\/uploads\/2022\/06\/steak-e1660663371929.jpeg\",\"width\":1280,\"height\":1293,\"caption\":\"Steak pripravljen za kuharski te\u010daj Mesno razvajanje za vsako prilo\u017enost\"},{\"@type\":\"BreadcrumbList\",\"@id\":\"https:\/\/www.gastrofuzija.si\/izdelek\/mesno-razvajanje-za-vsako-priloznost\/#breadcrumb\",\"itemListElement\":[{\"@type\":\"ListItem\",\"position\":1,\"name\":\"Home\",\"item\":\"https:\/\/www.gastrofuzija.si\/\"},{\"@type\":\"ListItem\",\"position\":2,\"name\":\"Spletna trgovina: Kuhaj kot chef\",\"item\":\"https:\/\/www.gastrofuzija.si\/kuhaj-kot-chef\/\"},{\"@type\":\"ListItem\",\"position\":3,\"name\":\"Mesno razvajanje za vsako prilo\u017enost\"}]},{\"@type\":\"WebSite\",\"@id\":\"https:\/\/www.gastrofuzija.si\/#website\",\"url\":\"https:\/\/www.gastrofuzija.si\/\",\"name\":\"Gastrofuzija\",\"description\":\"USTVARJAMO VRHUNSKE KULINARI\u010cNE DOGODKE IN TEAM BUILDING AKTIVNOSTI!\",\"potentialAction\":[{\"@type\":\"SearchAction\",\"target\":{\"@type\":\"EntryPoint\",\"urlTemplate\":\"https:\/\/www.gastrofuzija.si\/?s={search_term_string}\"},\"query-input\":{\"@type\":\"PropertyValueSpecification\",\"valueRequired\":true,\"valueName\":\"search_term_string\"}}],\"inLanguage\":\"en-US\"}]}<\/script>\n<!-- \/ Yoast SEO plugin. -->","yoast_head_json":{"title":"Mesno razvajanje za vsako prilo\u017enost - Gastrofuzija","description":"Na kuharskem te\u010daju Mesno razvajanje za vsako prilo\u017enost se bomo nau\u010dili kako izbrati prave kose mesa pri mesarju, kako spe\u010di\u00a0vrhunski steak ter spoznavali zakonitosti po\u010dasne peke mesa.","robots":{"index":"index","follow":"follow","max-snippet":"max-snippet:-1","max-image-preview":"max-image-preview:large","max-video-preview":"max-video-preview:-1"},"canonical":"https:\/\/www.gastrofuzija.si\/en\/product\/mesno-razvajanje-za-vsako-priloznost\/","og_locale":"en_US","og_type":"article","og_title":"Mesno razvajanje za vsako prilo\u017enost - Gastrofuzija","og_description":"Na kuharskem te\u010daju Mesno razvajanje za vsako prilo\u017enost se bomo nau\u010dili kako izbrati prave kose mesa pri mesarju, kako spe\u010di\u00a0vrhunski steak ter spoznavali zakonitosti po\u010dasne peke mesa.","og_url":"https:\/\/www.gastrofuzija.si\/en\/product\/mesno-razvajanje-za-vsako-priloznost\/","og_site_name":"Gastrofuzija","article_modified_time":"2026-03-30T11:23:08+00:00","og_image":[{"width":1280,"height":1293,"url":"https:\/\/www.gastrofuzija.si\/wp-content\/uploads\/2022\/06\/steak-e1660663371929.jpeg","type":"image\/jpeg"}],"twitter_card":"summary_large_image","twitter_misc":{"Est. reading time":"1 minute"},"schema":{"@context":"https:\/\/schema.org","@graph":[{"@type":"WebPage","@id":"https:\/\/www.gastrofuzija.si\/izdelek\/mesno-razvajanje-za-vsako-priloznost\/","url":"https:\/\/www.gastrofuzija.si\/izdelek\/mesno-razvajanje-za-vsako-priloznost\/","name":"Mesno razvajanje za vsako prilo\u017enost - Gastrofuzija","isPartOf":{"@id":"https:\/\/www.gastrofuzija.si\/#website"},"primaryImageOfPage":{"@id":"https:\/\/www.gastrofuzija.si\/izdelek\/mesno-razvajanje-za-vsako-priloznost\/#primaryimage"},"image":{"@id":"https:\/\/www.gastrofuzija.si\/izdelek\/mesno-razvajanje-za-vsako-priloznost\/#primaryimage"},"thumbnailUrl":"https:\/\/www.gastrofuzija.si\/wp-content\/uploads\/2022\/06\/steak-e1660663371929.jpeg","datePublished":"2022-06-22T10:25:49+00:00","dateModified":"2026-03-30T11:23:08+00:00","description":"Na kuharskem te\u010daju Mesno razvajanje za vsako prilo\u017enost se bomo nau\u010dili kako izbrati prave kose mesa pri mesarju, kako spe\u010di\u00a0vrhunski steak ter spoznavali zakonitosti po\u010dasne peke mesa.","breadcrumb":{"@id":"https:\/\/www.gastrofuzija.si\/izdelek\/mesno-razvajanje-za-vsako-priloznost\/#breadcrumb"},"inLanguage":"en-US","potentialAction":[{"@type":"ReadAction","target":["https:\/\/www.gastrofuzija.si\/izdelek\/mesno-razvajanje-za-vsako-priloznost\/"]}]},{"@type":"ImageObject","inLanguage":"en-US","@id":"https:\/\/www.gastrofuzija.si\/izdelek\/mesno-razvajanje-za-vsako-priloznost\/#primaryimage","url":"https:\/\/www.gastrofuzija.si\/wp-content\/uploads\/2022\/06\/steak-e1660663371929.jpeg","contentUrl":"https:\/\/www.gastrofuzija.si\/wp-content\/uploads\/2022\/06\/steak-e1660663371929.jpeg","width":1280,"height":1293,"caption":"Steak pripravljen za kuharski te\u010daj Mesno razvajanje za vsako prilo\u017enost"},{"@type":"BreadcrumbList","@id":"https:\/\/www.gastrofuzija.si\/izdelek\/mesno-razvajanje-za-vsako-priloznost\/#breadcrumb","itemListElement":[{"@type":"ListItem","position":1,"name":"Home","item":"https:\/\/www.gastrofuzija.si\/"},{"@type":"ListItem","position":2,"name":"Spletna trgovina: Kuhaj kot chef","item":"https:\/\/www.gastrofuzija.si\/kuhaj-kot-chef\/"},{"@type":"ListItem","position":3,"name":"Mesno razvajanje za vsako prilo\u017enost"}]},{"@type":"WebSite","@id":"https:\/\/www.gastrofuzija.si\/#website","url":"https:\/\/www.gastrofuzija.si\/","name":"Gastrofuzija","description":"USTVARJAMO VRHUNSKE KULINARI\u010cNE DOGODKE IN TEAM BUILDING AKTIVNOSTI!","potentialAction":[{"@type":"SearchAction","target":{"@type":"EntryPoint","urlTemplate":"https:\/\/www.gastrofuzija.si\/?s={search_term_string}"},"query-input":{"@type":"PropertyValueSpecification","valueRequired":true,"valueName":"search_term_string"}}],"inLanguage":"en-US"}]}},"_links":{"self":[{"href":"https:\/\/www.gastrofuzija.si\/en\/wp-json\/wp\/v2\/product\/4359","targetHints":{"allow":["GET"]}}],"collection":[{"href":"https:\/\/www.gastrofuzija.si\/en\/wp-json\/wp\/v2\/product"}],"about":[{"href":"https:\/\/www.gastrofuzija.si\/en\/wp-json\/wp\/v2\/types\/product"}],"replies":[{"embeddable":true,"href":"https:\/\/www.gastrofuzija.si\/en\/wp-json\/wp\/v2\/comments?post=4359"}],"wp:featuredmedia":[{"embeddable":true,"href":"https:\/\/www.gastrofuzija.si\/en\/wp-json\/wp\/v2\/media\/4487"}],"wp:attachment":[{"href":"https:\/\/www.gastrofuzija.si\/en\/wp-json\/wp\/v2\/media?parent=4359"}],"wp:term":[{"taxonomy":"product_brand","embeddable":true,"href":"https:\/\/www.gastrofuzija.si\/en\/wp-json\/wp\/v2\/product_brand?post=4359"},{"taxonomy":"product_cat","embeddable":true,"href":"https:\/\/www.gastrofuzija.si\/en\/wp-json\/wp\/v2\/product_cat?post=4359"},{"taxonomy":"product_tag","embeddable":true,"href":"https:\/\/www.gastrofuzija.si\/en\/wp-json\/wp\/v2\/product_tag?post=4359"}],"curies":[{"name":"wp","href":"https:\/\/api.w.org\/{rel}","templated":true}]}}