{"id":2185,"date":"2021-09-07T16:42:26","date_gmt":"2021-09-07T16:42:26","guid":{"rendered":"https:\/\/www.gastrofuzija.si\/izdelek\/gift-card-2\/"},"modified":"2025-11-25T16:58:18","modified_gmt":"2025-11-25T15:58:18","slug":"darilni-bon-za-kuharski-tecaj","status":"publish","type":"product","link":"https:\/\/www.gastrofuzija.si\/en\/product\/darilni-bon-za-kuharski-tecaj\/","title":{"rendered":"Darilni bon za kuharski te\u010daj s posvetilom"},"content":{"rendered":"<div class=\"fusion-video fusion-selfhosted-video fusion-aligncenter\" style=\"margin-top:15px;margin-bottom:15px;max-width:80%;\"><div class=\"video-wrapper\"><video playsinline=\"true\" width=\"100%\" style=\"object-fit: cover;\" autoplay=\"true\" muted=\"true\" loop=\"true\" preload=\"auto\" controls=\"1\"><source src=\"https:\/\/www.gastrofuzija.si\/wp-content\/uploads\/2021\/03\/zabava.mp4\" type=\"video\/mp4\">Sorry, your browser doesn&#039;t support embedded videos.<\/video><\/div><\/div>\n<p data-start=\"541\" data-end=\"820\"><strong>Podarite izku\u0161njo, ki ostane v spominu!<\/strong><\/p>\n<p data-start=\"541\" data-end=\"820\">Na\u0161 <strong data-start=\"587\" data-end=\"620\">darilni bon za kuharski te\u010daj<\/strong> je popolna izbira za rojstni dan, obletnico, praznike ali kak\u0161no drugo posebno prilo\u017enost! Velja za vse kuharske in kulinari\u010dne te\u010daje <a href=\"https:\/\/www.gastrofuzija.si\/en\/kuharski-tecaji\/\"><strong>Kuhaj kot chef<\/strong> <\/a>v na\u0161i ponudbi, lahko pa ga porabite tudi za nakup profesionalnih pripomo\u010dkov v na\u0161i <a href=\"https:\/\/www.gastrofuzija.si\/en\/kuhaj-kot-chef\/\">spletni trgovini<\/a>.<\/p>\n<p data-start=\"822\" data-end=\"966\">Unov\u010denje je enostavno, bon pa prejmete takoj po pla\u010dilu s kartico.<\/p>\n<p data-start=\"822\" data-end=\"966\"><strong>Podarite slastno in ustvarjalno do\u017eivetje, ki ostane za vedno!<\/strong><\/p>\n<h2 style=\"text-align: center;\" data-start=\"1512\" data-end=\"1566\">\u2b50 P<strong data-start=\"1516\" data-end=\"1566\">ogosta vpra\u0161anja in odgovori o darilnih bonih Kuhaj kot chef <\/strong>\u2b50<\/h2>\n<p data-start=\"1568\" data-end=\"1673\"><strong data-start=\"1568\" data-end=\"1617\">Ali darilni bon velja za vse kuharske te\u010daje?<\/strong><br data-start=\"1617\" data-end=\"1620\" \/>Da, bon lahko unov\u010dite za katerikoli te\u010daj v ponudbi.<\/p>\n<p data-start=\"1675\" data-end=\"1824\"><strong data-start=\"1675\" data-end=\"1724\">Ali lahko bon uporabim tudi za druge izdelke?<\/strong><br data-start=\"1724\" data-end=\"1727\" \/>Da, bon velja tudi za nakup kulinari\u010dnih pripomo\u010dkov in ostalih izdelkov v na\u0161i <a href=\"https:\/\/www.gastrofuzija.si\/en\/kuhaj-kot-chef\/\">spletni trgovini<\/a>.<\/p>\n<p data-start=\"1826\" data-end=\"1928\"><strong data-start=\"1826\" data-end=\"1855\">Kdaj prejmem darilni bon?<\/strong><br data-start=\"1855\" data-end=\"1858\" \/>Ob pla\u010dilu s kartico bon prejmete takoj po uspe\u0161no zaklju\u010denem pla\u010dilu na dani e-naslov.<\/p>\n<p data-start=\"1930\" data-end=\"2012\"><strong data-start=\"1930\" data-end=\"1963\">Kako dolgo velja darilni bon?<\/strong><br data-start=\"1963\" data-end=\"1966\" \/>Darilni bon velja 5 let od datuma nakupa.<\/p>\n<p data-start=\"2014\" data-end=\"2125\"><strong data-start=\"2014\" data-end=\"2043\">Kako unov\u010dim darilni bon?<\/strong><br data-start=\"2043\" data-end=\"2046\" \/>V spletni trgovini ob zaklju\u010dku nakupa vnesete kodo bona v polje \u00bbKoda kupona\u00ab in zaklju\u010dite nakup. Znesek bona se vam bo samodejno od\u0161tel, s potrditvijo naro\u010dila pa bo va\u0161a prijava zabele\u017eena.<\/p>\n<p data-start=\"2127\" data-end=\"2255\"><strong data-start=\"2127\" data-end=\"2184\">Kaj \u010de izberem te\u010daj, ki je dra\u017eji od vrednosti bona?<\/strong><br data-start=\"2184\" data-end=\"2187\" \/>Ob unov\u010ditvi lahko enostavno dopla\u010date razliko do polne cene te\u010daja.<\/p>","protected":false},"excerpt":{"rendered":"<p><strong><span style=\"color: #85000e;\">Options of use:<\/span> Participation in any <span style=\"text-decoration: underline;\"><a href=\"https:\/\/www.gastrofuzija.si\/en\/kuharski-tecaji\/\">Kuhaj kot chef cooking course<\/a><\/span> <\/strong>\u00a0<strong>Darilni bon lahko koristite tudi za ostale nakupe v <a href=\"https:\/\/www.gastrofuzija.si\/en\/kuhaj-kot-chef\/\"><span style=\"text-decoration: underline;\">online store. <\/span><\/a><span style=\"text-decoration: underline; color: #85000e;\">spletni trgovini<\/span><span style=\"color: #85000e;\">.\u00a0<\/span><\/strong><\/p>\n<p><span style=\"color: #000080;\"><strong><span style=\"color: #333333;\">Current courses and dates are currently updated at<\/span> <a style=\"color: #000080;\" href=\"https:\/\/www.gastrofuzija.si\/en\/kuharski-tecaji\/\">https:\/\/www.gastrofuzija.si\/kuharski-tecaji\/.<\/a><\/strong><\/span><\/p>\n<p><span style=\"color: #85000e;\"><strong>Type:<\/strong> <\/span>Spletni kulinari\u010dni darilni bon s posvetilom za prejemnika. Koda za uporabo darilnega bona je generirana ob va\u0161em pla\u010dilu in je skupaj s posvetilom samodejno poslana na naveden elektronski naslov. Za dodatne informacije nam pi\u0161ite na <a href=\"mailto:info@gastrofuzija.si\"><strong>info@gastrofuzija.si<\/strong><\/a> ali pa nas pokli\u010dite na \u0161tevilko <span style=\"color: #85000e;\"><strong>051 643 530.<\/strong> <\/span><\/p>\n<p><strong><span style=\"color: #85000e;\">Validity:<\/span> <\/strong>The gift certificate is valid for <strong>5 years.<\/strong><\/p>\n<p><span style=\"color: #85000e;\"><strong>Location of cooking courses:<\/strong><\/span> Kulinari\u010dni center Gastrofuzija (Kajuhova ulica 32 R, 1000 Ljubljana, BTC cona)<\/p>","protected":false},"featured_media":4095,"comment_status":"closed","ping_status":"closed","template":"","meta":[],"product_brand":[],"product_cat":[98,89],"product_tag":[471,466,469,189,467,187,191,470,468,140,139,193,190],"class_list":{"0":"post-2185","1":"product","2":"type-product","3":"status-publish","4":"has-post-thumbnail","6":"product_cat-darilni-boni","7":"product_cat-kuharski-tecaji-seznam","8":"product_tag-darilni-bon","9":"product_tag-darilni-bon-za-kuharski-tecaj","10":"product_tag-darilo-za-fanta","11":"product_tag-darilo-za-gurmanske-navdusence","12":"product_tag-darilo-za-moza","13":"product_tag-darilo-za-partnerja","14":"product_tag-darilo-za-posebne-priloznosti","15":"product_tag-darilo-za-punco","16":"product_tag-darilo-za-zeno","17":"product_tag-kuhaj-kot-chef","18":"product_tag-kuharski-tecaji","19":"product_tag-kulinaricne-delavnice","20":"product_tag-popolno-darilo-za-rojstni-dan","21":"wcpa_has_options","23":"first","24":"instock","25":"purchasable","26":"product-type-pw-gift-card","27":"has-default-attributes"},"yoast_head":"<!-- This site is optimized with the Yoast SEO plugin v26.8 - https:\/\/yoast.com\/product\/yoast-seo-wordpress\/ -->\n<title>Podarite darilni bon za kuharski te\u010daj Kuhaj kot chef<\/title>\n<meta name=\"description\" content=\"Darilni bon za kuharski te\u010daj je popolno darilo za ljubitelje kuhanja. Enostavno unov\u010denje, takoj\u0161en prejem in velika izbira kulinari\u010dnih do\u017eivetij!\" \/>\n<meta name=\"robots\" content=\"index, follow, max-snippet:-1, max-image-preview:large, max-video-preview:-1\" \/>\n<link rel=\"canonical\" href=\"https:\/\/www.gastrofuzija.si\/en\/product\/darilni-bon-za-kuharski-tecaj\/\" \/>\n<meta property=\"og:locale\" content=\"en_US\" \/>\n<meta property=\"og:type\" content=\"article\" \/>\n<meta property=\"og:title\" content=\"Podarite darilni bon za kuharski te\u010daj Kuhaj kot chef\" \/>\n<meta property=\"og:description\" content=\"Darilni bon za kuharski te\u010daj je popolno darilo za ljubitelje kuhanja. Enostavno unov\u010denje, takoj\u0161en prejem in velika izbira kulinari\u010dnih do\u017eivetij!\" \/>\n<meta property=\"og:url\" content=\"https:\/\/www.gastrofuzija.si\/en\/product\/darilni-bon-za-kuharski-tecaj\/\" \/>\n<meta property=\"og:site_name\" content=\"Gastrofuzija\" \/>\n<meta property=\"article:modified_time\" content=\"2025-11-25T15:58:18+00:00\" \/>\n<meta property=\"og:image\" content=\"https:\/\/www.gastrofuzija.si\/wp-content\/uploads\/2021\/09\/darilni_2.png\" \/>\n\t<meta property=\"og:image:width\" content=\"651\" \/>\n\t<meta property=\"og:image:height\" content=\"305\" \/>\n\t<meta property=\"og:image:type\" content=\"image\/png\" \/>\n<meta name=\"twitter:card\" content=\"summary_large_image\" \/>\n<meta name=\"twitter:label1\" content=\"Est. reading time\" \/>\n\t<meta name=\"twitter:data1\" content=\"2 minutes\" \/>\n<script type=\"application\/ld+json\" class=\"yoast-schema-graph\">{\"@context\":\"https:\/\/schema.org\",\"@graph\":[{\"@type\":\"WebPage\",\"@id\":\"https:\/\/www.gastrofuzija.si\/izdelek\/darilni-bon-za-kuharski-tecaj\/\",\"url\":\"https:\/\/www.gastrofuzija.si\/izdelek\/darilni-bon-za-kuharski-tecaj\/\",\"name\":\"Podarite darilni bon za kuharski te\u010daj Kuhaj kot chef\",\"isPartOf\":{\"@id\":\"https:\/\/www.gastrofuzija.si\/#website\"},\"primaryImageOfPage\":{\"@id\":\"https:\/\/www.gastrofuzija.si\/izdelek\/darilni-bon-za-kuharski-tecaj\/#primaryimage\"},\"image\":{\"@id\":\"https:\/\/www.gastrofuzija.si\/izdelek\/darilni-bon-za-kuharski-tecaj\/#primaryimage\"},\"thumbnailUrl\":\"https:\/\/www.gastrofuzija.si\/wp-content\/uploads\/2021\/09\/e-darilni-bon-za-kulinaricni-tecaj-e1645005278536-1.png\",\"datePublished\":\"2021-09-07T16:42:26+00:00\",\"dateModified\":\"2025-11-25T15:58:18+00:00\",\"description\":\"Darilni bon za kuharski te\u010daj je popolno darilo za ljubitelje kuhanja. Enostavno unov\u010denje, takoj\u0161en prejem in velika izbira kulinari\u010dnih do\u017eivetij!\",\"breadcrumb\":{\"@id\":\"https:\/\/www.gastrofuzija.si\/izdelek\/darilni-bon-za-kuharski-tecaj\/#breadcrumb\"},\"inLanguage\":\"en-US\",\"potentialAction\":[{\"@type\":\"ReadAction\",\"target\":[\"https:\/\/www.gastrofuzija.si\/izdelek\/darilni-bon-za-kuharski-tecaj\/\"]}]},{\"@type\":\"ImageObject\",\"inLanguage\":\"en-US\",\"@id\":\"https:\/\/www.gastrofuzija.si\/izdelek\/darilni-bon-za-kuharski-tecaj\/#primaryimage\",\"url\":\"https:\/\/www.gastrofuzija.si\/wp-content\/uploads\/2021\/09\/e-darilni-bon-za-kulinaricni-tecaj-e1645005278536-1.png\",\"contentUrl\":\"https:\/\/www.gastrofuzija.si\/wp-content\/uploads\/2021\/09\/e-darilni-bon-za-kulinaricni-tecaj-e1645005278536-1.png\",\"width\":1099,\"height\":1099,\"caption\":\"Darilni bon za kulinari\u010dni te\u010daj je idealno darilo\"},{\"@type\":\"BreadcrumbList\",\"@id\":\"https:\/\/www.gastrofuzija.si\/izdelek\/darilni-bon-za-kuharski-tecaj\/#breadcrumb\",\"itemListElement\":[{\"@type\":\"ListItem\",\"position\":1,\"name\":\"Home\",\"item\":\"https:\/\/www.gastrofuzija.si\/\"},{\"@type\":\"ListItem\",\"position\":2,\"name\":\"Spletna trgovina: Kuhaj kot chef\",\"item\":\"https:\/\/www.gastrofuzija.si\/kuhaj-kot-chef\/\"},{\"@type\":\"ListItem\",\"position\":3,\"name\":\"Darilni bon za kuharski te\u010daj s posvetilom\"}]},{\"@type\":\"WebSite\",\"@id\":\"https:\/\/www.gastrofuzija.si\/#website\",\"url\":\"https:\/\/www.gastrofuzija.si\/\",\"name\":\"Gastrofuzija\",\"description\":\"USTVARJAMO VRHUNSKE KULINARI\u010cNE DOGODKE IN TEAM BUILDING AKTIVNOSTI!\",\"potentialAction\":[{\"@type\":\"SearchAction\",\"target\":{\"@type\":\"EntryPoint\",\"urlTemplate\":\"https:\/\/www.gastrofuzija.si\/?s={search_term_string}\"},\"query-input\":{\"@type\":\"PropertyValueSpecification\",\"valueRequired\":true,\"valueName\":\"search_term_string\"}}],\"inLanguage\":\"en-US\"}]}<\/script>\n<!-- \/ Yoast SEO plugin. -->","yoast_head_json":{"title":"Podarite darilni bon za kuharski te\u010daj Kuhaj kot chef","description":"Darilni bon za kuharski te\u010daj je popolno darilo za ljubitelje kuhanja. Enostavno unov\u010denje, takoj\u0161en prejem in velika izbira kulinari\u010dnih do\u017eivetij!","robots":{"index":"index","follow":"follow","max-snippet":"max-snippet:-1","max-image-preview":"max-image-preview:large","max-video-preview":"max-video-preview:-1"},"canonical":"https:\/\/www.gastrofuzija.si\/en\/product\/darilni-bon-za-kuharski-tecaj\/","og_locale":"en_US","og_type":"article","og_title":"Podarite darilni bon za kuharski te\u010daj Kuhaj kot chef","og_description":"Darilni bon za kuharski te\u010daj je popolno darilo za ljubitelje kuhanja. Enostavno unov\u010denje, takoj\u0161en prejem in velika izbira kulinari\u010dnih do\u017eivetij!","og_url":"https:\/\/www.gastrofuzija.si\/en\/product\/darilni-bon-za-kuharski-tecaj\/","og_site_name":"Gastrofuzija","article_modified_time":"2025-11-25T15:58:18+00:00","og_image":[{"width":651,"height":305,"url":"https:\/\/www.gastrofuzija.si\/wp-content\/uploads\/2021\/09\/darilni_2.png","type":"image\/png"}],"twitter_card":"summary_large_image","twitter_misc":{"Est. reading time":"2 minutes"},"schema":{"@context":"https:\/\/schema.org","@graph":[{"@type":"WebPage","@id":"https:\/\/www.gastrofuzija.si\/izdelek\/darilni-bon-za-kuharski-tecaj\/","url":"https:\/\/www.gastrofuzija.si\/izdelek\/darilni-bon-za-kuharski-tecaj\/","name":"Podarite darilni bon za kuharski te\u010daj Kuhaj kot chef","isPartOf":{"@id":"https:\/\/www.gastrofuzija.si\/#website"},"primaryImageOfPage":{"@id":"https:\/\/www.gastrofuzija.si\/izdelek\/darilni-bon-za-kuharski-tecaj\/#primaryimage"},"image":{"@id":"https:\/\/www.gastrofuzija.si\/izdelek\/darilni-bon-za-kuharski-tecaj\/#primaryimage"},"thumbnailUrl":"https:\/\/www.gastrofuzija.si\/wp-content\/uploads\/2021\/09\/e-darilni-bon-za-kulinaricni-tecaj-e1645005278536-1.png","datePublished":"2021-09-07T16:42:26+00:00","dateModified":"2025-11-25T15:58:18+00:00","description":"Darilni bon za kuharski te\u010daj je popolno darilo za ljubitelje kuhanja. Enostavno unov\u010denje, takoj\u0161en prejem in velika izbira kulinari\u010dnih do\u017eivetij!","breadcrumb":{"@id":"https:\/\/www.gastrofuzija.si\/izdelek\/darilni-bon-za-kuharski-tecaj\/#breadcrumb"},"inLanguage":"en-US","potentialAction":[{"@type":"ReadAction","target":["https:\/\/www.gastrofuzija.si\/izdelek\/darilni-bon-za-kuharski-tecaj\/"]}]},{"@type":"ImageObject","inLanguage":"en-US","@id":"https:\/\/www.gastrofuzija.si\/izdelek\/darilni-bon-za-kuharski-tecaj\/#primaryimage","url":"https:\/\/www.gastrofuzija.si\/wp-content\/uploads\/2021\/09\/e-darilni-bon-za-kulinaricni-tecaj-e1645005278536-1.png","contentUrl":"https:\/\/www.gastrofuzija.si\/wp-content\/uploads\/2021\/09\/e-darilni-bon-za-kulinaricni-tecaj-e1645005278536-1.png","width":1099,"height":1099,"caption":"Darilni bon za kulinari\u010dni te\u010daj je idealno darilo"},{"@type":"BreadcrumbList","@id":"https:\/\/www.gastrofuzija.si\/izdelek\/darilni-bon-za-kuharski-tecaj\/#breadcrumb","itemListElement":[{"@type":"ListItem","position":1,"name":"Home","item":"https:\/\/www.gastrofuzija.si\/"},{"@type":"ListItem","position":2,"name":"Spletna trgovina: Kuhaj kot chef","item":"https:\/\/www.gastrofuzija.si\/kuhaj-kot-chef\/"},{"@type":"ListItem","position":3,"name":"Darilni bon za kuharski te\u010daj s posvetilom"}]},{"@type":"WebSite","@id":"https:\/\/www.gastrofuzija.si\/#website","url":"https:\/\/www.gastrofuzija.si\/","name":"Gastrofuzija","description":"USTVARJAMO VRHUNSKE KULINARI\u010cNE DOGODKE IN TEAM BUILDING AKTIVNOSTI!","potentialAction":[{"@type":"SearchAction","target":{"@type":"EntryPoint","urlTemplate":"https:\/\/www.gastrofuzija.si\/?s={search_term_string}"},"query-input":{"@type":"PropertyValueSpecification","valueRequired":true,"valueName":"search_term_string"}}],"inLanguage":"en-US"}]}},"_links":{"self":[{"href":"https:\/\/www.gastrofuzija.si\/en\/wp-json\/wp\/v2\/product\/2185","targetHints":{"allow":["GET"]}}],"collection":[{"href":"https:\/\/www.gastrofuzija.si\/en\/wp-json\/wp\/v2\/product"}],"about":[{"href":"https:\/\/www.gastrofuzija.si\/en\/wp-json\/wp\/v2\/types\/product"}],"replies":[{"embeddable":true,"href":"https:\/\/www.gastrofuzija.si\/en\/wp-json\/wp\/v2\/comments?post=2185"}],"wp:featuredmedia":[{"embeddable":true,"href":"https:\/\/www.gastrofuzija.si\/en\/wp-json\/wp\/v2\/media\/4095"}],"wp:attachment":[{"href":"https:\/\/www.gastrofuzija.si\/en\/wp-json\/wp\/v2\/media?parent=2185"}],"wp:term":[{"taxonomy":"product_brand","embeddable":true,"href":"https:\/\/www.gastrofuzija.si\/en\/wp-json\/wp\/v2\/product_brand?post=2185"},{"taxonomy":"product_cat","embeddable":true,"href":"https:\/\/www.gastrofuzija.si\/en\/wp-json\/wp\/v2\/product_cat?post=2185"},{"taxonomy":"product_tag","embeddable":true,"href":"https:\/\/www.gastrofuzija.si\/en\/wp-json\/wp\/v2\/product_tag?post=2185"}],"curies":[{"name":"wp","href":"https:\/\/api.w.org\/{rel}","templated":true}]}}