{"id":1521,"date":"2025-02-27T11:03:01","date_gmt":"2025-02-27T10:03:01","guid":{"rendered":"https:\/\/www.gastrofuzija.si\/?post_type=product&#038;p=1521"},"modified":"2025-02-27T11:03:01","modified_gmt":"2025-02-27T10:03:01","slug":"sebra-set-treh-nozev","status":"publish","type":"product","link":"https:\/\/www.gastrofuzija.si\/en\/product\/sebra-set-treh-nozev\/","title":{"rendered":"FORGED Sebra set treh no\u017eev"},"content":{"rendered":"<p><strong><a href=\"https:\/\/forged.nl\/en\/sebra-forged\/\">FORGED Sebra<\/a> set treh no\u017eev sodi v edinstveno produktno serijo <a href=\"https:\/\/forged.nl\/en\/\">znamke Forged<\/a>. No\u017ei znamke Forged so znani po svoji visoki kvaliteti in dolgi \u017eivljenjski dobi<\/strong>, saj so izdelani z vso strokovnostjo in pozornostjo.<\/p>\n<p>\u2192 <span style=\"text-decoration: underline;\"><strong><a href=\"https:\/\/forged.nl\/en\/knife-collection\/\">VE\u010c O NO\u017dIH FORGED<\/a><\/strong><\/span><\/p>\n<p>Posebnost treh no\u017eev ti\u010di v <strong>skrivnostnem afri\u0161kem temnem lesu<\/strong>, po katerem je set dobil tudi svoje ime &#8211; Sebra. Temni ro\u010daji z ne\u017enimi rde\u010dimi poudarki no\u017eem dodajo toplej\u0161i ton, ki se izjemno lepo ujame z robustnim stilom rezil. Trdota teh zna\u0161a 58 Rockwell, debelina pa 2 mm. Izdelana so iz <strong>japonskega jekla<\/strong>, ki je <strong>kovano ro\u010dno<\/strong>. FORGED Sebra set treh no\u017eev je zaradi premi\u0161ljene kombinacije <strong>kuharskega no\u017ea, cepilca in uporabnega no\u017ea<\/strong> klju\u010den del vsake kolekcije profesionalnih in ljubiteljskih kuharjev.<\/p>\n<p><strong>Zare\u017ei kot pravi chef!<\/strong><\/p>","protected":false},"excerpt":{"rendered":"<p><span style=\"color: #c30017;\"><strong>Vsebina seta:<\/strong><\/span> kuharski no\u017e, cepilec in uporabni no\u017e<\/p>\n<p><span style=\"color: #993300;\"><strong><span style=\"color: #c30017;\">Namen: <\/span><\/strong><\/span>drobno sekljanje zeli\u0161\u010d, grobo &amp; natan\u010dno rezanje zelenjave in mesa<\/p>\n<p><span style=\"color: #993300;\"><span style=\"color: #c30017;\"><strong>Material: <\/strong><\/span><span style=\"color: #333333;\">japonsko jeklo in afri\u0161ki les<\/span><\/span><\/p>\n<p><span style=\"color: #993300;\"><span style=\"color: #c30017;\"><strong>Dol\u017eina rezila: <\/strong><span style=\"color: #333333;\">kuharski no\u017e: 20,5 cm, <\/span><\/span><span style=\"color: #333333;\">cepilec: 17,5 cm, uporabni no\u017e: 12,5 cm<\/span><\/span><\/p>","protected":false},"featured_media":1522,"comment_status":"closed","ping_status":"closed","template":"","meta":[],"product_brand":[],"product_cat":[380],"product_tag":[129,140,128,126,127],"class_list":{"0":"post-1521","1":"product","2":"type-product","3":"status-publish","4":"has-post-thumbnail","6":"product_cat-forged-rocno-kovani-nozi-iz-japonskega-jekla","7":"product_tag-forged","8":"product_tag-kuhaj-kot-chef","9":"product_tag-sefov-noz","10":"product_tag-vrhunski-nozi","11":"product_tag-zarezi-kot-pravi-chef","13":"first","14":"instock","15":"taxable","16":"shipping-taxable","17":"purchasable","18":"product-type-simple"},"yoast_head":"<!-- This site is optimized with the Yoast SEO plugin v26.8 - https:\/\/yoast.com\/product\/yoast-seo-wordpress\/ -->\n<title>FORGED Sebra set treh no\u017eev - Gastrofuzija<\/title>\n<meta name=\"description\" content=\"FORGED Sebra set treh no\u017eev sodi v edinstveno produktno serijo znamke Forged. FORGED Sebra set treh no\u017eev se uporablja za obdelavo zeli\u0161\u010d ...\" \/>\n<meta name=\"robots\" content=\"index, follow, max-snippet:-1, max-image-preview:large, max-video-preview:-1\" \/>\n<link rel=\"canonical\" href=\"https:\/\/www.gastrofuzija.si\/en\/product\/sebra-set-treh-nozev\/\" \/>\n<meta property=\"og:locale\" content=\"en_US\" \/>\n<meta property=\"og:type\" content=\"article\" \/>\n<meta property=\"og:title\" content=\"FORGED Sebra set treh no\u017eev - Gastrofuzija\" \/>\n<meta property=\"og:description\" content=\"FORGED Sebra set treh no\u017eev sodi v edinstveno produktno serijo znamke Forged. FORGED Sebra set treh no\u017eev se uporablja za obdelavo zeli\u0161\u010d ...\" \/>\n<meta property=\"og:url\" content=\"https:\/\/www.gastrofuzija.si\/en\/product\/sebra-set-treh-nozev\/\" \/>\n<meta property=\"og:site_name\" content=\"Gastrofuzija\" \/>\n<meta property=\"og:image\" content=\"https:\/\/www.gastrofuzija.si\/wp-content\/uploads\/2021\/04\/set_3_nozev_sebra-550x448-1.jpg\" \/>\n\t<meta property=\"og:image:width\" content=\"330\" \/>\n\t<meta property=\"og:image:height\" content=\"413\" \/>\n\t<meta property=\"og:image:type\" content=\"image\/jpeg\" \/>\n<meta name=\"twitter:card\" content=\"summary_large_image\" \/>\n<meta name=\"twitter:label1\" content=\"Est. reading time\" \/>\n\t<meta name=\"twitter:data1\" content=\"1 minute\" \/>\n<script type=\"application\/ld+json\" class=\"yoast-schema-graph\">{\"@context\":\"https:\/\/schema.org\",\"@graph\":[{\"@type\":\"WebPage\",\"@id\":\"https:\/\/www.gastrofuzija.si\/izdelek\/sebra-set-treh-nozev\/\",\"url\":\"https:\/\/www.gastrofuzija.si\/izdelek\/sebra-set-treh-nozev\/\",\"name\":\"FORGED Sebra set treh no\u017eev - Gastrofuzija\",\"isPartOf\":{\"@id\":\"https:\/\/www.gastrofuzija.si\/#website\"},\"primaryImageOfPage\":{\"@id\":\"https:\/\/www.gastrofuzija.si\/izdelek\/sebra-set-treh-nozev\/#primaryimage\"},\"image\":{\"@id\":\"https:\/\/www.gastrofuzija.si\/izdelek\/sebra-set-treh-nozev\/#primaryimage\"},\"thumbnailUrl\":\"https:\/\/www.gastrofuzija.si\/wp-content\/uploads\/2021\/04\/set_3_nozev_sebra-550x448-1.jpg\",\"datePublished\":\"2025-02-27T10:03:01+00:00\",\"description\":\"FORGED Sebra set treh no\u017eev sodi v edinstveno produktno serijo znamke Forged. FORGED Sebra set treh no\u017eev se uporablja za obdelavo zeli\u0161\u010d ...\",\"breadcrumb\":{\"@id\":\"https:\/\/www.gastrofuzija.si\/izdelek\/sebra-set-treh-nozev\/#breadcrumb\"},\"inLanguage\":\"en-US\",\"potentialAction\":[{\"@type\":\"ReadAction\",\"target\":[\"https:\/\/www.gastrofuzija.si\/izdelek\/sebra-set-treh-nozev\/\"]}]},{\"@type\":\"ImageObject\",\"inLanguage\":\"en-US\",\"@id\":\"https:\/\/www.gastrofuzija.si\/izdelek\/sebra-set-treh-nozev\/#primaryimage\",\"url\":\"https:\/\/www.gastrofuzija.si\/wp-content\/uploads\/2021\/04\/set_3_nozev_sebra-550x448-1.jpg\",\"contentUrl\":\"https:\/\/www.gastrofuzija.si\/wp-content\/uploads\/2021\/04\/set_3_nozev_sebra-550x448-1.jpg\",\"width\":330,\"height\":413,\"caption\":\"FORGED Sebra set treh no\u017eev - za pravo kulinari\u010dno izku\u0161njo\"},{\"@type\":\"BreadcrumbList\",\"@id\":\"https:\/\/www.gastrofuzija.si\/izdelek\/sebra-set-treh-nozev\/#breadcrumb\",\"itemListElement\":[{\"@type\":\"ListItem\",\"position\":1,\"name\":\"Home\",\"item\":\"https:\/\/www.gastrofuzija.si\/\"},{\"@type\":\"ListItem\",\"position\":2,\"name\":\"Spletna trgovina: Kuhaj kot chef\",\"item\":\"https:\/\/www.gastrofuzija.si\/kuhaj-kot-chef\/\"},{\"@type\":\"ListItem\",\"position\":3,\"name\":\"FORGED Sebra set treh no\u017eev\"}]},{\"@type\":\"WebSite\",\"@id\":\"https:\/\/www.gastrofuzija.si\/#website\",\"url\":\"https:\/\/www.gastrofuzija.si\/\",\"name\":\"Gastrofuzija\",\"description\":\"USTVARJAMO VRHUNSKE KULINARI\u010cNE DOGODKE IN TEAM BUILDING AKTIVNOSTI!\",\"potentialAction\":[{\"@type\":\"SearchAction\",\"target\":{\"@type\":\"EntryPoint\",\"urlTemplate\":\"https:\/\/www.gastrofuzija.si\/?s={search_term_string}\"},\"query-input\":{\"@type\":\"PropertyValueSpecification\",\"valueRequired\":true,\"valueName\":\"search_term_string\"}}],\"inLanguage\":\"en-US\"}]}<\/script>\n<!-- \/ Yoast SEO plugin. -->","yoast_head_json":{"title":"FORGED Sebra set treh no\u017eev - Gastrofuzija","description":"FORGED Sebra set treh no\u017eev sodi v edinstveno produktno serijo znamke Forged. FORGED Sebra set treh no\u017eev se uporablja za obdelavo zeli\u0161\u010d ...","robots":{"index":"index","follow":"follow","max-snippet":"max-snippet:-1","max-image-preview":"max-image-preview:large","max-video-preview":"max-video-preview:-1"},"canonical":"https:\/\/www.gastrofuzija.si\/en\/product\/sebra-set-treh-nozev\/","og_locale":"en_US","og_type":"article","og_title":"FORGED Sebra set treh no\u017eev - Gastrofuzija","og_description":"FORGED Sebra set treh no\u017eev sodi v edinstveno produktno serijo znamke Forged. FORGED Sebra set treh no\u017eev se uporablja za obdelavo zeli\u0161\u010d ...","og_url":"https:\/\/www.gastrofuzija.si\/en\/product\/sebra-set-treh-nozev\/","og_site_name":"Gastrofuzija","og_image":[{"width":330,"height":413,"url":"https:\/\/www.gastrofuzija.si\/wp-content\/uploads\/2021\/04\/set_3_nozev_sebra-550x448-1.jpg","type":"image\/jpeg"}],"twitter_card":"summary_large_image","twitter_misc":{"Est. reading time":"1 minute"},"schema":{"@context":"https:\/\/schema.org","@graph":[{"@type":"WebPage","@id":"https:\/\/www.gastrofuzija.si\/izdelek\/sebra-set-treh-nozev\/","url":"https:\/\/www.gastrofuzija.si\/izdelek\/sebra-set-treh-nozev\/","name":"FORGED Sebra set treh no\u017eev - Gastrofuzija","isPartOf":{"@id":"https:\/\/www.gastrofuzija.si\/#website"},"primaryImageOfPage":{"@id":"https:\/\/www.gastrofuzija.si\/izdelek\/sebra-set-treh-nozev\/#primaryimage"},"image":{"@id":"https:\/\/www.gastrofuzija.si\/izdelek\/sebra-set-treh-nozev\/#primaryimage"},"thumbnailUrl":"https:\/\/www.gastrofuzija.si\/wp-content\/uploads\/2021\/04\/set_3_nozev_sebra-550x448-1.jpg","datePublished":"2025-02-27T10:03:01+00:00","description":"FORGED Sebra set treh no\u017eev sodi v edinstveno produktno serijo znamke Forged. FORGED Sebra set treh no\u017eev se uporablja za obdelavo zeli\u0161\u010d ...","breadcrumb":{"@id":"https:\/\/www.gastrofuzija.si\/izdelek\/sebra-set-treh-nozev\/#breadcrumb"},"inLanguage":"en-US","potentialAction":[{"@type":"ReadAction","target":["https:\/\/www.gastrofuzija.si\/izdelek\/sebra-set-treh-nozev\/"]}]},{"@type":"ImageObject","inLanguage":"en-US","@id":"https:\/\/www.gastrofuzija.si\/izdelek\/sebra-set-treh-nozev\/#primaryimage","url":"https:\/\/www.gastrofuzija.si\/wp-content\/uploads\/2021\/04\/set_3_nozev_sebra-550x448-1.jpg","contentUrl":"https:\/\/www.gastrofuzija.si\/wp-content\/uploads\/2021\/04\/set_3_nozev_sebra-550x448-1.jpg","width":330,"height":413,"caption":"FORGED Sebra set treh no\u017eev - za pravo kulinari\u010dno izku\u0161njo"},{"@type":"BreadcrumbList","@id":"https:\/\/www.gastrofuzija.si\/izdelek\/sebra-set-treh-nozev\/#breadcrumb","itemListElement":[{"@type":"ListItem","position":1,"name":"Home","item":"https:\/\/www.gastrofuzija.si\/"},{"@type":"ListItem","position":2,"name":"Spletna trgovina: Kuhaj kot chef","item":"https:\/\/www.gastrofuzija.si\/kuhaj-kot-chef\/"},{"@type":"ListItem","position":3,"name":"FORGED Sebra set treh no\u017eev"}]},{"@type":"WebSite","@id":"https:\/\/www.gastrofuzija.si\/#website","url":"https:\/\/www.gastrofuzija.si\/","name":"Gastrofuzija","description":"USTVARJAMO VRHUNSKE KULINARI\u010cNE DOGODKE IN TEAM BUILDING AKTIVNOSTI!","potentialAction":[{"@type":"SearchAction","target":{"@type":"EntryPoint","urlTemplate":"https:\/\/www.gastrofuzija.si\/?s={search_term_string}"},"query-input":{"@type":"PropertyValueSpecification","valueRequired":true,"valueName":"search_term_string"}}],"inLanguage":"en-US"}]}},"_links":{"self":[{"href":"https:\/\/www.gastrofuzija.si\/en\/wp-json\/wp\/v2\/product\/1521","targetHints":{"allow":["GET"]}}],"collection":[{"href":"https:\/\/www.gastrofuzija.si\/en\/wp-json\/wp\/v2\/product"}],"about":[{"href":"https:\/\/www.gastrofuzija.si\/en\/wp-json\/wp\/v2\/types\/product"}],"replies":[{"embeddable":true,"href":"https:\/\/www.gastrofuzija.si\/en\/wp-json\/wp\/v2\/comments?post=1521"}],"wp:featuredmedia":[{"embeddable":true,"href":"https:\/\/www.gastrofuzija.si\/en\/wp-json\/wp\/v2\/media\/1522"}],"wp:attachment":[{"href":"https:\/\/www.gastrofuzija.si\/en\/wp-json\/wp\/v2\/media?parent=1521"}],"wp:term":[{"taxonomy":"product_brand","embeddable":true,"href":"https:\/\/www.gastrofuzija.si\/en\/wp-json\/wp\/v2\/product_brand?post=1521"},{"taxonomy":"product_cat","embeddable":true,"href":"https:\/\/www.gastrofuzija.si\/en\/wp-json\/wp\/v2\/product_cat?post=1521"},{"taxonomy":"product_tag","embeddable":true,"href":"https:\/\/www.gastrofuzija.si\/en\/wp-json\/wp\/v2\/product_tag?post=1521"}],"curies":[{"name":"wp","href":"https:\/\/api.w.org\/{rel}","templated":true}]}}