{"id":14278,"date":"2026-04-09T14:55:22","date_gmt":"2026-04-09T12:55:22","guid":{"rendered":"https:\/\/www.gastrofuzija.si\/?post_type=product&#038;p=14278"},"modified":"2026-04-13T14:28:01","modified_gmt":"2026-04-13T12:28:01","slug":"korejska-kuhinja","status":"publish","type":"product","link":"https:\/\/www.gastrofuzija.si\/en\/product\/korejska-kuhinja\/","title":{"rendered":"Korejska kuhinja"},"content":{"rendered":"<div class=\"fusion-video fusion-selfhosted-video fusion-aligncenter\" style=\"margin-top:15PX;margin-bottom:15PX;max-width:80%;\"><div class=\"video-wrapper\"><video playsinline=\"true\" width=\"100%\" style=\"object-fit: cover;\" autoplay=\"true\" muted=\"true\" loop=\"true\" preload=\"auto\" controls=\"1\"><source src=\"https:\/\/www.gastrofuzija.si\/wp-content\/uploads\/2021\/10\/veg3.mp4\" type=\"video\/mp4\">Sorry, your browser doesn&#039;t support embedded videos.<\/video><\/div><\/div>\n<p><span style=\"color: #5c0d0d;\"><strong>Do\u017eivi korejsko kulinariko na povsem nov na\u010din!<\/strong><\/span><\/p>\n<p>V sodelovanju s Samsung Slovenia smo pripravili tri brezpla\u010dne delavnice, kjer bomo zdru\u017eili vrhunsko kuho in umetnost mobilne fotografije.<\/p>\n<p>Nau\u010di se pripravljati avtenti\u010dne korejske jedi, izpopolni svoje fotografske ve\u0161\u010dine z najnovej\u0161o tehnologijo in ustvari vsebine, ki bodo navdu\u0161ile tvoje sledilce.<\/p>\n<p>\ud83c\udf71 Kaj bomo ustvarjali?<br \/>\nPod vodstvom chefa bomo pripravili pravi korejski meni:<\/p>\n<p>Bulgogi: So\u010dna marinirana govedina.<\/p>\n<p>Bibimbap: Legendarna barvita ri\u017eeva skleda z zelenjavo.<\/p>\n<p>Zelenjavni Jeon: Hrustljave korejske pala\u010dinke kot priloga.<\/p>\n<p>\ud83d\udce9 PRIJAVE: \u0160tevilo mest na posamezno delavnico je omejeno. Pohiti in si zagotovi svoje mesto.<\/p>\n<p>#GalaxyS26Ultra #GalaxyS26 #GalaxyAI #Gastrofuzija #KorejskaKuhinja #Kulinarika #LjubljanaEvents<\/p>\n<p><span style=\"font-size: 10pt;\">The minimum number of perticipants is 4, maximum is 14.<\/span><\/p>","protected":false},"excerpt":{"rendered":"<p><span style=\"color: #5c0d0d;\"><strong><span style=\"color: #c30017;\"><span style=\"color: #5c0d0d;\">Dates<\/span><\/span><span style=\"color: #5c0d0d;\">:<\/span><\/strong><\/span><\/p>\n<ul>\n<li><strong>\u010detrtek, 16. 4. 2026 <span style=\"color: #000000;\">(18.00 &#8211; 21.00) &#8211; POLNO<\/span><\/strong><\/li>\n<li><strong>\u010detrtek, 7. 5. 2026 <span style=\"color: #000000;\">(18.00 &#8211; 21.00) &#8211; POLNO\u00a0<\/span><\/strong><\/li>\n<li><strong>\u010detrtek, 21. 5. 2026 <span style=\"color: #000000;\">(18.00 &#8211; 21.00) &#8211; POLNO<\/span><\/strong><\/li>\n<\/ul>\n<p>Za \u010dakalno listo nam pi\u0161ite na info@gastrofuzija.si<\/p>\n<p><span style=\"color: #c30017;\"><strong><span style=\"color: #5c0d0d;\">Difficulty level: <span id=\"emoji-info-value\">\u2764\ufe0f\ufe0f<\/span><span id=\"emoji-info-value\">\u2764\ufe0f\ufe0f\ud83e\udd0d<\/span><\/span><\/strong><\/span><\/p>\n<p><span style=\"color: #5c0d0d;\"><strong>Location:<\/strong>\u00a0<\/span>Kulinari\u010dni center Gastrofuzija (Kajuhova ulica 32 R, 1000 Ljubljana, BTC cona)<\/p>\n<p><span style=\"color: #5c0d0d;\"><strong>We will be preparing:<\/strong><\/span><\/p>\n<ul>\n<li>Bulgogi: So\u010dna marinirana govedina.<\/li>\n<li>Bibimbap: Legendarna barvita ri\u017eeva skleda z zelenjavo.<\/li>\n<li>Zelenjavni Jeon: Hrustljave korejske pala\u010dinke kot priloga.<\/li>\n<\/ul>","protected":false},"featured_media":14282,"comment_status":"closed","ping_status":"closed","template":"","meta":[],"product_brand":[],"product_cat":[89],"product_tag":[93,161,162,140,137,139,138],"class_list":{"0":"post-14278","1":"product","2":"type-product","3":"status-publish","4":"has-post-thumbnail","6":"product_cat-kuharski-tecaji-seznam","7":"product_tag-cooking-course","8":"product_tag-italian-cuisine","9":"product_tag-italijanska-kuhinja","10":"product_tag-kuhaj-kot-chef","11":"product_tag-kuharske-delavnice","12":"product_tag-kuharski-tecaji","13":"product_tag-tecaj-kuhanja","15":"first","16":"instock","17":"taxable","18":"shipping-taxable","19":"product-type-variable"},"yoast_head":"<!-- This site is optimized with the Yoast SEO plugin v26.8 - https:\/\/yoast.com\/product\/yoast-seo-wordpress\/ -->\n<title>Korejska kuhinja - Gastrofuzija<\/title>\n<meta name=\"description\" content=\"Kuharski te\u010daj Viva l&#039; Italia je te\u010daj osnovne italijanske kuhinje, ki jo bomo za\u010dinili tudi s \u0161\u010depcem zahtevnej\u0161ega gurmanstva.\" \/>\n<meta name=\"robots\" content=\"index, follow, max-snippet:-1, max-image-preview:large, max-video-preview:-1\" \/>\n<link rel=\"canonical\" href=\"https:\/\/www.gastrofuzija.si\/en\/product\/korejska-kuhinja\/\" \/>\n<meta property=\"og:locale\" content=\"en_US\" \/>\n<meta property=\"og:type\" content=\"article\" \/>\n<meta property=\"og:title\" content=\"Korejska kuhinja - Gastrofuzija\" \/>\n<meta property=\"og:description\" content=\"Kuharski te\u010daj Viva l&#039; Italia je te\u010daj osnovne italijanske kuhinje, ki jo bomo za\u010dinili tudi s \u0161\u010depcem zahtevnej\u0161ega gurmanstva.\" \/>\n<meta property=\"og:url\" content=\"https:\/\/www.gastrofuzija.si\/en\/product\/korejska-kuhinja\/\" \/>\n<meta property=\"og:site_name\" content=\"Gastrofuzija\" \/>\n<meta property=\"article:modified_time\" content=\"2026-04-13T12:28:01+00:00\" \/>\n<meta property=\"og:image\" content=\"https:\/\/www.gastrofuzija.si\/wp-content\/uploads\/2026\/04\/Izdelek-brez-naslova-14.jpg\" \/>\n\t<meta property=\"og:image:width\" content=\"1321\" \/>\n\t<meta property=\"og:image:height\" content=\"1335\" \/>\n\t<meta property=\"og:image:type\" content=\"image\/jpeg\" \/>\n<meta name=\"twitter:card\" content=\"summary_large_image\" \/>\n<meta name=\"twitter:label1\" content=\"Est. reading time\" \/>\n\t<meta name=\"twitter:data1\" content=\"1 minute\" \/>\n<script type=\"application\/ld+json\" class=\"yoast-schema-graph\">{\"@context\":\"https:\/\/schema.org\",\"@graph\":[{\"@type\":\"WebPage\",\"@id\":\"https:\/\/www.gastrofuzija.si\/izdelek\/korejska-kuhinja\/\",\"url\":\"https:\/\/www.gastrofuzija.si\/izdelek\/korejska-kuhinja\/\",\"name\":\"Korejska kuhinja - Gastrofuzija\",\"isPartOf\":{\"@id\":\"https:\/\/www.gastrofuzija.si\/#website\"},\"primaryImageOfPage\":{\"@id\":\"https:\/\/www.gastrofuzija.si\/izdelek\/korejska-kuhinja\/#primaryimage\"},\"image\":{\"@id\":\"https:\/\/www.gastrofuzija.si\/izdelek\/korejska-kuhinja\/#primaryimage\"},\"thumbnailUrl\":\"https:\/\/www.gastrofuzija.si\/wp-content\/uploads\/2026\/04\/Izdelek-brez-naslova-14.jpg\",\"datePublished\":\"2026-04-09T12:55:22+00:00\",\"dateModified\":\"2026-04-13T12:28:01+00:00\",\"description\":\"Kuharski te\u010daj Viva l' Italia je te\u010daj osnovne italijanske kuhinje, ki jo bomo za\u010dinili tudi s \u0161\u010depcem zahtevnej\u0161ega gurmanstva.\",\"breadcrumb\":{\"@id\":\"https:\/\/www.gastrofuzija.si\/izdelek\/korejska-kuhinja\/#breadcrumb\"},\"inLanguage\":\"en-US\",\"potentialAction\":[{\"@type\":\"ReadAction\",\"target\":[\"https:\/\/www.gastrofuzija.si\/izdelek\/korejska-kuhinja\/\"]}]},{\"@type\":\"ImageObject\",\"inLanguage\":\"en-US\",\"@id\":\"https:\/\/www.gastrofuzija.si\/izdelek\/korejska-kuhinja\/#primaryimage\",\"url\":\"https:\/\/www.gastrofuzija.si\/wp-content\/uploads\/2026\/04\/Izdelek-brez-naslova-14.jpg\",\"contentUrl\":\"https:\/\/www.gastrofuzija.si\/wp-content\/uploads\/2026\/04\/Izdelek-brez-naslova-14.jpg\",\"width\":1321,\"height\":1335},{\"@type\":\"BreadcrumbList\",\"@id\":\"https:\/\/www.gastrofuzija.si\/izdelek\/korejska-kuhinja\/#breadcrumb\",\"itemListElement\":[{\"@type\":\"ListItem\",\"position\":1,\"name\":\"Home\",\"item\":\"https:\/\/www.gastrofuzija.si\/\"},{\"@type\":\"ListItem\",\"position\":2,\"name\":\"Spletna trgovina: Kuhaj kot chef\",\"item\":\"https:\/\/www.gastrofuzija.si\/kuhaj-kot-chef\/\"},{\"@type\":\"ListItem\",\"position\":3,\"name\":\"Korejska kuhinja\"}]},{\"@type\":\"WebSite\",\"@id\":\"https:\/\/www.gastrofuzija.si\/#website\",\"url\":\"https:\/\/www.gastrofuzija.si\/\",\"name\":\"Gastrofuzija\",\"description\":\"USTVARJAMO VRHUNSKE KULINARI\u010cNE DOGODKE IN TEAM BUILDING AKTIVNOSTI!\",\"potentialAction\":[{\"@type\":\"SearchAction\",\"target\":{\"@type\":\"EntryPoint\",\"urlTemplate\":\"https:\/\/www.gastrofuzija.si\/?s={search_term_string}\"},\"query-input\":{\"@type\":\"PropertyValueSpecification\",\"valueRequired\":true,\"valueName\":\"search_term_string\"}}],\"inLanguage\":\"en-US\"}]}<\/script>\n<!-- \/ Yoast SEO plugin. -->","yoast_head_json":{"title":"Korejska kuhinja - Gastrofuzija","description":"Kuharski te\u010daj Viva l' Italia je te\u010daj osnovne italijanske kuhinje, ki jo bomo za\u010dinili tudi s \u0161\u010depcem zahtevnej\u0161ega gurmanstva.","robots":{"index":"index","follow":"follow","max-snippet":"max-snippet:-1","max-image-preview":"max-image-preview:large","max-video-preview":"max-video-preview:-1"},"canonical":"https:\/\/www.gastrofuzija.si\/en\/product\/korejska-kuhinja\/","og_locale":"en_US","og_type":"article","og_title":"Korejska kuhinja - Gastrofuzija","og_description":"Kuharski te\u010daj Viva l' Italia je te\u010daj osnovne italijanske kuhinje, ki jo bomo za\u010dinili tudi s \u0161\u010depcem zahtevnej\u0161ega gurmanstva.","og_url":"https:\/\/www.gastrofuzija.si\/en\/product\/korejska-kuhinja\/","og_site_name":"Gastrofuzija","article_modified_time":"2026-04-13T12:28:01+00:00","og_image":[{"width":1321,"height":1335,"url":"https:\/\/www.gastrofuzija.si\/wp-content\/uploads\/2026\/04\/Izdelek-brez-naslova-14.jpg","type":"image\/jpeg"}],"twitter_card":"summary_large_image","twitter_misc":{"Est. reading time":"1 minute"},"schema":{"@context":"https:\/\/schema.org","@graph":[{"@type":"WebPage","@id":"https:\/\/www.gastrofuzija.si\/izdelek\/korejska-kuhinja\/","url":"https:\/\/www.gastrofuzija.si\/izdelek\/korejska-kuhinja\/","name":"Korejska kuhinja - Gastrofuzija","isPartOf":{"@id":"https:\/\/www.gastrofuzija.si\/#website"},"primaryImageOfPage":{"@id":"https:\/\/www.gastrofuzija.si\/izdelek\/korejska-kuhinja\/#primaryimage"},"image":{"@id":"https:\/\/www.gastrofuzija.si\/izdelek\/korejska-kuhinja\/#primaryimage"},"thumbnailUrl":"https:\/\/www.gastrofuzija.si\/wp-content\/uploads\/2026\/04\/Izdelek-brez-naslova-14.jpg","datePublished":"2026-04-09T12:55:22+00:00","dateModified":"2026-04-13T12:28:01+00:00","description":"Kuharski te\u010daj Viva l' Italia je te\u010daj osnovne italijanske kuhinje, ki jo bomo za\u010dinili tudi s \u0161\u010depcem zahtevnej\u0161ega gurmanstva.","breadcrumb":{"@id":"https:\/\/www.gastrofuzija.si\/izdelek\/korejska-kuhinja\/#breadcrumb"},"inLanguage":"en-US","potentialAction":[{"@type":"ReadAction","target":["https:\/\/www.gastrofuzija.si\/izdelek\/korejska-kuhinja\/"]}]},{"@type":"ImageObject","inLanguage":"en-US","@id":"https:\/\/www.gastrofuzija.si\/izdelek\/korejska-kuhinja\/#primaryimage","url":"https:\/\/www.gastrofuzija.si\/wp-content\/uploads\/2026\/04\/Izdelek-brez-naslova-14.jpg","contentUrl":"https:\/\/www.gastrofuzija.si\/wp-content\/uploads\/2026\/04\/Izdelek-brez-naslova-14.jpg","width":1321,"height":1335},{"@type":"BreadcrumbList","@id":"https:\/\/www.gastrofuzija.si\/izdelek\/korejska-kuhinja\/#breadcrumb","itemListElement":[{"@type":"ListItem","position":1,"name":"Home","item":"https:\/\/www.gastrofuzija.si\/"},{"@type":"ListItem","position":2,"name":"Spletna trgovina: Kuhaj kot chef","item":"https:\/\/www.gastrofuzija.si\/kuhaj-kot-chef\/"},{"@type":"ListItem","position":3,"name":"Korejska kuhinja"}]},{"@type":"WebSite","@id":"https:\/\/www.gastrofuzija.si\/#website","url":"https:\/\/www.gastrofuzija.si\/","name":"Gastrofuzija","description":"USTVARJAMO VRHUNSKE KULINARI\u010cNE DOGODKE IN TEAM BUILDING AKTIVNOSTI!","potentialAction":[{"@type":"SearchAction","target":{"@type":"EntryPoint","urlTemplate":"https:\/\/www.gastrofuzija.si\/?s={search_term_string}"},"query-input":{"@type":"PropertyValueSpecification","valueRequired":true,"valueName":"search_term_string"}}],"inLanguage":"en-US"}]}},"_links":{"self":[{"href":"https:\/\/www.gastrofuzija.si\/en\/wp-json\/wp\/v2\/product\/14278","targetHints":{"allow":["GET"]}}],"collection":[{"href":"https:\/\/www.gastrofuzija.si\/en\/wp-json\/wp\/v2\/product"}],"about":[{"href":"https:\/\/www.gastrofuzija.si\/en\/wp-json\/wp\/v2\/types\/product"}],"replies":[{"embeddable":true,"href":"https:\/\/www.gastrofuzija.si\/en\/wp-json\/wp\/v2\/comments?post=14278"}],"wp:featuredmedia":[{"embeddable":true,"href":"https:\/\/www.gastrofuzija.si\/en\/wp-json\/wp\/v2\/media\/14282"}],"wp:attachment":[{"href":"https:\/\/www.gastrofuzija.si\/en\/wp-json\/wp\/v2\/media?parent=14278"}],"wp:term":[{"taxonomy":"product_brand","embeddable":true,"href":"https:\/\/www.gastrofuzija.si\/en\/wp-json\/wp\/v2\/product_brand?post=14278"},{"taxonomy":"product_cat","embeddable":true,"href":"https:\/\/www.gastrofuzija.si\/en\/wp-json\/wp\/v2\/product_cat?post=14278"},{"taxonomy":"product_tag","embeddable":true,"href":"https:\/\/www.gastrofuzija.si\/en\/wp-json\/wp\/v2\/product_tag?post=14278"}],"curies":[{"name":"wp","href":"https:\/\/api.w.org\/{rel}","templated":true}]}}