{"id":1015,"date":"2025-02-27T11:03:02","date_gmt":"2025-02-27T10:03:02","guid":{"rendered":"https:\/\/www.gastrofuzija.si\/?post_type=product&#038;p=1015"},"modified":"2025-11-07T14:14:46","modified_gmt":"2025-11-07T13:14:46","slug":"olive-noz-za-rezanje","status":"publish","type":"product","link":"https:\/\/www.gastrofuzija.si\/en\/product\/olive-noz-za-rezanje\/","title":{"rendered":"FORGED Olive no\u017e za rezanje"},"content":{"rendered":"<p><strong>FORGED Olive no\u017e za rezanje je eden od edinstvenih produktov serije <\/strong><strong><a href=\"https:\/\/forged.nl\/en\/olive-forged\/\">Olive.<\/a>\u00a0No\u017ei znamke Forged so znani po svoji visoki kvaliteti in dolgi \u017eivljenjski dobi<\/strong>, saj so izdelani z vso strokovnostjo in pozornostjo.<\/p>\n<p><strong>\u2192 <span style=\"text-decoration: underline;\"><a href=\"https:\/\/forged.nl\/en\/knife-collection\/\">VE\u010c O NO\u017dIH FORGED<\/a><\/span><\/strong><\/p>\n<p>Rezilo FORGED Olive no\u017ea za rezanje je izdelano iz nerjave\u010dega jekla in oblikovano v razko\u0161nem robustnem stilu. Njegova trdota zna\u0161a 58 Rockwell, debelina pa 2 mm. Ro\u010daj krasi svetel olj\u010dni les, ki robustnosti doda \u0161e toplej\u0161i ton. Struktura olj\u010dnega lesa se prijetno prilega prijemu roke in omogo\u010da spretno uporabo rezila.<\/p>\n<p><strong>Zare\u017ei kot pravi chef!<\/strong><\/p>","protected":false},"excerpt":{"rendered":"<p><span style=\"color: #c30017;\"><strong>Namen: <\/strong><\/span>splo\u0161na uporaba<\/p>\n<p><span style=\"color: #c30017;\"><strong>Material: <\/strong><span style=\"color: #993300;\"><span style=\"color: #333333;\">japonsko jeklo in olj\u010dni les<\/span><\/span><\/span><\/p>\n<p><span style=\"color: #c30017;\"><strong>Dol\u017eina rezila: <\/strong><\/span>20,5 cm<\/p>","protected":false},"featured_media":1027,"comment_status":"closed","ping_status":"closed","template":"","meta":[],"product_brand":[],"product_cat":[380],"product_tag":[129,140,44,43],"class_list":{"0":"post-1015","1":"product","2":"type-product","3":"status-publish","4":"has-post-thumbnail","6":"product_cat-forged-rocno-kovani-nozi-iz-japonskega-jekla","7":"product_tag-forged","8":"product_tag-kuhaj-kot-chef","9":"product_tag-serija-olive","10":"product_tag-vrhunski-noz","12":"first","13":"instock","14":"taxable","15":"shipping-taxable","16":"purchasable","17":"product-type-simple"},"yoast_head":"<!-- This site is optimized with the Yoast SEO plugin v26.8 - https:\/\/yoast.com\/product\/yoast-seo-wordpress\/ -->\n<title>FORGED Olive no\u017e za rezanje - Gastrofuzija<\/title>\n<meta name=\"description\" content=\"FORGED Olive no\u017e za rezanje sodi v edinstveno serijo no\u017eev Olive. FORGED Olive no\u017e za rezanje visoko kvaliteten in ro\u010dno kovan.\" \/>\n<meta name=\"robots\" content=\"index, follow, max-snippet:-1, max-image-preview:large, max-video-preview:-1\" \/>\n<link rel=\"canonical\" href=\"https:\/\/www.gastrofuzija.si\/en\/product\/olive-noz-za-rezanje\/\" \/>\n<meta property=\"og:locale\" content=\"en_US\" \/>\n<meta property=\"og:type\" content=\"article\" \/>\n<meta property=\"og:title\" content=\"FORGED Olive no\u017e za rezanje - Gastrofuzija\" \/>\n<meta property=\"og:description\" content=\"FORGED Olive no\u017e za rezanje sodi v edinstveno serijo no\u017eev Olive. FORGED Olive no\u017e za rezanje visoko kvaliteten in ro\u010dno kovan.\" \/>\n<meta property=\"og:url\" content=\"https:\/\/www.gastrofuzija.si\/en\/product\/olive-noz-za-rezanje\/\" \/>\n<meta property=\"og:site_name\" content=\"Gastrofuzija\" \/>\n<meta property=\"article:modified_time\" content=\"2025-11-07T13:14:46+00:00\" \/>\n<meta property=\"og:image\" content=\"https:\/\/www.gastrofuzija.si\/wp-content\/uploads\/2020\/11\/Olive-Forged-noz-za-rezanje-330x413-1.png\" \/>\n\t<meta property=\"og:image:width\" content=\"330\" \/>\n\t<meta property=\"og:image:height\" content=\"413\" \/>\n\t<meta property=\"og:image:type\" content=\"image\/png\" \/>\n<meta name=\"twitter:card\" content=\"summary_large_image\" \/>\n<meta name=\"twitter:label1\" content=\"Est. reading time\" \/>\n\t<meta name=\"twitter:data1\" content=\"1 minute\" \/>\n<script type=\"application\/ld+json\" class=\"yoast-schema-graph\">{\"@context\":\"https:\/\/schema.org\",\"@graph\":[{\"@type\":\"WebPage\",\"@id\":\"https:\/\/www.gastrofuzija.si\/izdelek\/olive-noz-za-rezanje\/\",\"url\":\"https:\/\/www.gastrofuzija.si\/izdelek\/olive-noz-za-rezanje\/\",\"name\":\"FORGED Olive no\u017e za rezanje - Gastrofuzija\",\"isPartOf\":{\"@id\":\"https:\/\/www.gastrofuzija.si\/#website\"},\"primaryImageOfPage\":{\"@id\":\"https:\/\/www.gastrofuzija.si\/izdelek\/olive-noz-za-rezanje\/#primaryimage\"},\"image\":{\"@id\":\"https:\/\/www.gastrofuzija.si\/izdelek\/olive-noz-za-rezanje\/#primaryimage\"},\"thumbnailUrl\":\"https:\/\/www.gastrofuzija.si\/wp-content\/uploads\/2020\/11\/Olive-Forged-noz-za-rezanje-330x413-1.png\",\"datePublished\":\"2025-02-27T10:03:02+00:00\",\"dateModified\":\"2025-11-07T13:14:46+00:00\",\"description\":\"FORGED Olive no\u017e za rezanje sodi v edinstveno serijo no\u017eev Olive. FORGED Olive no\u017e za rezanje visoko kvaliteten in ro\u010dno kovan.\",\"breadcrumb\":{\"@id\":\"https:\/\/www.gastrofuzija.si\/izdelek\/olive-noz-za-rezanje\/#breadcrumb\"},\"inLanguage\":\"en-US\",\"potentialAction\":[{\"@type\":\"ReadAction\",\"target\":[\"https:\/\/www.gastrofuzija.si\/izdelek\/olive-noz-za-rezanje\/\"]}]},{\"@type\":\"ImageObject\",\"inLanguage\":\"en-US\",\"@id\":\"https:\/\/www.gastrofuzija.si\/izdelek\/olive-noz-za-rezanje\/#primaryimage\",\"url\":\"https:\/\/www.gastrofuzija.si\/wp-content\/uploads\/2020\/11\/Olive-Forged-noz-za-rezanje-330x413-1.png\",\"contentUrl\":\"https:\/\/www.gastrofuzija.si\/wp-content\/uploads\/2020\/11\/Olive-Forged-noz-za-rezanje-330x413-1.png\",\"width\":330,\"height\":413,\"caption\":\"FORGED Olive no\u017e za rezanje za prave chefe in ljubitelje kulinarike\"},{\"@type\":\"BreadcrumbList\",\"@id\":\"https:\/\/www.gastrofuzija.si\/izdelek\/olive-noz-za-rezanje\/#breadcrumb\",\"itemListElement\":[{\"@type\":\"ListItem\",\"position\":1,\"name\":\"Home\",\"item\":\"https:\/\/www.gastrofuzija.si\/\"},{\"@type\":\"ListItem\",\"position\":2,\"name\":\"Spletna trgovina: Kuhaj kot chef\",\"item\":\"https:\/\/www.gastrofuzija.si\/kuhaj-kot-chef\/\"},{\"@type\":\"ListItem\",\"position\":3,\"name\":\"FORGED Olive no\u017e za rezanje\"}]},{\"@type\":\"WebSite\",\"@id\":\"https:\/\/www.gastrofuzija.si\/#website\",\"url\":\"https:\/\/www.gastrofuzija.si\/\",\"name\":\"Gastrofuzija\",\"description\":\"USTVARJAMO VRHUNSKE KULINARI\u010cNE DOGODKE IN TEAM BUILDING AKTIVNOSTI!\",\"potentialAction\":[{\"@type\":\"SearchAction\",\"target\":{\"@type\":\"EntryPoint\",\"urlTemplate\":\"https:\/\/www.gastrofuzija.si\/?s={search_term_string}\"},\"query-input\":{\"@type\":\"PropertyValueSpecification\",\"valueRequired\":true,\"valueName\":\"search_term_string\"}}],\"inLanguage\":\"en-US\"}]}<\/script>\n<!-- \/ Yoast SEO plugin. -->","yoast_head_json":{"title":"FORGED Olive no\u017e za rezanje - Gastrofuzija","description":"FORGED Olive no\u017e za rezanje sodi v edinstveno serijo no\u017eev Olive. FORGED Olive no\u017e za rezanje visoko kvaliteten in ro\u010dno kovan.","robots":{"index":"index","follow":"follow","max-snippet":"max-snippet:-1","max-image-preview":"max-image-preview:large","max-video-preview":"max-video-preview:-1"},"canonical":"https:\/\/www.gastrofuzija.si\/en\/product\/olive-noz-za-rezanje\/","og_locale":"en_US","og_type":"article","og_title":"FORGED Olive no\u017e za rezanje - Gastrofuzija","og_description":"FORGED Olive no\u017e za rezanje sodi v edinstveno serijo no\u017eev Olive. FORGED Olive no\u017e za rezanje visoko kvaliteten in ro\u010dno kovan.","og_url":"https:\/\/www.gastrofuzija.si\/en\/product\/olive-noz-za-rezanje\/","og_site_name":"Gastrofuzija","article_modified_time":"2025-11-07T13:14:46+00:00","og_image":[{"width":330,"height":413,"url":"https:\/\/www.gastrofuzija.si\/wp-content\/uploads\/2020\/11\/Olive-Forged-noz-za-rezanje-330x413-1.png","type":"image\/png"}],"twitter_card":"summary_large_image","twitter_misc":{"Est. reading time":"1 minute"},"schema":{"@context":"https:\/\/schema.org","@graph":[{"@type":"WebPage","@id":"https:\/\/www.gastrofuzija.si\/izdelek\/olive-noz-za-rezanje\/","url":"https:\/\/www.gastrofuzija.si\/izdelek\/olive-noz-za-rezanje\/","name":"FORGED Olive no\u017e za rezanje - Gastrofuzija","isPartOf":{"@id":"https:\/\/www.gastrofuzija.si\/#website"},"primaryImageOfPage":{"@id":"https:\/\/www.gastrofuzija.si\/izdelek\/olive-noz-za-rezanje\/#primaryimage"},"image":{"@id":"https:\/\/www.gastrofuzija.si\/izdelek\/olive-noz-za-rezanje\/#primaryimage"},"thumbnailUrl":"https:\/\/www.gastrofuzija.si\/wp-content\/uploads\/2020\/11\/Olive-Forged-noz-za-rezanje-330x413-1.png","datePublished":"2025-02-27T10:03:02+00:00","dateModified":"2025-11-07T13:14:46+00:00","description":"FORGED Olive no\u017e za rezanje sodi v edinstveno serijo no\u017eev Olive. FORGED Olive no\u017e za rezanje visoko kvaliteten in ro\u010dno kovan.","breadcrumb":{"@id":"https:\/\/www.gastrofuzija.si\/izdelek\/olive-noz-za-rezanje\/#breadcrumb"},"inLanguage":"en-US","potentialAction":[{"@type":"ReadAction","target":["https:\/\/www.gastrofuzija.si\/izdelek\/olive-noz-za-rezanje\/"]}]},{"@type":"ImageObject","inLanguage":"en-US","@id":"https:\/\/www.gastrofuzija.si\/izdelek\/olive-noz-za-rezanje\/#primaryimage","url":"https:\/\/www.gastrofuzija.si\/wp-content\/uploads\/2020\/11\/Olive-Forged-noz-za-rezanje-330x413-1.png","contentUrl":"https:\/\/www.gastrofuzija.si\/wp-content\/uploads\/2020\/11\/Olive-Forged-noz-za-rezanje-330x413-1.png","width":330,"height":413,"caption":"FORGED Olive no\u017e za rezanje za prave chefe in ljubitelje kulinarike"},{"@type":"BreadcrumbList","@id":"https:\/\/www.gastrofuzija.si\/izdelek\/olive-noz-za-rezanje\/#breadcrumb","itemListElement":[{"@type":"ListItem","position":1,"name":"Home","item":"https:\/\/www.gastrofuzija.si\/"},{"@type":"ListItem","position":2,"name":"Spletna trgovina: Kuhaj kot chef","item":"https:\/\/www.gastrofuzija.si\/kuhaj-kot-chef\/"},{"@type":"ListItem","position":3,"name":"FORGED Olive no\u017e za rezanje"}]},{"@type":"WebSite","@id":"https:\/\/www.gastrofuzija.si\/#website","url":"https:\/\/www.gastrofuzija.si\/","name":"Gastrofuzija","description":"USTVARJAMO VRHUNSKE KULINARI\u010cNE DOGODKE IN TEAM BUILDING AKTIVNOSTI!","potentialAction":[{"@type":"SearchAction","target":{"@type":"EntryPoint","urlTemplate":"https:\/\/www.gastrofuzija.si\/?s={search_term_string}"},"query-input":{"@type":"PropertyValueSpecification","valueRequired":true,"valueName":"search_term_string"}}],"inLanguage":"en-US"}]}},"_links":{"self":[{"href":"https:\/\/www.gastrofuzija.si\/en\/wp-json\/wp\/v2\/product\/1015","targetHints":{"allow":["GET"]}}],"collection":[{"href":"https:\/\/www.gastrofuzija.si\/en\/wp-json\/wp\/v2\/product"}],"about":[{"href":"https:\/\/www.gastrofuzija.si\/en\/wp-json\/wp\/v2\/types\/product"}],"replies":[{"embeddable":true,"href":"https:\/\/www.gastrofuzija.si\/en\/wp-json\/wp\/v2\/comments?post=1015"}],"wp:featuredmedia":[{"embeddable":true,"href":"https:\/\/www.gastrofuzija.si\/en\/wp-json\/wp\/v2\/media\/1027"}],"wp:attachment":[{"href":"https:\/\/www.gastrofuzija.si\/en\/wp-json\/wp\/v2\/media?parent=1015"}],"wp:term":[{"taxonomy":"product_brand","embeddable":true,"href":"https:\/\/www.gastrofuzija.si\/en\/wp-json\/wp\/v2\/product_brand?post=1015"},{"taxonomy":"product_cat","embeddable":true,"href":"https:\/\/www.gastrofuzija.si\/en\/wp-json\/wp\/v2\/product_cat?post=1015"},{"taxonomy":"product_tag","embeddable":true,"href":"https:\/\/www.gastrofuzija.si\/en\/wp-json\/wp\/v2\/product_tag?post=1015"}],"curies":[{"name":"wp","href":"https:\/\/api.w.org\/{rel}","templated":true}]}}