{"id":9177,"date":"2024-01-15T11:53:54","date_gmt":"2024-01-15T10:53:54","guid":{"rendered":"https:\/\/www.gastrofuzija.si\/?page_id=9177"},"modified":"2026-03-30T15:37:39","modified_gmt":"2026-03-30T13:37:39","slug":"team-building-delavnica-koktejlov","status":"publish","type":"page","link":"https:\/\/www.gastrofuzija.si\/en\/team-building-delavnica-koktejlov\/","title":{"rendered":"SHAKE IT! Team building me\u0161anja popularnih kokteljov"},"content":{"rendered":"<div class=\"fusion-fullwidth fullwidth-box fusion-builder-row-1 nonhundred-percent-fullwidth non-hundred-percent-height-scrolling fusion-equal-height-columns\" style=\"background-color: #efefef;background-position: center center;background-repeat: no-repeat;padding-top:10px;padding-right:0px;padding-bottom:0px;padding-left:0px;margin-bottom: 0px;margin-top: 0px;border-width: 0px 0px 0px 0px;border-color:#eae9e9;border-style:solid;\" ><div class=\"fusion-builder-row fusion-row\"><div class=\"fusion-layout-column fusion_builder_column fusion-builder-column-0 fusion_builder_column_1_2 1_2 fusion-one-half fusion-column-first fusion-animated\" style=\"width:50%;width:calc(50% - ( ( 0% ) * 0.5 ) );margin-right: 0%;margin-top:0px;margin-bottom:0px;\" data-animationtype=\"fadeInLeft\" data-animationduration=\"0.8\" data-animationoffset=\"top-into-view\"><div class=\"fusion-column-wrapper fusion-flex-column-wrapper-legacy fusion-empty-dims-bg-image\" style=\"background-image: url(&#039;https:\/\/www.gastrofuzija.si\/wp-content\/uploads\/2021\/10\/Untitled-design-1.png&#039;);background-position:left top;background-repeat:no-repeat;-webkit-background-size:cover;-moz-background-size:cover;-o-background-size:cover;background-size:cover;background-color:#f9f9f9;padding: 0px 0px 0px 0px;\" data-bg-url=\"https:\/\/www.gastrofuzija.si\/wp-content\/uploads\/2021\/10\/Untitled-design-1.png\"><div class=\"fusion-column-content-centered\"><div class=\"fusion-column-content\"><span class=\"fusion-imageframe imageframe-none imageframe-1 hover-type-none\"><img decoding=\"async\" width=\"281\" height=\"300\" title=\"1\" src=\"https:\/\/www.gastrofuzija.si\/wp-content\/uploads\/2026\/03\/1-281x300.jpg\" alt class=\"img-responsive wp-image-14039\" srcset=\"https:\/\/www.gastrofuzija.si\/wp-content\/uploads\/2026\/03\/1-200x213.jpg 200w, https:\/\/www.gastrofuzija.si\/wp-content\/uploads\/2026\/03\/1-400x427.jpg 400w, https:\/\/www.gastrofuzija.si\/wp-content\/uploads\/2026\/03\/1-600x640.jpg 600w, https:\/\/www.gastrofuzija.si\/wp-content\/uploads\/2026\/03\/1.jpg 800w\" sizes=\"(max-width: 800px) 100vw, 600px\" \/><\/span><\/div><\/div><div class=\"fusion-clearfix\"><\/div><\/div><\/div><div class=\"fusion-layout-column fusion_builder_column fusion-builder-column-1 fusion_builder_column_1_2 1_2 fusion-one-half fusion-column-last fusion-animated\" style=\"width:50%;width:calc(50% - ( ( 0% ) * 0.5 ) );margin-top:0px;margin-bottom:0px;\" data-animationtype=\"fadeInRight\" data-animationduration=\"0.8\" data-animationoffset=\"top-into-view\"><div class=\"fusion-column-wrapper fusion-flex-column-wrapper-legacy\" style=\"background-position:left top;background-repeat:no-repeat;-webkit-background-size:cover;-moz-background-size:cover;-o-background-size:cover;background-size:cover;background-color:#ffffff;padding: 0% 9% 0% 9%;\"><div class=\"fusion-sep-clear\"><\/div><div class=\"fusion-separator fusion-full-width-sep\" style=\"margin-left: auto;margin-right: auto;margin-top:30px;width:100%;\"><\/div><div class=\"fusion-sep-clear\"><\/div><div class=\"fusion-text fusion-text-1\"><h2>SHAKE IT!<\/h2>\n<h2>Team building me\u0161anja popularnih kokteljov<\/h2>\n<p><strong>Shake It!<\/strong> je interaktiven in spro\u0161\u010den <strong>team building za podjetja<\/strong>, kjer udele\u017eenci skozi me\u0161anje koktajlov razvijajo povezovanje ekipe, komunikacijo in kreativnost. Pod vodstvom izku\u0161enih barmanov boste spoznali svet najbolj priljubljenih koktajlov, tako alkoholnih kot brezalkoholnih ter se preizkusili v pripravi lastnih unikatnih kombinacij. Od dekoracije, do metanja steklenic, spajanja razli\u010dnih pija\u010d v vrhunske koktejle.<\/p>\n<p>Kaj vklju\u010duje cocktail team building?<\/p>\n<ul>\n<li>U\u010denje priprave klasi\u010dnih in modernih koktajlov<\/li>\n<li>Eksperimentiranje z okusi in sestavinami<\/li>\n<li>Ustvarjanje lastnega \u201csignature\u201d koktajla<\/li>\n<li>Osnove bartendinga (tudi triki in \u201cflair\u201d)<\/li>\n<li>Delo v ekipah in zabavni izzivi<\/li>\n<\/ul>\n<p>Gre za energi\u010den <strong>teambuilding<\/strong>, ki zdru\u017euje zabavo, u\u010denje in timsko sodelovanje.<\/p>\n<p>Dogodek organiziramo na lokaciji po va\u0161i izbiri ali v na\u0161em kulinari\u010dnem centru v Ljubljani.<br \/>\nTrajanje: 2-3h<\/p>\n<\/div><div class=\"fusion-sep-clear\"><\/div><div class=\"fusion-separator fusion-full-width-sep\" style=\"margin-left: auto;margin-right: auto;margin-top:5px;width:100%;\"><\/div><div class=\"fusion-sep-clear\"><\/div><div class=\"fusion-button-wrapper\"><style>.fusion-button.button-1{border-radius:2px 2px 2px 2px;}<\/style><a class=\"fusion-button button-flat fusion-button-default-size button-default button-1 fusion-button-default-span fusion-button-default-type\" target=\"_self\" href=\"https:\/\/www.gastrofuzija.si\/en\/team-building-oddaj-povprasevanje\/\"><span class=\"fusion-button-text\">Oddajte povpra\u0161evanje<\/span><\/a><\/div><div class=\"fusion-sep-clear\"><\/div><div class=\"fusion-separator fusion-full-width-sep\" style=\"margin-left: auto;margin-right: auto;margin-top:15px;width:100%;\"><\/div><div class=\"fusion-sep-clear\"><\/div><div class=\"fusion-clearfix\"><\/div><\/div><\/div><\/div><\/div>","protected":false},"excerpt":{"rendered":"","protected":false},"author":8,"featured_media":0,"parent":0,"menu_order":0,"comment_status":"closed","ping_status":"closed","template":"100-width.php","meta":{"footnotes":""},"class_list":["post-9177","page","type-page","status-publish","hentry"],"yoast_head":"<!-- This site is optimized with the Yoast SEO plugin v26.8 - https:\/\/yoast.com\/product\/yoast-seo-wordpress\/ -->\n<title>SHAKE IT! Team building me\u0161anja popularnih kokteljov<\/title>\n<meta name=\"description\" content=\"Team building me\u0161anja koktejlov je aktivnost, kjer udele\u017eenci skozi pripravo in me\u0161anje pija\u010d razvijajo sodelovanje in kreativnost.\" \/>\n<meta name=\"robots\" content=\"index, follow, max-snippet:-1, max-image-preview:large, max-video-preview:-1\" \/>\n<link rel=\"canonical\" href=\"https:\/\/www.gastrofuzija.si\/en\/team-building-delavnica-koktejlov\/\" \/>\n<meta property=\"og:locale\" content=\"en_US\" \/>\n<meta property=\"og:type\" content=\"article\" \/>\n<meta property=\"og:title\" content=\"SHAKE IT! Team building me\u0161anja popularnih kokteljov\" \/>\n<meta property=\"og:description\" content=\"Team building me\u0161anja koktejlov je aktivnost, kjer udele\u017eenci skozi pripravo in me\u0161anje pija\u010d razvijajo sodelovanje in kreativnost.\" \/>\n<meta property=\"og:url\" content=\"https:\/\/www.gastrofuzija.si\/en\/team-building-delavnica-koktejlov\/\" \/>\n<meta property=\"og:site_name\" content=\"Gastrofuzija\" \/>\n<meta property=\"article:modified_time\" content=\"2026-03-30T13:37:39+00:00\" \/>\n<meta property=\"og:image\" content=\"https:\/\/www.gastrofuzija.si\/wp-content\/uploads\/2022\/03\/kulinaricni-center-v-ljubljani-2.jpg\" \/>\n\t<meta property=\"og:image:width\" content=\"1672\" \/>\n\t<meta property=\"og:image:height\" content=\"866\" \/>\n\t<meta property=\"og:image:type\" content=\"image\/jpeg\" \/>\n<meta name=\"twitter:card\" content=\"summary_large_image\" \/>\n<meta name=\"twitter:image\" content=\"https:\/\/www.gastrofuzija.si\/wp-content\/uploads\/2022\/03\/kulinaricni-center-v-ljubljani-2.jpg\" \/>\n<meta name=\"twitter:label1\" content=\"Est. reading time\" \/>\n\t<meta name=\"twitter:data1\" content=\"3 minutes\" \/>\n<script type=\"application\/ld+json\" class=\"yoast-schema-graph\">{\"@context\":\"https:\/\/schema.org\",\"@graph\":[{\"@type\":\"WebPage\",\"@id\":\"https:\/\/www.gastrofuzija.si\/team-building-delavnica-koktejlov\/\",\"url\":\"https:\/\/www.gastrofuzija.si\/team-building-delavnica-koktejlov\/\",\"name\":\"SHAKE IT! Team building me\u0161anja popularnih kokteljov\",\"isPartOf\":{\"@id\":\"https:\/\/www.gastrofuzija.si\/#website\"},\"datePublished\":\"2024-01-15T10:53:54+00:00\",\"dateModified\":\"2026-03-30T13:37:39+00:00\",\"description\":\"Team building me\u0161anja koktejlov je aktivnost, kjer udele\u017eenci skozi pripravo in me\u0161anje pija\u010d razvijajo sodelovanje in kreativnost.\",\"breadcrumb\":{\"@id\":\"https:\/\/www.gastrofuzija.si\/team-building-delavnica-koktejlov\/#breadcrumb\"},\"inLanguage\":\"en-US\",\"potentialAction\":[{\"@type\":\"ReadAction\",\"target\":[\"https:\/\/www.gastrofuzija.si\/team-building-delavnica-koktejlov\/\"]}]},{\"@type\":\"BreadcrumbList\",\"@id\":\"https:\/\/www.gastrofuzija.si\/team-building-delavnica-koktejlov\/#breadcrumb\",\"itemListElement\":[{\"@type\":\"ListItem\",\"position\":1,\"name\":\"Home\",\"item\":\"https:\/\/www.gastrofuzija.si\/\"},{\"@type\":\"ListItem\",\"position\":2,\"name\":\"SHAKE IT! Team building me\u0161anja popularnih kokteljov\"}]},{\"@type\":\"WebSite\",\"@id\":\"https:\/\/www.gastrofuzija.si\/#website\",\"url\":\"https:\/\/www.gastrofuzija.si\/\",\"name\":\"Gastrofuzija\",\"description\":\"USTVARJAMO VRHUNSKE KULINARI\u010cNE DOGODKE IN TEAM BUILDING AKTIVNOSTI!\",\"potentialAction\":[{\"@type\":\"SearchAction\",\"target\":{\"@type\":\"EntryPoint\",\"urlTemplate\":\"https:\/\/www.gastrofuzija.si\/?s={search_term_string}\"},\"query-input\":{\"@type\":\"PropertyValueSpecification\",\"valueRequired\":true,\"valueName\":\"search_term_string\"}}],\"inLanguage\":\"en-US\"}]}<\/script>\n<!-- \/ Yoast SEO plugin. -->","yoast_head_json":{"title":"SHAKE IT! Team building me\u0161anja popularnih kokteljov","description":"Team building me\u0161anja koktejlov je aktivnost, kjer udele\u017eenci skozi pripravo in me\u0161anje pija\u010d razvijajo sodelovanje in kreativnost.","robots":{"index":"index","follow":"follow","max-snippet":"max-snippet:-1","max-image-preview":"max-image-preview:large","max-video-preview":"max-video-preview:-1"},"canonical":"https:\/\/www.gastrofuzija.si\/en\/team-building-delavnica-koktejlov\/","og_locale":"en_US","og_type":"article","og_title":"SHAKE IT! Team building me\u0161anja popularnih kokteljov","og_description":"Team building me\u0161anja koktejlov je aktivnost, kjer udele\u017eenci skozi pripravo in me\u0161anje pija\u010d razvijajo sodelovanje in kreativnost.","og_url":"https:\/\/www.gastrofuzija.si\/en\/team-building-delavnica-koktejlov\/","og_site_name":"Gastrofuzija","article_modified_time":"2026-03-30T13:37:39+00:00","og_image":[{"width":1672,"height":866,"url":"https:\/\/www.gastrofuzija.si\/wp-content\/uploads\/2022\/03\/kulinaricni-center-v-ljubljani-2.jpg","type":"image\/jpeg"}],"twitter_card":"summary_large_image","twitter_image":"https:\/\/www.gastrofuzija.si\/wp-content\/uploads\/2022\/03\/kulinaricni-center-v-ljubljani-2.jpg","twitter_misc":{"Est. reading time":"3 minutes"},"schema":{"@context":"https:\/\/schema.org","@graph":[{"@type":"WebPage","@id":"https:\/\/www.gastrofuzija.si\/team-building-delavnica-koktejlov\/","url":"https:\/\/www.gastrofuzija.si\/team-building-delavnica-koktejlov\/","name":"SHAKE IT! Team building me\u0161anja popularnih kokteljov","isPartOf":{"@id":"https:\/\/www.gastrofuzija.si\/#website"},"datePublished":"2024-01-15T10:53:54+00:00","dateModified":"2026-03-30T13:37:39+00:00","description":"Team building me\u0161anja koktejlov je aktivnost, kjer udele\u017eenci skozi pripravo in me\u0161anje pija\u010d razvijajo sodelovanje in kreativnost.","breadcrumb":{"@id":"https:\/\/www.gastrofuzija.si\/team-building-delavnica-koktejlov\/#breadcrumb"},"inLanguage":"en-US","potentialAction":[{"@type":"ReadAction","target":["https:\/\/www.gastrofuzija.si\/team-building-delavnica-koktejlov\/"]}]},{"@type":"BreadcrumbList","@id":"https:\/\/www.gastrofuzija.si\/team-building-delavnica-koktejlov\/#breadcrumb","itemListElement":[{"@type":"ListItem","position":1,"name":"Home","item":"https:\/\/www.gastrofuzija.si\/"},{"@type":"ListItem","position":2,"name":"SHAKE IT! Team building me\u0161anja popularnih kokteljov"}]},{"@type":"WebSite","@id":"https:\/\/www.gastrofuzija.si\/#website","url":"https:\/\/www.gastrofuzija.si\/","name":"Gastrofuzija","description":"USTVARJAMO VRHUNSKE KULINARI\u010cNE DOGODKE IN TEAM BUILDING AKTIVNOSTI!","potentialAction":[{"@type":"SearchAction","target":{"@type":"EntryPoint","urlTemplate":"https:\/\/www.gastrofuzija.si\/?s={search_term_string}"},"query-input":{"@type":"PropertyValueSpecification","valueRequired":true,"valueName":"search_term_string"}}],"inLanguage":"en-US"}]}},"_links":{"self":[{"href":"https:\/\/www.gastrofuzija.si\/en\/wp-json\/wp\/v2\/pages\/9177","targetHints":{"allow":["GET"]}}],"collection":[{"href":"https:\/\/www.gastrofuzija.si\/en\/wp-json\/wp\/v2\/pages"}],"about":[{"href":"https:\/\/www.gastrofuzija.si\/en\/wp-json\/wp\/v2\/types\/page"}],"author":[{"embeddable":true,"href":"https:\/\/www.gastrofuzija.si\/en\/wp-json\/wp\/v2\/users\/8"}],"replies":[{"embeddable":true,"href":"https:\/\/www.gastrofuzija.si\/en\/wp-json\/wp\/v2\/comments?post=9177"}],"version-history":[{"count":11,"href":"https:\/\/www.gastrofuzija.si\/en\/wp-json\/wp\/v2\/pages\/9177\/revisions"}],"predecessor-version":[{"id":14102,"href":"https:\/\/www.gastrofuzija.si\/en\/wp-json\/wp\/v2\/pages\/9177\/revisions\/14102"}],"wp:attachment":[{"href":"https:\/\/www.gastrofuzija.si\/en\/wp-json\/wp\/v2\/media?parent=9177"}],"curies":[{"name":"wp","href":"https:\/\/api.w.org\/{rel}","templated":true}]}}