{"id":8406,"date":"2023-07-13T10:49:48","date_gmt":"2023-07-13T08:49:48","guid":{"rendered":"https:\/\/www.gastrofuzija.si\/?page_id=8406"},"modified":"2026-03-29T22:00:35","modified_gmt":"2026-03-29T20:00:35","slug":"organizacija-poslovnih-in-zasebnih-dogodkov","status":"publish","type":"page","link":"https:\/\/www.gastrofuzija.si\/en\/organizacija-poslovnih-in-zasebnih-dogodkov\/","title":{"rendered":"Organizacija poslovnih in zasebnih dogodkov"},"content":{"rendered":"<p><div class=\"fusion-fullwidth fullwidth-box fusion-builder-row-1 nonhundred-percent-fullwidth non-hundred-percent-height-scrolling fusion-equal-height-columns\" style=\"background-color: #efefef;background-position: center center;background-repeat: no-repeat;padding-top:10px;padding-right:0px;padding-bottom:0px;padding-left:0px;margin-bottom: 0px;margin-top: 0px;border-width: 0px 0px 0px 0px;border-color:#eae9e9;border-style:solid;\" ><div class=\"fusion-builder-row fusion-row\"><div class=\"fusion-layout-column fusion_builder_column fusion-builder-column-0 fusion_builder_column_1_2 1_2 fusion-one-half fusion-column-first fusion-animated\" style=\"width:50%;width:calc(50% - ( ( 0% ) * 0.5 ) );margin-right: 0%;margin-top:0px;margin-bottom:0px;\" data-animationtype=\"fadeInLeft\" data-animationduration=\"0.8\" data-animationoffset=\"top-into-view\"><div class=\"fusion-column-wrapper fusion-flex-column-wrapper-legacy fusion-empty-dims-bg-image\" style=\"background-image: url(&#039;https:\/\/www.gastrofuzija.si\/wp-content\/uploads\/2021\/10\/Untitled-design-1.png&#039;);background-position:left top;background-repeat:no-repeat;-webkit-background-size:cover;-moz-background-size:cover;-o-background-size:cover;background-size:cover;background-color:#f9f9f9;padding: 0px 0px 0px 0px;\" data-bg-url=\"https:\/\/www.gastrofuzija.si\/wp-content\/uploads\/2021\/10\/Untitled-design-1.png\"><div class=\"fusion-column-content-centered\"><div class=\"fusion-column-content\"><span class=\"fusion-imageframe imageframe-none imageframe-1 hover-type-none\"><img decoding=\"async\" width=\"281\" height=\"300\" title=\"13\" src=\"https:\/\/www.gastrofuzija.si\/wp-content\/uploads\/2026\/03\/13-1-281x300.jpg\" alt class=\"img-responsive wp-image-14057\" srcset=\"https:\/\/www.gastrofuzija.si\/wp-content\/uploads\/2026\/03\/13-1-200x213.jpg 200w, https:\/\/www.gastrofuzija.si\/wp-content\/uploads\/2026\/03\/13-1-400x427.jpg 400w, https:\/\/www.gastrofuzija.si\/wp-content\/uploads\/2026\/03\/13-1-600x640.jpg 600w, https:\/\/www.gastrofuzija.si\/wp-content\/uploads\/2026\/03\/13-1.jpg 800w\" sizes=\"(max-width: 800px) 100vw, 600px\" \/><\/span><\/div><\/div><div class=\"fusion-clearfix\"><\/div><\/div><\/div><div class=\"fusion-layout-column fusion_builder_column fusion-builder-column-1 fusion_builder_column_1_2 1_2 fusion-one-half fusion-column-last fusion-animated\" style=\"width:50%;width:calc(50% - ( ( 0% ) * 0.5 ) );margin-top:0px;margin-bottom:0px;\" data-animationtype=\"fadeInRight\" data-animationduration=\"0.8\" data-animationoffset=\"top-into-view\"><div class=\"fusion-column-wrapper fusion-flex-column-wrapper-legacy\" style=\"background-position:left top;background-repeat:no-repeat;-webkit-background-size:cover;-moz-background-size:cover;-o-background-size:cover;background-size:cover;background-color:#ffffff;padding: 0% 9% 0% 9%;\"><div class=\"fusion-sep-clear\"><\/div><div class=\"fusion-separator fusion-full-width-sep\" style=\"margin-left: auto;margin-right: auto;margin-top:30px;width:100%;\"><\/div><div class=\"fusion-sep-clear\"><\/div><div class=\"fusion-text fusion-text-1\"><h1><strong>ORGANIZACIJA POSLOVNIH IN ZASEBNIH DOGODKOV Z GASTROFUZIJO<\/strong><\/h1>\n<\/div><div class=\"fusion-text fusion-text-2\"><h2><strong>NAREDITE POSLOVNE IN ZASEBNE DOGODKE \u0160E BOLJ NEPOZABNE!<\/strong><\/h2>\n<\/div><div class=\"fusion-sep-clear\"><\/div><div class=\"fusion-separator fusion-full-width-sep\" style=\"margin-left: auto;margin-right: auto;margin-top:30px;width:100%;\"><\/div><div class=\"fusion-sep-clear\"><\/div><div class=\"fusion-text fusion-text-3\"><p><strong data-start=\"451\" data-end=\"519\">I\u0161\u010dete partnerja za profesionalno in kreativno izvedbo dogodkov?<\/strong> V <strong data-start=\"522\" data-end=\"538\">Gastrofuziji<\/strong> poskrbimo, da je vsak poslovni ali zasebni dogodek resni\u010dno nepozaben, od vrhunskega cateringa in kulinari\u010dnih do\u017eivetij do popolne organizacije in vzdu\u0161ja, ki navdu\u0161i va\u0161e goste.<\/p>\n<\/div><div class=\"fusion-clearfix\"><\/div><\/div><\/div><\/div><\/div><div class=\"fusion-fullwidth fullwidth-box fusion-builder-row-2 fusion-flex-container nonhundred-percent-fullwidth non-hundred-percent-height-scrolling\" style=\"background-color: rgba(255,255,255,0);background-position: center center;background-repeat: no-repeat;border-width: 0px 0px 0px 0px;border-color:#eae9e9;border-style:solid;\" ><div class=\"fusion-builder-row fusion-row fusion-flex-align-items-flex-start\" style=\"max-width:1040px;margin-left: calc(-4% \/ 2 );margin-right: calc(-4% \/ 2 );\"><div class=\"fusion-layout-column fusion_builder_column fusion-builder-column-2 fusion_builder_column_1_1 1_1 fusion-flex-column\"><div class=\"fusion-column-wrapper fusion-flex-justify-content-flex-start fusion-content-layout-column\" style=\"background-position:left top;background-repeat:no-repeat;-webkit-background-size:cover;-moz-background-size:cover;-o-background-size:cover;background-size:cover;padding: 0px 0px 0px 0px;\"><div class=\"fusion-separator fusion-full-width-sep\" style=\"align-self: center;margin-left: auto;margin-right: auto;margin-top:30px;width:100%;\"><\/div><div class=\"fusion-text fusion-text-4\"><h3 data-start=\"316\" data-end=\"381\">Dogodki po meri, od poslovnih sre\u010danj do zasebnih praznovanj<\/h3>\n<p>Vsak dogodek oblikujemo po va\u0161ih \u017eeljah in potrebah:<\/p>\n<ul>\n<li>Poslovna sre\u010danja in konference<\/li>\n<li>Team building, rojstnodnevne zabave, obletnice<\/li>\n<li>Spro\u0161\u010deni pikniki in dru\u017einska praznovanja<\/li>\n<\/ul>\n<p>Na\u0161a ekipa poskrbi za vse, hrano, pija\u010do, postre\u017ebo, dekoracijo in organizacijo celotnega dogodka, tako, da ste vi popolnoma brez skrbi.<\/p>\n<h3 data-start=\"552\" data-end=\"580\"><strong data-start=\"555\" data-end=\"580\">Dogodki, ki navdu\u0161ijo<\/strong><\/h3>\n<p data-start=\"581\" data-end=\"787\">Vsak dogodek ustvarimo <strong data-start=\"918\" data-end=\"941\">po meri va\u0161ih \u017eelja<\/strong>. Naj gre za poslovna sre\u010danja, konference, team buildinge, obletnice, rojstnodnevne zabave ali spro\u0161\u010dene piknike \u2013 poskrbimo za vsako podrobnost. Na slovesnih prireditvah zagotovimo eleganco in prefinjenost, na bolj neformalnih dogodkih pa doma\u010dnost, toplino in spro\u0161\u010deno energijo. Z veseljem prevzamemo hrano, pija\u010do, organizacijo postre\u017ebe in vse klju\u010dne detajle, ki va\u0161 dogodek pove\u017eejo v popolno celoto.<\/p>\n<h3 data-start=\"789\" data-end=\"817\">Kulinari\u010dna odli\u010dnost v ospredju<\/h3>\n<p data-start=\"818\" data-end=\"947\">V sredi\u0161\u010du vsakega odli\u010dnega dogodka je nepozabna kulinarika. <strong>Za vrhunske okuse pri Gastrofuziji skrbijo priznani chefi<\/strong>, ki za va\u0161 dogodek pripravijo jedi po meri, slastne, kreativne in vizualno dovr\u0161ene. Meni vedno prilagodimo va\u0161im \u017eeljam, \u0161tevilu gostov in stilu dogodka, da je vsaka izku\u0161nja res unikatna.<\/p>\n<h3 data-start=\"949\" data-end=\"975\">Zakaj organizacijo va\u0161ega dogodka zaupati<strong> Gastrofuziji?<\/strong><\/h3>\n<ul>\n<li data-start=\"253\" data-end=\"329\"><strong data-start=\"253\" data-end=\"286\">Celostna organizacija dogodka<\/strong> \u2013 poskrbimo za vse, od ideje do izvedbe, da ste vi popolnoma brez skrbi.<\/li>\n<li data-start=\"253\" data-end=\"329\"><strong data-start=\"332\" data-end=\"353\">Vrhunski catering za vse prilo\u017enosti<\/strong>, pripravljen s strani priznanih chefov.<\/li>\n<li data-start=\"253\" data-end=\"329\"><strong data-start=\"1947\" data-end=\"2003\">Popolna prilagoditev prora\u010dunu, tematiki in lokaciji<\/strong>, ne glede na velikost dogodka.<\/li>\n<li data-start=\"253\" data-end=\"329\"><strong data-start=\"2039\" data-end=\"2081\">Hitra odzivnost in profesionalna ekipa<\/strong>, ki zagotavlja gladek potek in brezskrbno izku\u0161njo.<\/li>\n<\/ul>\n<p>Trajanje: po dogovoru, prilagojeno vrsti dogodka<br data-start=\"2145\" data-end=\"2148\" \/>Lokacija: po va\u0161i izbiri ali v na\u0161em <strong data-start=\"2188\" data-end=\"2224\">kulinari\u010dnem centru Gastrofuzija v Ljubljani<\/strong><\/p>\n<\/div><div style=\"text-align:center;\"><style>.fusion-button.button-1{border-radius:2px 2px 2px 2px;}<\/style><a class=\"fusion-button button-flat fusion-button-default-size button-default button-1 fusion-button-default-span fusion-button-default-type\" target=\"_self\" href=\"https:\/\/www.gastrofuzija.si\/en\/team-building-oddaj-povprasevanje\/\"><span class=\"fusion-button-text\">Oddajte povpra\u0161evanje<\/span><\/a><\/div><\/div><style type=\"text\/css\">.fusion-body .fusion-builder-column-2{width:100% !important;margin-top : 0px;margin-bottom : 0px;}.fusion-builder-column-2 > .fusion-column-wrapper {padding-top : 0px !important;padding-right : 0px !important;margin-right : 1.92%;padding-bottom : 0px !important;padding-left : 0px !important;margin-left : 1.92%;}@media only screen and (max-width:1024px) {.fusion-body .fusion-builder-column-2{width:100% !important;order : 0;}.fusion-builder-column-2 > .fusion-column-wrapper {margin-right : 1.92%;margin-left : 1.92%;}}@media only screen and (max-width:640px) {.fusion-body .fusion-builder-column-2{width:100% !important;order : 0;}.fusion-builder-column-2 > .fusion-column-wrapper {margin-right : 1.92%;margin-left : 1.92%;}}<\/style><\/div><\/div><style type=\"text\/css\">.fusion-body .fusion-flex-container.fusion-builder-row-2{ padding-top : 0px;margin-top : 0px;padding-right : 0px;padding-bottom : 0px;margin-bottom : 0px;padding-left : 0px;}<\/style><\/div><\/p>","protected":false},"excerpt":{"rendered":"","protected":false},"author":8,"featured_media":11265,"parent":0,"menu_order":0,"comment_status":"closed","ping_status":"closed","template":"100-width.php","meta":{"footnotes":""},"class_list":["post-8406","page","type-page","status-publish","has-post-thumbnail","hentry"],"yoast_head":"<!-- This site is optimized with the Yoast SEO plugin v26.8 - https:\/\/yoast.com\/product\/yoast-seo-wordpress\/ -->\n<title>Organizacija poslovnih in zasebnih dogodkov Gastrofuzija<\/title>\n<meta name=\"description\" content=\"Organizacija poslovnih in zasebnih dogodkov z vrhunskim cateringom. Prilagodimo se va\u0161im \u017eeljam, tematiki in lokaciji. Oddajte povpra\u0161evanje.\" \/>\n<meta name=\"robots\" content=\"index, follow, max-snippet:-1, max-image-preview:large, max-video-preview:-1\" \/>\n<link rel=\"canonical\" href=\"https:\/\/www.gastrofuzija.si\/en\/organizacija-poslovnih-in-zasebnih-dogodkov\/\" \/>\n<meta property=\"og:locale\" content=\"en_US\" \/>\n<meta property=\"og:type\" content=\"article\" \/>\n<meta property=\"og:title\" content=\"Organizacija poslovnih in zasebnih dogodkov Gastrofuzija\" \/>\n<meta property=\"og:description\" content=\"Organizacija poslovnih in zasebnih dogodkov z vrhunskim cateringom. Prilagodimo se va\u0161im \u017eeljam, tematiki in lokaciji. Oddajte povpra\u0161evanje.\" \/>\n<meta property=\"og:url\" content=\"https:\/\/www.gastrofuzija.si\/en\/organizacija-poslovnih-in-zasebnih-dogodkov\/\" \/>\n<meta property=\"og:site_name\" content=\"Gastrofuzija\" \/>\n<meta property=\"article:modified_time\" content=\"2026-03-29T20:00:35+00:00\" \/>\n<meta property=\"og:image\" content=\"https:\/\/www.gastrofuzija.si\/wp-content\/uploads\/2022\/03\/kulinaricni-center-v-ljubljani-2.jpg\" \/>\n\t<meta property=\"og:image:width\" content=\"1672\" \/>\n\t<meta property=\"og:image:height\" content=\"866\" \/>\n\t<meta property=\"og:image:type\" content=\"image\/jpeg\" \/>\n<meta name=\"twitter:card\" content=\"summary_large_image\" \/>\n<meta name=\"twitter:image\" content=\"https:\/\/www.gastrofuzija.si\/wp-content\/uploads\/2022\/03\/kulinaricni-center-v-ljubljani-2.jpg\" \/>\n<meta name=\"twitter:label1\" content=\"Est. reading time\" \/>\n\t<meta name=\"twitter:data1\" content=\"5 minutes\" \/>\n<script type=\"application\/ld+json\" class=\"yoast-schema-graph\">{\"@context\":\"https:\/\/schema.org\",\"@graph\":[{\"@type\":\"WebPage\",\"@id\":\"https:\/\/www.gastrofuzija.si\/organizacija-poslovnih-in-zasebnih-dogodkov\/\",\"url\":\"https:\/\/www.gastrofuzija.si\/organizacija-poslovnih-in-zasebnih-dogodkov\/\",\"name\":\"Organizacija poslovnih in zasebnih dogodkov Gastrofuzija\",\"isPartOf\":{\"@id\":\"https:\/\/www.gastrofuzija.si\/#website\"},\"primaryImageOfPage\":{\"@id\":\"https:\/\/www.gastrofuzija.si\/organizacija-poslovnih-in-zasebnih-dogodkov\/#primaryimage\"},\"image\":{\"@id\":\"https:\/\/www.gastrofuzija.si\/organizacija-poslovnih-in-zasebnih-dogodkov\/#primaryimage\"},\"thumbnailUrl\":\"https:\/\/www.gastrofuzija.si\/wp-content\/uploads\/2025\/03\/Gastrofuzija_Wine-33_foto_Marko_Delbello_Ocepek.jpg\",\"datePublished\":\"2023-07-13T08:49:48+00:00\",\"dateModified\":\"2026-03-29T20:00:35+00:00\",\"description\":\"Organizacija poslovnih in zasebnih dogodkov z vrhunskim cateringom. Prilagodimo se va\u0161im \u017eeljam, tematiki in lokaciji. Oddajte povpra\u0161evanje.\",\"breadcrumb\":{\"@id\":\"https:\/\/www.gastrofuzija.si\/organizacija-poslovnih-in-zasebnih-dogodkov\/#breadcrumb\"},\"inLanguage\":\"en-US\",\"potentialAction\":[{\"@type\":\"ReadAction\",\"target\":[\"https:\/\/www.gastrofuzija.si\/organizacija-poslovnih-in-zasebnih-dogodkov\/\"]}]},{\"@type\":\"ImageObject\",\"inLanguage\":\"en-US\",\"@id\":\"https:\/\/www.gastrofuzija.si\/organizacija-poslovnih-in-zasebnih-dogodkov\/#primaryimage\",\"url\":\"https:\/\/www.gastrofuzija.si\/wp-content\/uploads\/2025\/03\/Gastrofuzija_Wine-33_foto_Marko_Delbello_Ocepek.jpg\",\"contentUrl\":\"https:\/\/www.gastrofuzija.si\/wp-content\/uploads\/2025\/03\/Gastrofuzija_Wine-33_foto_Marko_Delbello_Ocepek.jpg\",\"width\":2000,\"height\":1333,\"caption\":\"Organizacija zasebnih in poslovnih dogodkov Gastrofuzija\"},{\"@type\":\"BreadcrumbList\",\"@id\":\"https:\/\/www.gastrofuzija.si\/organizacija-poslovnih-in-zasebnih-dogodkov\/#breadcrumb\",\"itemListElement\":[{\"@type\":\"ListItem\",\"position\":1,\"name\":\"Home\",\"item\":\"https:\/\/www.gastrofuzija.si\/\"},{\"@type\":\"ListItem\",\"position\":2,\"name\":\"Organizacija poslovnih in zasebnih dogodkov\"}]},{\"@type\":\"WebSite\",\"@id\":\"https:\/\/www.gastrofuzija.si\/#website\",\"url\":\"https:\/\/www.gastrofuzija.si\/\",\"name\":\"Gastrofuzija\",\"description\":\"USTVARJAMO VRHUNSKE KULINARI\u010cNE DOGODKE IN TEAM BUILDING AKTIVNOSTI!\",\"potentialAction\":[{\"@type\":\"SearchAction\",\"target\":{\"@type\":\"EntryPoint\",\"urlTemplate\":\"https:\/\/www.gastrofuzija.si\/?s={search_term_string}\"},\"query-input\":{\"@type\":\"PropertyValueSpecification\",\"valueRequired\":true,\"valueName\":\"search_term_string\"}}],\"inLanguage\":\"en-US\"}]}<\/script>\n<!-- \/ Yoast SEO plugin. -->","yoast_head_json":{"title":"Organizacija poslovnih in zasebnih dogodkov Gastrofuzija","description":"Organizacija poslovnih in zasebnih dogodkov z vrhunskim cateringom. Prilagodimo se va\u0161im \u017eeljam, tematiki in lokaciji. Oddajte povpra\u0161evanje.","robots":{"index":"index","follow":"follow","max-snippet":"max-snippet:-1","max-image-preview":"max-image-preview:large","max-video-preview":"max-video-preview:-1"},"canonical":"https:\/\/www.gastrofuzija.si\/en\/organizacija-poslovnih-in-zasebnih-dogodkov\/","og_locale":"en_US","og_type":"article","og_title":"Organizacija poslovnih in zasebnih dogodkov Gastrofuzija","og_description":"Organizacija poslovnih in zasebnih dogodkov z vrhunskim cateringom. Prilagodimo se va\u0161im \u017eeljam, tematiki in lokaciji. Oddajte povpra\u0161evanje.","og_url":"https:\/\/www.gastrofuzija.si\/en\/organizacija-poslovnih-in-zasebnih-dogodkov\/","og_site_name":"Gastrofuzija","article_modified_time":"2026-03-29T20:00:35+00:00","og_image":[{"width":1672,"height":866,"url":"https:\/\/www.gastrofuzija.si\/wp-content\/uploads\/2022\/03\/kulinaricni-center-v-ljubljani-2.jpg","type":"image\/jpeg"}],"twitter_card":"summary_large_image","twitter_image":"https:\/\/www.gastrofuzija.si\/wp-content\/uploads\/2022\/03\/kulinaricni-center-v-ljubljani-2.jpg","twitter_misc":{"Est. reading time":"5 minutes"},"schema":{"@context":"https:\/\/schema.org","@graph":[{"@type":"WebPage","@id":"https:\/\/www.gastrofuzija.si\/organizacija-poslovnih-in-zasebnih-dogodkov\/","url":"https:\/\/www.gastrofuzija.si\/organizacija-poslovnih-in-zasebnih-dogodkov\/","name":"Organizacija poslovnih in zasebnih dogodkov Gastrofuzija","isPartOf":{"@id":"https:\/\/www.gastrofuzija.si\/#website"},"primaryImageOfPage":{"@id":"https:\/\/www.gastrofuzija.si\/organizacija-poslovnih-in-zasebnih-dogodkov\/#primaryimage"},"image":{"@id":"https:\/\/www.gastrofuzija.si\/organizacija-poslovnih-in-zasebnih-dogodkov\/#primaryimage"},"thumbnailUrl":"https:\/\/www.gastrofuzija.si\/wp-content\/uploads\/2025\/03\/Gastrofuzija_Wine-33_foto_Marko_Delbello_Ocepek.jpg","datePublished":"2023-07-13T08:49:48+00:00","dateModified":"2026-03-29T20:00:35+00:00","description":"Organizacija poslovnih in zasebnih dogodkov z vrhunskim cateringom. Prilagodimo se va\u0161im \u017eeljam, tematiki in lokaciji. Oddajte povpra\u0161evanje.","breadcrumb":{"@id":"https:\/\/www.gastrofuzija.si\/organizacija-poslovnih-in-zasebnih-dogodkov\/#breadcrumb"},"inLanguage":"en-US","potentialAction":[{"@type":"ReadAction","target":["https:\/\/www.gastrofuzija.si\/organizacija-poslovnih-in-zasebnih-dogodkov\/"]}]},{"@type":"ImageObject","inLanguage":"en-US","@id":"https:\/\/www.gastrofuzija.si\/organizacija-poslovnih-in-zasebnih-dogodkov\/#primaryimage","url":"https:\/\/www.gastrofuzija.si\/wp-content\/uploads\/2025\/03\/Gastrofuzija_Wine-33_foto_Marko_Delbello_Ocepek.jpg","contentUrl":"https:\/\/www.gastrofuzija.si\/wp-content\/uploads\/2025\/03\/Gastrofuzija_Wine-33_foto_Marko_Delbello_Ocepek.jpg","width":2000,"height":1333,"caption":"Organizacija zasebnih in poslovnih dogodkov Gastrofuzija"},{"@type":"BreadcrumbList","@id":"https:\/\/www.gastrofuzija.si\/organizacija-poslovnih-in-zasebnih-dogodkov\/#breadcrumb","itemListElement":[{"@type":"ListItem","position":1,"name":"Home","item":"https:\/\/www.gastrofuzija.si\/"},{"@type":"ListItem","position":2,"name":"Organizacija poslovnih in zasebnih dogodkov"}]},{"@type":"WebSite","@id":"https:\/\/www.gastrofuzija.si\/#website","url":"https:\/\/www.gastrofuzija.si\/","name":"Gastrofuzija","description":"USTVARJAMO VRHUNSKE KULINARI\u010cNE DOGODKE IN TEAM BUILDING AKTIVNOSTI!","potentialAction":[{"@type":"SearchAction","target":{"@type":"EntryPoint","urlTemplate":"https:\/\/www.gastrofuzija.si\/?s={search_term_string}"},"query-input":{"@type":"PropertyValueSpecification","valueRequired":true,"valueName":"search_term_string"}}],"inLanguage":"en-US"}]}},"_links":{"self":[{"href":"https:\/\/www.gastrofuzija.si\/en\/wp-json\/wp\/v2\/pages\/8406","targetHints":{"allow":["GET"]}}],"collection":[{"href":"https:\/\/www.gastrofuzija.si\/en\/wp-json\/wp\/v2\/pages"}],"about":[{"href":"https:\/\/www.gastrofuzija.si\/en\/wp-json\/wp\/v2\/types\/page"}],"author":[{"embeddable":true,"href":"https:\/\/www.gastrofuzija.si\/en\/wp-json\/wp\/v2\/users\/8"}],"replies":[{"embeddable":true,"href":"https:\/\/www.gastrofuzija.si\/en\/wp-json\/wp\/v2\/comments?post=8406"}],"version-history":[{"count":18,"href":"https:\/\/www.gastrofuzija.si\/en\/wp-json\/wp\/v2\/pages\/8406\/revisions"}],"predecessor-version":[{"id":14107,"href":"https:\/\/www.gastrofuzija.si\/en\/wp-json\/wp\/v2\/pages\/8406\/revisions\/14107"}],"wp:featuredmedia":[{"embeddable":true,"href":"https:\/\/www.gastrofuzija.si\/en\/wp-json\/wp\/v2\/media\/11265"}],"wp:attachment":[{"href":"https:\/\/www.gastrofuzija.si\/en\/wp-json\/wp\/v2\/media?parent=8406"}],"curies":[{"name":"wp","href":"https:\/\/api.w.org\/{rel}","templated":true}]}}