{"id":5887,"date":"2023-06-12T15:29:08","date_gmt":"2023-06-12T13:29:08","guid":{"rendered":"https:\/\/www.gastrofuzija.si\/?page_id=5887"},"modified":"2026-03-30T15:42:03","modified_gmt":"2026-03-30T13:42:03","slug":"team-building-kulinaricni-lov-na-zaklad","status":"publish","type":"page","link":"https:\/\/www.gastrofuzija.si\/en\/team-building-kulinaricni-lov-na-zaklad\/","title":{"rendered":"Team building &#8211; kulinari\u010dni lov na zaklad"},"content":{"rendered":"<div class=\"fusion-fullwidth fullwidth-box fusion-builder-row-1 nonhundred-percent-fullwidth non-hundred-percent-height-scrolling fusion-equal-height-columns\" style=\"background-color: #efefef;background-position: center center;background-repeat: no-repeat;padding-top:10px;padding-right:0px;padding-bottom:0px;padding-left:0px;margin-bottom: 0px;margin-top: 0px;border-width: 0px 0px 0px 0px;border-color:#eae9e9;border-style:solid;\" ><div class=\"fusion-builder-row fusion-row\"><div class=\"fusion-layout-column fusion_builder_column fusion-builder-column-0 fusion_builder_column_1_2 1_2 fusion-one-half fusion-column-first fusion-animated\" style=\"width:50%;width:calc(50% - ( ( 0% ) * 0.5 ) );margin-right: 0%;margin-top:0px;margin-bottom:0px;\" data-animationtype=\"fadeInLeft\" data-animationduration=\"0.8\" data-animationoffset=\"top-into-view\"><div class=\"fusion-column-wrapper fusion-flex-column-wrapper-legacy fusion-empty-dims-bg-image\" style=\"background-image: url(&#039;https:\/\/www.gastrofuzija.si\/wp-content\/uploads\/2021\/10\/Untitled-design-1.png&#039;);background-position:left top;background-repeat:no-repeat;-webkit-background-size:cover;-moz-background-size:cover;-o-background-size:cover;background-size:cover;background-color:#f9f9f9;padding: 0px 0px 0px 0px;\" data-bg-url=\"https:\/\/www.gastrofuzija.si\/wp-content\/uploads\/2021\/10\/Untitled-design-1.png\"><div class=\"fusion-column-content-centered\"><div class=\"fusion-column-content\"><span class=\"fusion-imageframe imageframe-none imageframe-1 hover-type-none\"><img decoding=\"async\" width=\"281\" height=\"300\" title=\"5\" src=\"https:\/\/www.gastrofuzija.si\/wp-content\/uploads\/2026\/03\/5-281x300.jpg\" alt class=\"img-responsive wp-image-14049\" srcset=\"https:\/\/www.gastrofuzija.si\/wp-content\/uploads\/2026\/03\/5-200x213.jpg 200w, https:\/\/www.gastrofuzija.si\/wp-content\/uploads\/2026\/03\/5-400x427.jpg 400w, https:\/\/www.gastrofuzija.si\/wp-content\/uploads\/2026\/03\/5-600x640.jpg 600w, https:\/\/www.gastrofuzija.si\/wp-content\/uploads\/2026\/03\/5.jpg 800w\" sizes=\"(max-width: 800px) 100vw, 600px\" \/><\/span><\/div><\/div><div class=\"fusion-clearfix\"><\/div><\/div><\/div><div class=\"fusion-layout-column fusion_builder_column fusion-builder-column-1 fusion_builder_column_1_2 1_2 fusion-one-half fusion-column-last fusion-animated\" style=\"width:50%;width:calc(50% - ( ( 0% ) * 0.5 ) );margin-top:0px;margin-bottom:0px;\" data-animationtype=\"fadeInRight\" data-animationduration=\"0.8\" data-animationoffset=\"top-into-view\"><div class=\"fusion-column-wrapper fusion-flex-column-wrapper-legacy\" style=\"background-position:left top;background-repeat:no-repeat;-webkit-background-size:cover;-moz-background-size:cover;-o-background-size:cover;background-size:cover;background-color:#ffffff;padding: 0% 9% 0% 9%;\"><div class=\"fusion-sep-clear\"><\/div><div class=\"fusion-separator fusion-full-width-sep\" style=\"margin-left: auto;margin-right: auto;margin-top:30px;width:100%;\"><\/div><div class=\"fusion-sep-clear\"><\/div><div class=\"fusion-text fusion-text-1\"><h2 style=\"text-align: left;\"><strong>KULINARI\u010cNI LOV NA ZAKLAD<\/strong><\/h2>\n<\/div><div class=\"fusion-sep-clear\"><\/div><div class=\"fusion-separator fusion-full-width-sep\" style=\"margin-left: auto;margin-right: auto;margin-top:5px;width:100%;\"><\/div><div class=\"fusion-sep-clear\"><\/div><div class=\"fusion-text fusion-text-2\"><div class=\"fusion-title title fusion-title-1 fusion-sep-none fusion-title-center fusion-title-text fusion-title-size-four\">\n<h5 class=\"fusion-responsive-typography-calculated\" style=\"text-align: left;\" data-fontsize=\"25\" data-lineheight=\"32.5px\">KUHAJTE, VENDAR NAJPREJ POI\u0160\u010cITE<\/h5>\n<\/div>\n<div class=\"fusion-text fusion-text-1\"><\/div>\n<\/div><div class=\"fusion-text fusion-text-3\"><p>Narava, gibanje in kulinarika! Skozi team building program spoznavajte \u010dudovite kraje in lokalne jedi. Udele\u017eenci so razdeljeni v ekipe in se podajo na iskanje skritih sestavin in receptov. Vsaka sled vodi do naslednje, dokler ekipe ne odkrijejo vseh \u2018zakladov\u2019, ki jih na koncu uporabijo za pripravo skupne kulinari\u010dne izku\u0161nje. To je zabavna dejavnost, ki od \u010dlanov zahteva, da opravljajo skoraj vse Belbinove timske vloge, od tistih, ki so usmerjene k razmi\u0161ljanju, do tistih, ki so usmerjene k ljudem.<\/p>\n<p><strong>Dogodek je namenjen NOTRANJI IN ZUNANJI izvedbi, v Ljubljani, v <a href=\"https:\/\/www.gastrofuzija.si\/en\/kulinaricni-center\/\">Gastrofuzija kulinari\u010dnem centru<\/a> oz. v skladu z \u017eeljami naro\u010dnika po celi Sloveniji ali v tujini! Mogo\u010de je tudi uporaba elektri\u010dnih koles.<\/strong><\/p>\n<p>\ud83d\udc49 Preverite tudi na\u0161 <a href=\"https:\/\/www.gastrofuzija.si\/en\/team-building-delavnica-koktejlov\/\"><strong data-start=\"1568\" data-end=\"1595\">Shake It! team building<\/strong><\/a> za \u0161e ve\u010d idej za zabavno povezovanje ekipe.<\/p>\n<\/div><div class=\"fusion-sep-clear\"><\/div><div class=\"fusion-separator fusion-full-width-sep\" style=\"margin-left: auto;margin-right: auto;margin-top:15px;width:100%;\"><\/div><div class=\"fusion-sep-clear\"><\/div><div class=\"fusion-button-wrapper\"><style>.fusion-button.button-1{border-radius:2px 2px 2px 2px;}<\/style><a class=\"fusion-button button-flat fusion-button-default-size button-default button-1 fusion-button-default-span fusion-button-default-type\" target=\"_self\" href=\"https:\/\/www.gastrofuzija.si\/en\/team-building-oddaj-povprasevanje\/\"><span class=\"fusion-button-text\">Oddajte povpra\u0161evanje<\/span><\/a><\/div><div class=\"fusion-sep-clear\"><\/div><div class=\"fusion-separator fusion-full-width-sep\" style=\"margin-left: auto;margin-right: auto;margin-top:15px;width:100%;\"><\/div><div class=\"fusion-sep-clear\"><\/div><div class=\"fusion-clearfix\"><\/div><\/div><\/div><\/div><\/div>","protected":false},"excerpt":{"rendered":"","protected":false},"author":8,"featured_media":0,"parent":0,"menu_order":0,"comment_status":"closed","ping_status":"closed","template":"100-width.php","meta":{"footnotes":""},"class_list":["post-5887","page","type-page","status-publish","hentry"],"yoast_head":"<!-- This site is optimized with the Yoast SEO plugin v26.8 - https:\/\/yoast.com\/product\/yoast-seo-wordpress\/ -->\n<title>Team building - kulinari\u010dni lov na zaklad<\/title>\n<meta name=\"description\" content=\"Kulinari\u010dni lov na zaklad je dinami\u010den team building, kjer ekipe skozi zabavne izzive in kulinari\u010dne naloge krepijo timski duh.\" \/>\n<meta name=\"robots\" content=\"index, follow, max-snippet:-1, max-image-preview:large, max-video-preview:-1\" \/>\n<link rel=\"canonical\" href=\"https:\/\/www.gastrofuzija.si\/en\/team-building-kulinaricni-lov-na-zaklad\/\" \/>\n<meta property=\"og:locale\" content=\"en_US\" \/>\n<meta property=\"og:type\" content=\"article\" \/>\n<meta property=\"og:title\" content=\"Team building - kulinari\u010dni lov na zaklad\" \/>\n<meta property=\"og:description\" content=\"Kulinari\u010dni lov na zaklad je dinami\u010den team building, kjer ekipe skozi zabavne izzive in kulinari\u010dne naloge krepijo timski duh.\" \/>\n<meta property=\"og:url\" content=\"https:\/\/www.gastrofuzija.si\/en\/team-building-kulinaricni-lov-na-zaklad\/\" \/>\n<meta property=\"og:site_name\" content=\"Gastrofuzija\" \/>\n<meta property=\"article:modified_time\" content=\"2026-03-30T13:42:03+00:00\" \/>\n<meta property=\"og:image\" content=\"https:\/\/www.gastrofuzija.si\/wp-content\/uploads\/2022\/03\/kulinaricni-center-v-ljubljani-2.jpg\" \/>\n\t<meta property=\"og:image:width\" content=\"1672\" \/>\n\t<meta property=\"og:image:height\" content=\"866\" \/>\n\t<meta property=\"og:image:type\" content=\"image\/jpeg\" \/>\n<meta name=\"twitter:card\" content=\"summary_large_image\" \/>\n<meta name=\"twitter:image\" content=\"https:\/\/www.gastrofuzija.si\/wp-content\/uploads\/2022\/03\/kulinaricni-center-v-ljubljani-2.jpg\" \/>\n<meta name=\"twitter:label1\" content=\"Est. reading time\" \/>\n\t<meta name=\"twitter:data1\" content=\"3 minutes\" \/>\n<script type=\"application\/ld+json\" class=\"yoast-schema-graph\">{\"@context\":\"https:\/\/schema.org\",\"@graph\":[{\"@type\":\"WebPage\",\"@id\":\"https:\/\/www.gastrofuzija.si\/team-building-kulinaricni-lov-na-zaklad\/\",\"url\":\"https:\/\/www.gastrofuzija.si\/team-building-kulinaricni-lov-na-zaklad\/\",\"name\":\"Team building - kulinari\u010dni lov na zaklad\",\"isPartOf\":{\"@id\":\"https:\/\/www.gastrofuzija.si\/#website\"},\"datePublished\":\"2023-06-12T13:29:08+00:00\",\"dateModified\":\"2026-03-30T13:42:03+00:00\",\"description\":\"Kulinari\u010dni lov na zaklad je dinami\u010den team building, kjer ekipe skozi zabavne izzive in kulinari\u010dne naloge krepijo timski duh.\",\"breadcrumb\":{\"@id\":\"https:\/\/www.gastrofuzija.si\/team-building-kulinaricni-lov-na-zaklad\/#breadcrumb\"},\"inLanguage\":\"en-US\",\"potentialAction\":[{\"@type\":\"ReadAction\",\"target\":[\"https:\/\/www.gastrofuzija.si\/team-building-kulinaricni-lov-na-zaklad\/\"]}]},{\"@type\":\"BreadcrumbList\",\"@id\":\"https:\/\/www.gastrofuzija.si\/team-building-kulinaricni-lov-na-zaklad\/#breadcrumb\",\"itemListElement\":[{\"@type\":\"ListItem\",\"position\":1,\"name\":\"Home\",\"item\":\"https:\/\/www.gastrofuzija.si\/\"},{\"@type\":\"ListItem\",\"position\":2,\"name\":\"Team building &#8211; kulinari\u010dni lov na zaklad\"}]},{\"@type\":\"WebSite\",\"@id\":\"https:\/\/www.gastrofuzija.si\/#website\",\"url\":\"https:\/\/www.gastrofuzija.si\/\",\"name\":\"Gastrofuzija\",\"description\":\"USTVARJAMO VRHUNSKE KULINARI\u010cNE DOGODKE IN TEAM BUILDING AKTIVNOSTI!\",\"potentialAction\":[{\"@type\":\"SearchAction\",\"target\":{\"@type\":\"EntryPoint\",\"urlTemplate\":\"https:\/\/www.gastrofuzija.si\/?s={search_term_string}\"},\"query-input\":{\"@type\":\"PropertyValueSpecification\",\"valueRequired\":true,\"valueName\":\"search_term_string\"}}],\"inLanguage\":\"en-US\"}]}<\/script>\n<!-- \/ Yoast SEO plugin. -->","yoast_head_json":{"title":"Team building - kulinari\u010dni lov na zaklad","description":"Kulinari\u010dni lov na zaklad je dinami\u010den team building, kjer ekipe skozi zabavne izzive in kulinari\u010dne naloge krepijo timski duh.","robots":{"index":"index","follow":"follow","max-snippet":"max-snippet:-1","max-image-preview":"max-image-preview:large","max-video-preview":"max-video-preview:-1"},"canonical":"https:\/\/www.gastrofuzija.si\/en\/team-building-kulinaricni-lov-na-zaklad\/","og_locale":"en_US","og_type":"article","og_title":"Team building - kulinari\u010dni lov na zaklad","og_description":"Kulinari\u010dni lov na zaklad je dinami\u010den team building, kjer ekipe skozi zabavne izzive in kulinari\u010dne naloge krepijo timski duh.","og_url":"https:\/\/www.gastrofuzija.si\/en\/team-building-kulinaricni-lov-na-zaklad\/","og_site_name":"Gastrofuzija","article_modified_time":"2026-03-30T13:42:03+00:00","og_image":[{"width":1672,"height":866,"url":"https:\/\/www.gastrofuzija.si\/wp-content\/uploads\/2022\/03\/kulinaricni-center-v-ljubljani-2.jpg","type":"image\/jpeg"}],"twitter_card":"summary_large_image","twitter_image":"https:\/\/www.gastrofuzija.si\/wp-content\/uploads\/2022\/03\/kulinaricni-center-v-ljubljani-2.jpg","twitter_misc":{"Est. reading time":"3 minutes"},"schema":{"@context":"https:\/\/schema.org","@graph":[{"@type":"WebPage","@id":"https:\/\/www.gastrofuzija.si\/team-building-kulinaricni-lov-na-zaklad\/","url":"https:\/\/www.gastrofuzija.si\/team-building-kulinaricni-lov-na-zaklad\/","name":"Team building - kulinari\u010dni lov na zaklad","isPartOf":{"@id":"https:\/\/www.gastrofuzija.si\/#website"},"datePublished":"2023-06-12T13:29:08+00:00","dateModified":"2026-03-30T13:42:03+00:00","description":"Kulinari\u010dni lov na zaklad je dinami\u010den team building, kjer ekipe skozi zabavne izzive in kulinari\u010dne naloge krepijo timski duh.","breadcrumb":{"@id":"https:\/\/www.gastrofuzija.si\/team-building-kulinaricni-lov-na-zaklad\/#breadcrumb"},"inLanguage":"en-US","potentialAction":[{"@type":"ReadAction","target":["https:\/\/www.gastrofuzija.si\/team-building-kulinaricni-lov-na-zaklad\/"]}]},{"@type":"BreadcrumbList","@id":"https:\/\/www.gastrofuzija.si\/team-building-kulinaricni-lov-na-zaklad\/#breadcrumb","itemListElement":[{"@type":"ListItem","position":1,"name":"Home","item":"https:\/\/www.gastrofuzija.si\/"},{"@type":"ListItem","position":2,"name":"Team building &#8211; kulinari\u010dni lov na zaklad"}]},{"@type":"WebSite","@id":"https:\/\/www.gastrofuzija.si\/#website","url":"https:\/\/www.gastrofuzija.si\/","name":"Gastrofuzija","description":"USTVARJAMO VRHUNSKE KULINARI\u010cNE DOGODKE IN TEAM BUILDING AKTIVNOSTI!","potentialAction":[{"@type":"SearchAction","target":{"@type":"EntryPoint","urlTemplate":"https:\/\/www.gastrofuzija.si\/?s={search_term_string}"},"query-input":{"@type":"PropertyValueSpecification","valueRequired":true,"valueName":"search_term_string"}}],"inLanguage":"en-US"}]}},"_links":{"self":[{"href":"https:\/\/www.gastrofuzija.si\/en\/wp-json\/wp\/v2\/pages\/5887","targetHints":{"allow":["GET"]}}],"collection":[{"href":"https:\/\/www.gastrofuzija.si\/en\/wp-json\/wp\/v2\/pages"}],"about":[{"href":"https:\/\/www.gastrofuzija.si\/en\/wp-json\/wp\/v2\/types\/page"}],"author":[{"embeddable":true,"href":"https:\/\/www.gastrofuzija.si\/en\/wp-json\/wp\/v2\/users\/8"}],"replies":[{"embeddable":true,"href":"https:\/\/www.gastrofuzija.si\/en\/wp-json\/wp\/v2\/comments?post=5887"}],"version-history":[{"count":11,"href":"https:\/\/www.gastrofuzija.si\/en\/wp-json\/wp\/v2\/pages\/5887\/revisions"}],"predecessor-version":[{"id":14103,"href":"https:\/\/www.gastrofuzija.si\/en\/wp-json\/wp\/v2\/pages\/5887\/revisions\/14103"}],"wp:attachment":[{"href":"https:\/\/www.gastrofuzija.si\/en\/wp-json\/wp\/v2\/media?parent=5887"}],"curies":[{"name":"wp","href":"https:\/\/api.w.org\/{rel}","templated":true}]}}