{"id":5876,"date":"2023-06-12T15:13:49","date_gmt":"2023-06-12T13:13:49","guid":{"rendered":"https:\/\/www.gastrofuzija.si\/?page_id=5876"},"modified":"2026-04-08T09:09:58","modified_gmt":"2026-04-08T07:09:58","slug":"kulinaricni-team-building-4","status":"publish","type":"page","link":"https:\/\/www.gastrofuzija.si\/en\/kulinaricni-team-building-4\/","title":{"rendered":"Kulinari\u010dni team building"},"content":{"rendered":"<div class=\"fusion-fullwidth fullwidth-box fusion-builder-row-1 nonhundred-percent-fullwidth non-hundred-percent-height-scrolling fusion-equal-height-columns\" style=\"background-color: #efefef;background-position: center center;background-repeat: no-repeat;padding-top:10px;padding-right:0px;padding-bottom:0px;padding-left:0px;margin-bottom: 0px;margin-top: 0px;border-width: 0px 0px 0px 0px;border-color:#eae9e9;border-style:solid;\" ><div class=\"fusion-builder-row fusion-row\"><div class=\"fusion-layout-column fusion_builder_column fusion-builder-column-0 fusion_builder_column_1_2 1_2 fusion-one-half fusion-column-first fusion-animated\" style=\"width:50%;width:calc(50% - ( ( 0% ) * 0.5 ) );margin-right: 0%;margin-top:0px;margin-bottom:0px;\" data-animationtype=\"fadeInLeft\" data-animationduration=\"0.8\" data-animationoffset=\"top-into-view\"><div class=\"fusion-column-wrapper fusion-flex-column-wrapper-legacy fusion-empty-dims-bg-image\" style=\"background-image: url(&#039;https:\/\/www.gastrofuzija.si\/wp-content\/uploads\/2021\/10\/Untitled-design-1.png&#039;);background-position:left top;background-repeat:no-repeat;-webkit-background-size:cover;-moz-background-size:cover;-o-background-size:cover;background-size:cover;background-color:#f9f9f9;padding: 0px 0px 0px 0px;\" data-bg-url=\"https:\/\/www.gastrofuzija.si\/wp-content\/uploads\/2021\/10\/Untitled-design-1.png\"><div class=\"fusion-column-content-centered\"><div class=\"fusion-column-content\"><span class=\"fusion-imageframe imageframe-none imageframe-1 hover-type-none\"><a class=\"fusion-no-lightbox\" href=\"https:\/\/www.gastrofuzija.si\/en\/kuhaj_kot_chef\/kuharski-tecaji-seznam\/\" target=\"_blank\" aria-label=\"9\" rel=\"noopener noreferrer\"><img decoding=\"async\" width=\"800\" height=\"853\" alt=\"kuharski te\u010daji Alma Reki\u0107, Bo\u0161tjan Pal\u010di\u010d in Marko Brinar\" src=\"https:\/\/www.gastrofuzija.si\/wp-content\/uploads\/2026\/03\/9-1.jpg\" class=\"img-responsive wp-image-14055\" srcset=\"https:\/\/www.gastrofuzija.si\/wp-content\/uploads\/2026\/03\/9-1-200x213.jpg 200w, https:\/\/www.gastrofuzija.si\/wp-content\/uploads\/2026\/03\/9-1-400x427.jpg 400w, https:\/\/www.gastrofuzija.si\/wp-content\/uploads\/2026\/03\/9-1-600x640.jpg 600w, https:\/\/www.gastrofuzija.si\/wp-content\/uploads\/2026\/03\/9-1.jpg 800w\" sizes=\"(max-width: 800px) 100vw, 600px\" \/><\/a><\/span><\/div><\/div><div class=\"fusion-clearfix\"><\/div><\/div><\/div><div class=\"fusion-layout-column fusion_builder_column fusion-builder-column-1 fusion_builder_column_1_2 1_2 fusion-one-half fusion-column-last fusion-animated\" style=\"width:50%;width:calc(50% - ( ( 0% ) * 0.5 ) );margin-top:0px;margin-bottom:0px;\" data-animationtype=\"fadeInRight\" data-animationduration=\"0.8\" data-animationoffset=\"top-into-view\"><div class=\"fusion-column-wrapper fusion-flex-column-wrapper-legacy\" style=\"background-position:left top;background-repeat:no-repeat;-webkit-background-size:cover;-moz-background-size:cover;-o-background-size:cover;background-size:cover;background-color:#ffffff;padding: 0% 9% 0% 9%;\"><div class=\"fusion-sep-clear\"><\/div><div class=\"fusion-separator fusion-full-width-sep\" style=\"margin-left: auto;margin-right: auto;margin-top:30px;width:100%;\"><\/div><div class=\"fusion-sep-clear\"><\/div><div class=\"fusion-text fusion-text-1\"><h2 class=\"fusion-responsive-typography-calculated\" data-fontsize=\"25\" data-lineheight=\"32.5px\"><strong>KULINARI\u010cNI TEAM BUILDING<\/strong><\/h2>\n<\/div><div class=\"fusion-sep-clear\"><\/div><div class=\"fusion-separator fusion-full-width-sep\" style=\"margin-left: auto;margin-right: auto;margin-top:5px;width:100%;\"><\/div><div class=\"fusion-sep-clear\"><\/div><div class=\"fusion-text fusion-text-2\"><h5 class=\"fusion-responsive-typography-calculated\" data-fontsize=\"25\" data-lineheight=\"32.5px\">Team building, ki povezuje ekipo skozi kulinari\u010dno izku\u0161njo.<\/h5>\n<\/div><div class=\"fusion-text fusion-text-3\"><p>Posel gradijo ljudje in mo\u010dne ekipe dosegajo najbolj\u0161e rezultate. Na\u0161 <strong>kulinari\u010dni team building<\/strong> je zasnovan tako, da skozi zabavne in interaktivne team building aktivnosti spodbuja povezovanje ekipe, komunikacijo in sodelovanje.<\/p>\n<p>Gre za edinstven teambuilding za podjetja, kjer udele\u017eenci skupaj kuhajo, se u\u010dijo novih ve\u0161\u010din in ob tem naravno razvijajo bolj\u0161e odnose. Spro\u0161\u010deno okolje omogo\u010da, da se sodelavci pove\u017eejo tudi izven klasi\u010dnih poslovnih okvirjev.<\/p>\n<p><strong>Dogodek organiziramo na lokaciji po va\u0161i izbiri ali v na\u0161em kulinari\u010dnem centru v Ljubljani!<br \/>\n<\/strong><\/p>\n<p data-start=\"1327\" data-end=\"1391\">Na\u0161 <strong data-start=\"1331\" data-end=\"1356\">team building program<\/strong> je zasnovan celostno in vklju\u010duje:<\/p>\n<ul data-start=\"1393\" data-end=\"1787\">\n<li data-section-id=\"iq6ww\" data-start=\"1393\" data-end=\"1435\">Dobrodo\u0161lico s penino in prigrizkom<\/li>\n<li data-section-id=\"1gbwmgh\" data-start=\"1436\" data-end=\"1489\">Uvodno predstavitev in zanimive kuharske trike<\/li>\n<li data-section-id=\"uai9ig\" data-start=\"1490\" data-end=\"1547\">Razdelitev v ekipe in za\u010detek kulinari\u010dnega izziva<\/li>\n<li data-section-id=\"uai9ig\" data-start=\"1490\" data-end=\"1547\">Pripravo jedi pod vodstvom profesionalnih kuharjev<\/li>\n<li data-section-id=\"18bgeqa\" data-start=\"1607\" data-end=\"1679\">Spremljanje in ocenjevanje ekip z elementi poslovnega sodelovanja<\/li>\n<li data-section-id=\"1pg7pk2\" data-start=\"1680\" data-end=\"1730\">Predstavitev jedi in zabavne situacije ekip<\/li>\n<li data-section-id=\"1j7uu38\" data-start=\"1731\" data-end=\"1787\">Skupno dru\u017eenje in u\u017eivanje v pripravljenih jedeh<\/li>\n<\/ul>\n<p><strong>Trajanje programa: 4\u20135 ur<\/strong><\/p>\n<p><strong>\u00a0<\/strong><\/p>\n<\/div><div class=\"fusion-sep-clear\"><\/div><div class=\"fusion-separator fusion-full-width-sep\" style=\"margin-left: auto;margin-right: auto;margin-top:15px;width:100%;\"><\/div><div class=\"fusion-sep-clear\"><\/div><div class=\"fusion-button-wrapper\"><style>.fusion-button.button-1{border-radius:2px 2px 2px 2px;}<\/style><a class=\"fusion-button button-flat fusion-button-default-size button-default button-1 fusion-button-default-span fusion-button-default-type\" target=\"_self\" href=\"https:\/\/www.gastrofuzija.si\/en\/team-building-oddaj-povprasevanje\/\"><span class=\"fusion-button-text\">Oddajte povpra\u0161evanje<\/span><\/a><\/div><div class=\"fusion-sep-clear\"><\/div><div class=\"fusion-separator fusion-full-width-sep\" style=\"margin-left: auto;margin-right: auto;margin-top:15px;width:100%;\"><\/div><div class=\"fusion-sep-clear\"><\/div><div class=\"fusion-clearfix\"><\/div><\/div><\/div><\/div><\/div>","protected":false},"excerpt":{"rendered":"","protected":false},"author":8,"featured_media":0,"parent":0,"menu_order":0,"comment_status":"closed","ping_status":"closed","template":"100-width.php","meta":{"footnotes":""},"class_list":["post-5876","page","type-page","status-publish","hentry"],"yoast_head":"<!-- This site is optimized with the Yoast SEO plugin v26.8 - https:\/\/yoast.com\/product\/yoast-seo-wordpress\/ -->\n<title>Kulinari\u010dni team building Gastrofuzija<\/title>\n<meta name=\"description\" content=\"Kulinari\u010dni team building je idealen za vse velikosti ekip, kjer skozi pripravo jedi krepijo sodelovanje, komunikacijo in kreativnost.\" \/>\n<meta name=\"robots\" content=\"index, follow, max-snippet:-1, max-image-preview:large, max-video-preview:-1\" \/>\n<link rel=\"canonical\" href=\"https:\/\/www.gastrofuzija.si\/en\/kulinaricni-team-building-4\/\" \/>\n<meta property=\"og:locale\" content=\"en_US\" \/>\n<meta property=\"og:type\" content=\"article\" \/>\n<meta property=\"og:title\" content=\"Kulinari\u010dni team building Gastrofuzija\" \/>\n<meta property=\"og:description\" content=\"Kulinari\u010dni team building je idealen za vse velikosti ekip, kjer skozi pripravo jedi krepijo sodelovanje, komunikacijo in kreativnost.\" \/>\n<meta property=\"og:url\" content=\"https:\/\/www.gastrofuzija.si\/en\/kulinaricni-team-building-4\/\" \/>\n<meta property=\"og:site_name\" content=\"Gastrofuzija\" \/>\n<meta property=\"article:modified_time\" content=\"2026-04-08T07:09:58+00:00\" \/>\n<meta property=\"og:image\" content=\"https:\/\/www.gastrofuzija.si\/wp-content\/uploads\/2022\/03\/kulinaricni-center-v-ljubljani-2.jpg\" \/>\n\t<meta property=\"og:image:width\" content=\"1672\" \/>\n\t<meta property=\"og:image:height\" content=\"866\" \/>\n\t<meta property=\"og:image:type\" content=\"image\/jpeg\" \/>\n<meta name=\"twitter:card\" content=\"summary_large_image\" \/>\n<meta name=\"twitter:image\" content=\"https:\/\/www.gastrofuzija.si\/wp-content\/uploads\/2022\/03\/kulinaricni-center-v-ljubljani-2.jpg\" \/>\n<meta name=\"twitter:label1\" content=\"Est. reading time\" \/>\n\t<meta name=\"twitter:data1\" content=\"3 minutes\" \/>\n<script type=\"application\/ld+json\" class=\"yoast-schema-graph\">{\"@context\":\"https:\/\/schema.org\",\"@graph\":[{\"@type\":\"WebPage\",\"@id\":\"https:\/\/www.gastrofuzija.si\/kulinaricni-team-building-4\/\",\"url\":\"https:\/\/www.gastrofuzija.si\/kulinaricni-team-building-4\/\",\"name\":\"Kulinari\u010dni team building Gastrofuzija\",\"isPartOf\":{\"@id\":\"https:\/\/www.gastrofuzija.si\/#website\"},\"datePublished\":\"2023-06-12T13:13:49+00:00\",\"dateModified\":\"2026-04-08T07:09:58+00:00\",\"description\":\"Kulinari\u010dni team building je idealen za vse velikosti ekip, kjer skozi pripravo jedi krepijo sodelovanje, komunikacijo in kreativnost.\",\"breadcrumb\":{\"@id\":\"https:\/\/www.gastrofuzija.si\/kulinaricni-team-building-4\/#breadcrumb\"},\"inLanguage\":\"en-US\",\"potentialAction\":[{\"@type\":\"ReadAction\",\"target\":[\"https:\/\/www.gastrofuzija.si\/kulinaricni-team-building-4\/\"]}]},{\"@type\":\"BreadcrumbList\",\"@id\":\"https:\/\/www.gastrofuzija.si\/kulinaricni-team-building-4\/#breadcrumb\",\"itemListElement\":[{\"@type\":\"ListItem\",\"position\":1,\"name\":\"Home\",\"item\":\"https:\/\/www.gastrofuzija.si\/\"},{\"@type\":\"ListItem\",\"position\":2,\"name\":\"Kulinari\u010dni team building\"}]},{\"@type\":\"WebSite\",\"@id\":\"https:\/\/www.gastrofuzija.si\/#website\",\"url\":\"https:\/\/www.gastrofuzija.si\/\",\"name\":\"Gastrofuzija\",\"description\":\"USTVARJAMO VRHUNSKE KULINARI\u010cNE DOGODKE IN TEAM BUILDING AKTIVNOSTI!\",\"potentialAction\":[{\"@type\":\"SearchAction\",\"target\":{\"@type\":\"EntryPoint\",\"urlTemplate\":\"https:\/\/www.gastrofuzija.si\/?s={search_term_string}\"},\"query-input\":{\"@type\":\"PropertyValueSpecification\",\"valueRequired\":true,\"valueName\":\"search_term_string\"}}],\"inLanguage\":\"en-US\"}]}<\/script>\n<!-- \/ Yoast SEO plugin. -->","yoast_head_json":{"title":"Kulinari\u010dni team building Gastrofuzija","description":"Kulinari\u010dni team building je idealen za vse velikosti ekip, kjer skozi pripravo jedi krepijo sodelovanje, komunikacijo in kreativnost.","robots":{"index":"index","follow":"follow","max-snippet":"max-snippet:-1","max-image-preview":"max-image-preview:large","max-video-preview":"max-video-preview:-1"},"canonical":"https:\/\/www.gastrofuzija.si\/en\/kulinaricni-team-building-4\/","og_locale":"en_US","og_type":"article","og_title":"Kulinari\u010dni team building Gastrofuzija","og_description":"Kulinari\u010dni team building je idealen za vse velikosti ekip, kjer skozi pripravo jedi krepijo sodelovanje, komunikacijo in kreativnost.","og_url":"https:\/\/www.gastrofuzija.si\/en\/kulinaricni-team-building-4\/","og_site_name":"Gastrofuzija","article_modified_time":"2026-04-08T07:09:58+00:00","og_image":[{"width":1672,"height":866,"url":"https:\/\/www.gastrofuzija.si\/wp-content\/uploads\/2022\/03\/kulinaricni-center-v-ljubljani-2.jpg","type":"image\/jpeg"}],"twitter_card":"summary_large_image","twitter_image":"https:\/\/www.gastrofuzija.si\/wp-content\/uploads\/2022\/03\/kulinaricni-center-v-ljubljani-2.jpg","twitter_misc":{"Est. reading time":"3 minutes"},"schema":{"@context":"https:\/\/schema.org","@graph":[{"@type":"WebPage","@id":"https:\/\/www.gastrofuzija.si\/kulinaricni-team-building-4\/","url":"https:\/\/www.gastrofuzija.si\/kulinaricni-team-building-4\/","name":"Kulinari\u010dni team building Gastrofuzija","isPartOf":{"@id":"https:\/\/www.gastrofuzija.si\/#website"},"datePublished":"2023-06-12T13:13:49+00:00","dateModified":"2026-04-08T07:09:58+00:00","description":"Kulinari\u010dni team building je idealen za vse velikosti ekip, kjer skozi pripravo jedi krepijo sodelovanje, komunikacijo in kreativnost.","breadcrumb":{"@id":"https:\/\/www.gastrofuzija.si\/kulinaricni-team-building-4\/#breadcrumb"},"inLanguage":"en-US","potentialAction":[{"@type":"ReadAction","target":["https:\/\/www.gastrofuzija.si\/kulinaricni-team-building-4\/"]}]},{"@type":"BreadcrumbList","@id":"https:\/\/www.gastrofuzija.si\/kulinaricni-team-building-4\/#breadcrumb","itemListElement":[{"@type":"ListItem","position":1,"name":"Home","item":"https:\/\/www.gastrofuzija.si\/"},{"@type":"ListItem","position":2,"name":"Kulinari\u010dni team building"}]},{"@type":"WebSite","@id":"https:\/\/www.gastrofuzija.si\/#website","url":"https:\/\/www.gastrofuzija.si\/","name":"Gastrofuzija","description":"USTVARJAMO VRHUNSKE KULINARI\u010cNE DOGODKE IN TEAM BUILDING AKTIVNOSTI!","potentialAction":[{"@type":"SearchAction","target":{"@type":"EntryPoint","urlTemplate":"https:\/\/www.gastrofuzija.si\/?s={search_term_string}"},"query-input":{"@type":"PropertyValueSpecification","valueRequired":true,"valueName":"search_term_string"}}],"inLanguage":"en-US"}]}},"_links":{"self":[{"href":"https:\/\/www.gastrofuzija.si\/en\/wp-json\/wp\/v2\/pages\/5876","targetHints":{"allow":["GET"]}}],"collection":[{"href":"https:\/\/www.gastrofuzija.si\/en\/wp-json\/wp\/v2\/pages"}],"about":[{"href":"https:\/\/www.gastrofuzija.si\/en\/wp-json\/wp\/v2\/types\/page"}],"author":[{"embeddable":true,"href":"https:\/\/www.gastrofuzija.si\/en\/wp-json\/wp\/v2\/users\/8"}],"replies":[{"embeddable":true,"href":"https:\/\/www.gastrofuzija.si\/en\/wp-json\/wp\/v2\/comments?post=5876"}],"version-history":[{"count":15,"href":"https:\/\/www.gastrofuzija.si\/en\/wp-json\/wp\/v2\/pages\/5876\/revisions"}],"predecessor-version":[{"id":14128,"href":"https:\/\/www.gastrofuzija.si\/en\/wp-json\/wp\/v2\/pages\/5876\/revisions\/14128"}],"wp:attachment":[{"href":"https:\/\/www.gastrofuzija.si\/en\/wp-json\/wp\/v2\/media?parent=5876"}],"curies":[{"name":"wp","href":"https:\/\/api.w.org\/{rel}","templated":true}]}}