{"id":5859,"date":"2023-06-12T14:52:17","date_gmt":"2023-06-12T12:52:17","guid":{"rendered":"https:\/\/www.gastrofuzija.si\/?page_id=5859"},"modified":"2026-03-29T21:23:44","modified_gmt":"2026-03-29T19:23:44","slug":"team-building-pastamanija-in-fotografija","status":"publish","type":"page","link":"https:\/\/www.gastrofuzija.si\/en\/team-building-pastamanija-in-fotografija\/","title":{"rendered":"Pa\u0161tamanija in fotografija &#8211; team building"},"content":{"rendered":"<div class=\"fusion-fullwidth fullwidth-box fusion-builder-row-1 nonhundred-percent-fullwidth non-hundred-percent-height-scrolling fusion-equal-height-columns\" style=\"background-color: #efefef;background-position: center center;background-repeat: no-repeat;padding-top:10px;padding-right:0px;padding-bottom:0px;padding-left:0px;margin-bottom: 0px;margin-top: 0px;border-width: 0px 0px 0px 0px;border-color:#eae9e9;border-style:solid;\" ><div class=\"fusion-builder-row fusion-row\"><div class=\"fusion-layout-column fusion_builder_column fusion-builder-column-0 fusion_builder_column_1_2 1_2 fusion-one-half fusion-column-first fusion-animated\" style=\"width:50%;width:calc(50% - ( ( 0% ) * 0.5 ) );margin-right: 0%;margin-top:0px;margin-bottom:0px;\" data-animationtype=\"fadeInLeft\" data-animationduration=\"0.8\" data-animationoffset=\"top-into-view\"><div class=\"fusion-column-wrapper fusion-flex-column-wrapper-legacy fusion-empty-dims-bg-image\" style=\"background-image: url(&#039;https:\/\/www.gastrofuzija.si\/wp-content\/uploads\/2021\/10\/Untitled-design-1.png&#039;);background-position:left top;background-repeat:no-repeat;-webkit-background-size:cover;-moz-background-size:cover;-o-background-size:cover;background-size:cover;background-color:#f9f9f9;padding: 0px 0px 0px 0px;\" data-bg-url=\"https:\/\/www.gastrofuzija.si\/wp-content\/uploads\/2021\/10\/Untitled-design-1.png\"><div class=\"fusion-column-content-centered\"><div class=\"fusion-column-content\"><span class=\"fusion-imageframe imageframe-none imageframe-1 hover-type-none\"><img decoding=\"async\" width=\"281\" height=\"300\" title=\"2\" src=\"https:\/\/www.gastrofuzija.si\/wp-content\/uploads\/2026\/03\/2-281x300.jpg\" alt class=\"img-responsive wp-image-14047\" srcset=\"https:\/\/www.gastrofuzija.si\/wp-content\/uploads\/2026\/03\/2-200x213.jpg 200w, https:\/\/www.gastrofuzija.si\/wp-content\/uploads\/2026\/03\/2-400x427.jpg 400w, https:\/\/www.gastrofuzija.si\/wp-content\/uploads\/2026\/03\/2-600x640.jpg 600w, https:\/\/www.gastrofuzija.si\/wp-content\/uploads\/2026\/03\/2.jpg 800w\" sizes=\"(max-width: 800px) 100vw, 600px\" \/><\/span><\/div><\/div><div class=\"fusion-clearfix\"><\/div><\/div><\/div><div class=\"fusion-layout-column fusion_builder_column fusion-builder-column-1 fusion_builder_column_1_2 1_2 fusion-one-half fusion-column-last fusion-animated\" style=\"width:50%;width:calc(50% - ( ( 0% ) * 0.5 ) );margin-top:0px;margin-bottom:0px;\" data-animationtype=\"fadeInRight\" data-animationduration=\"0.8\" data-animationoffset=\"top-into-view\"><div class=\"fusion-column-wrapper fusion-flex-column-wrapper-legacy\" style=\"background-position:left top;background-repeat:no-repeat;-webkit-background-size:cover;-moz-background-size:cover;-o-background-size:cover;background-size:cover;background-color:#ffffff;padding: 0% 9% 0% 9%;\"><div class=\"fusion-sep-clear\"><\/div><div class=\"fusion-separator fusion-full-width-sep\" style=\"margin-left: auto;margin-right: auto;margin-top:30px;width:100%;\"><\/div><div class=\"fusion-sep-clear\"><\/div><div class=\"fusion-text fusion-text-1\"><h2><strong>PA\u0160TAMANIJA IN FOTOGRAFIJA<\/strong><\/h2>\n<\/div><div class=\"fusion-sep-clear\"><\/div><div class=\"fusion-separator fusion-full-width-sep\" style=\"margin-left: auto;margin-right: auto;margin-top:5px;width:100%;\"><\/div><div class=\"fusion-sep-clear\"><\/div><div class=\"fusion-text fusion-text-2\"><h3 data-section-id=\"uxvld7\" data-start=\"326\" data-end=\"395\"><span role=\"text\"><strong data-start=\"330\" data-end=\"395\">Kuharija, fotografija in umetnost stiliranja v enem do\u017eivetju.<\/strong><\/span><\/h3>\n<\/div><div class=\"fusion-text fusion-text-3\"><p data-start=\"397\" data-end=\"701\"><strong data-start=\"397\" data-end=\"427\">Pa\u0161tamanija in fotografija<\/strong> je unikaten <strong data-start=\"440\" data-end=\"469\">kulinari\u010dni team building<\/strong>, ki zdru\u017euje kuhanje, kreativnost in vizualno ustvarjanje. Gre za sodoben <strong data-start=\"544\" data-end=\"573\">team building za podjetja<\/strong>, kjer udele\u017eenci skozi zabavne <strong data-start=\"605\" data-end=\"633\">team building aktivnosti<\/strong> razvijajo <strong data-start=\"644\" data-end=\"700\">povezovanje ekipe, sodelovanje in ob\u010dutek za detajle<\/strong>.<\/p>\n<p data-start=\"703\" data-end=\"891\">Skupaj bomo pripravljali doma\u010de testenine, ustvarjali okusne omake ter se poglobili v umetnost <strong data-start=\"798\" data-end=\"827\">platinga in food stylinga, <\/strong>kako ustvariti kro\u017enik, ki navdu\u0161i tako z okusom kot videzom. Najlep\u0161i in najbolj okusni kro\u017eniki bodo tudi nagrajeni!<strong>Dogodek povezujejo kuharski mojstri in priznani fotograf.<\/strong><\/p>\n<p><strong>Kaj vklju\u010duje team building izku\u0161nja:<br \/>\n<\/strong><\/p>\n<ul>\n<li data-start=\"703\" data-end=\"891\">Priprava sve\u017eih doma\u010dih testenin in omak<\/li>\n<li data-start=\"703\" data-end=\"891\">U\u010denje platinga in food stylinga (postavitev kro\u017enika)<\/li>\n<li data-start=\"703\" data-end=\"891\">Osnove kulinari\u010dne fotografije za dru\u017ebena omre\u017eja<\/li>\n<li data-start=\"703\" data-end=\"891\">Delo v ekipah in kreativni izzivi<\/li>\n<li data-start=\"703\" data-end=\"891\">Nagrada za najbolj\u0161i kro\u017enik (okus + izgled)<strong><br \/>\n<\/strong><\/li>\n<\/ul>\n<p><strong>We organize the event at the location of your choice or at our culinary headquorters!<br \/>\nTrajanje: 4-5h<\/strong><\/p>\n<\/div><div class=\"fusion-sep-clear\"><\/div><div class=\"fusion-separator fusion-full-width-sep\" style=\"margin-left: auto;margin-right: auto;margin-top:15px;width:100%;\"><\/div><div class=\"fusion-sep-clear\"><\/div><div class=\"fusion-button-wrapper\"><style>.fusion-button.button-1{border-radius:2px 2px 2px 2px;}<\/style><a class=\"fusion-button button-flat fusion-button-default-size button-default button-1 fusion-button-default-span fusion-button-default-type\" target=\"_self\" href=\"https:\/\/www.gastrofuzija.si\/en\/team-building-oddaj-povprasevanje\/\"><span class=\"fusion-button-text\">Oddajte povpra\u0161evanje<\/span><\/a><\/div><div class=\"fusion-sep-clear\"><\/div><div class=\"fusion-separator fusion-full-width-sep\" style=\"margin-left: auto;margin-right: auto;margin-top:15px;width:100%;\"><\/div><div class=\"fusion-sep-clear\"><\/div><div class=\"fusion-clearfix\"><\/div><\/div><\/div><\/div><\/div>","protected":false},"excerpt":{"rendered":"","protected":false},"author":8,"featured_media":0,"parent":0,"menu_order":0,"comment_status":"closed","ping_status":"closed","template":"100-width.php","meta":{"footnotes":""},"class_list":["post-5859","page","type-page","status-publish","hentry"],"yoast_head":"<!-- This site is optimized with the Yoast SEO plugin v26.8 - https:\/\/yoast.com\/product\/yoast-seo-wordpress\/ -->\n<title>Pa\u0161tamanija in fotografija - team building - KUHAJ KOT CHEF!<\/title>\n<meta name=\"description\" content=\"Kuharski te\u010daji KUHAJ KOT CHEF vam ponujajo \u010dudovito in strokovno kulinari\u010dno do\u017eivetje v prijetnem vzdu\u0161ju na\u0161ega kulinari\u010dnega centra.\" \/>\n<meta name=\"robots\" content=\"index, follow, max-snippet:-1, max-image-preview:large, max-video-preview:-1\" \/>\n<link rel=\"canonical\" href=\"https:\/\/www.gastrofuzija.si\/en\/team-building-pastamanija-in-fotografija\/\" \/>\n<meta property=\"og:locale\" content=\"en_US\" \/>\n<meta property=\"og:type\" content=\"article\" \/>\n<meta property=\"og:title\" content=\"Pa\u0161tamanija in fotografija - team building - KUHAJ KOT CHEF!\" \/>\n<meta property=\"og:description\" content=\"Kuharski te\u010daji KUHAJ KOT CHEF vam ponujajo \u010dudovito in strokovno kulinari\u010dno do\u017eivetje v prijetnem vzdu\u0161ju na\u0161ega kulinari\u010dnega centra.\" \/>\n<meta property=\"og:url\" content=\"https:\/\/www.gastrofuzija.si\/en\/team-building-pastamanija-in-fotografija\/\" \/>\n<meta property=\"og:site_name\" content=\"Gastrofuzija\" \/>\n<meta property=\"article:modified_time\" content=\"2026-03-29T19:23:44+00:00\" \/>\n<meta property=\"og:image\" content=\"https:\/\/www.gastrofuzija.si\/wp-content\/uploads\/2022\/03\/kulinaricni-center-v-ljubljani-2.jpg\" \/>\n\t<meta property=\"og:image:width\" content=\"1672\" \/>\n\t<meta property=\"og:image:height\" content=\"866\" \/>\n\t<meta property=\"og:image:type\" content=\"image\/jpeg\" \/>\n<meta name=\"twitter:card\" content=\"summary_large_image\" \/>\n<meta name=\"twitter:image\" content=\"https:\/\/www.gastrofuzija.si\/wp-content\/uploads\/2022\/03\/kulinaricni-center-v-ljubljani-2.jpg\" \/>\n<meta name=\"twitter:label1\" content=\"Est. reading time\" \/>\n\t<meta name=\"twitter:data1\" content=\"3 minutes\" \/>\n<script type=\"application\/ld+json\" class=\"yoast-schema-graph\">{\"@context\":\"https:\/\/schema.org\",\"@graph\":[{\"@type\":\"WebPage\",\"@id\":\"https:\/\/www.gastrofuzija.si\/team-building-pastamanija-in-fotografija\/\",\"url\":\"https:\/\/www.gastrofuzija.si\/team-building-pastamanija-in-fotografija\/\",\"name\":\"Pa\u0161tamanija in fotografija - team building - KUHAJ KOT CHEF!\",\"isPartOf\":{\"@id\":\"https:\/\/www.gastrofuzija.si\/#website\"},\"datePublished\":\"2023-06-12T12:52:17+00:00\",\"dateModified\":\"2026-03-29T19:23:44+00:00\",\"description\":\"Kuharski te\u010daji KUHAJ KOT CHEF vam ponujajo \u010dudovito in strokovno kulinari\u010dno do\u017eivetje v prijetnem vzdu\u0161ju na\u0161ega kulinari\u010dnega centra.\",\"breadcrumb\":{\"@id\":\"https:\/\/www.gastrofuzija.si\/team-building-pastamanija-in-fotografija\/#breadcrumb\"},\"inLanguage\":\"en-US\",\"potentialAction\":[{\"@type\":\"ReadAction\",\"target\":[\"https:\/\/www.gastrofuzija.si\/team-building-pastamanija-in-fotografija\/\"]}]},{\"@type\":\"BreadcrumbList\",\"@id\":\"https:\/\/www.gastrofuzija.si\/team-building-pastamanija-in-fotografija\/#breadcrumb\",\"itemListElement\":[{\"@type\":\"ListItem\",\"position\":1,\"name\":\"Home\",\"item\":\"https:\/\/www.gastrofuzija.si\/\"},{\"@type\":\"ListItem\",\"position\":2,\"name\":\"Pa\u0161tamanija in fotografija &#8211; team building\"}]},{\"@type\":\"WebSite\",\"@id\":\"https:\/\/www.gastrofuzija.si\/#website\",\"url\":\"https:\/\/www.gastrofuzija.si\/\",\"name\":\"Gastrofuzija\",\"description\":\"USTVARJAMO VRHUNSKE KULINARI\u010cNE DOGODKE IN TEAM BUILDING AKTIVNOSTI!\",\"potentialAction\":[{\"@type\":\"SearchAction\",\"target\":{\"@type\":\"EntryPoint\",\"urlTemplate\":\"https:\/\/www.gastrofuzija.si\/?s={search_term_string}\"},\"query-input\":{\"@type\":\"PropertyValueSpecification\",\"valueRequired\":true,\"valueName\":\"search_term_string\"}}],\"inLanguage\":\"en-US\"}]}<\/script>\n<!-- \/ Yoast SEO plugin. -->","yoast_head_json":{"title":"Pa\u0161tamanija in fotografija - team building - KUHAJ KOT CHEF!","description":"Kuharski te\u010daji KUHAJ KOT CHEF vam ponujajo \u010dudovito in strokovno kulinari\u010dno do\u017eivetje v prijetnem vzdu\u0161ju na\u0161ega kulinari\u010dnega centra.","robots":{"index":"index","follow":"follow","max-snippet":"max-snippet:-1","max-image-preview":"max-image-preview:large","max-video-preview":"max-video-preview:-1"},"canonical":"https:\/\/www.gastrofuzija.si\/en\/team-building-pastamanija-in-fotografija\/","og_locale":"en_US","og_type":"article","og_title":"Pa\u0161tamanija in fotografija - team building - KUHAJ KOT CHEF!","og_description":"Kuharski te\u010daji KUHAJ KOT CHEF vam ponujajo \u010dudovito in strokovno kulinari\u010dno do\u017eivetje v prijetnem vzdu\u0161ju na\u0161ega kulinari\u010dnega centra.","og_url":"https:\/\/www.gastrofuzija.si\/en\/team-building-pastamanija-in-fotografija\/","og_site_name":"Gastrofuzija","article_modified_time":"2026-03-29T19:23:44+00:00","og_image":[{"width":1672,"height":866,"url":"https:\/\/www.gastrofuzija.si\/wp-content\/uploads\/2022\/03\/kulinaricni-center-v-ljubljani-2.jpg","type":"image\/jpeg"}],"twitter_card":"summary_large_image","twitter_image":"https:\/\/www.gastrofuzija.si\/wp-content\/uploads\/2022\/03\/kulinaricni-center-v-ljubljani-2.jpg","twitter_misc":{"Est. reading time":"3 minutes"},"schema":{"@context":"https:\/\/schema.org","@graph":[{"@type":"WebPage","@id":"https:\/\/www.gastrofuzija.si\/team-building-pastamanija-in-fotografija\/","url":"https:\/\/www.gastrofuzija.si\/team-building-pastamanija-in-fotografija\/","name":"Pa\u0161tamanija in fotografija - team building - KUHAJ KOT CHEF!","isPartOf":{"@id":"https:\/\/www.gastrofuzija.si\/#website"},"datePublished":"2023-06-12T12:52:17+00:00","dateModified":"2026-03-29T19:23:44+00:00","description":"Kuharski te\u010daji KUHAJ KOT CHEF vam ponujajo \u010dudovito in strokovno kulinari\u010dno do\u017eivetje v prijetnem vzdu\u0161ju na\u0161ega kulinari\u010dnega centra.","breadcrumb":{"@id":"https:\/\/www.gastrofuzija.si\/team-building-pastamanija-in-fotografija\/#breadcrumb"},"inLanguage":"en-US","potentialAction":[{"@type":"ReadAction","target":["https:\/\/www.gastrofuzija.si\/team-building-pastamanija-in-fotografija\/"]}]},{"@type":"BreadcrumbList","@id":"https:\/\/www.gastrofuzija.si\/team-building-pastamanija-in-fotografija\/#breadcrumb","itemListElement":[{"@type":"ListItem","position":1,"name":"Home","item":"https:\/\/www.gastrofuzija.si\/"},{"@type":"ListItem","position":2,"name":"Pa\u0161tamanija in fotografija &#8211; team building"}]},{"@type":"WebSite","@id":"https:\/\/www.gastrofuzija.si\/#website","url":"https:\/\/www.gastrofuzija.si\/","name":"Gastrofuzija","description":"USTVARJAMO VRHUNSKE KULINARI\u010cNE DOGODKE IN TEAM BUILDING AKTIVNOSTI!","potentialAction":[{"@type":"SearchAction","target":{"@type":"EntryPoint","urlTemplate":"https:\/\/www.gastrofuzija.si\/?s={search_term_string}"},"query-input":{"@type":"PropertyValueSpecification","valueRequired":true,"valueName":"search_term_string"}}],"inLanguage":"en-US"}]}},"_links":{"self":[{"href":"https:\/\/www.gastrofuzija.si\/en\/wp-json\/wp\/v2\/pages\/5859","targetHints":{"allow":["GET"]}}],"collection":[{"href":"https:\/\/www.gastrofuzija.si\/en\/wp-json\/wp\/v2\/pages"}],"about":[{"href":"https:\/\/www.gastrofuzija.si\/en\/wp-json\/wp\/v2\/types\/page"}],"author":[{"embeddable":true,"href":"https:\/\/www.gastrofuzija.si\/en\/wp-json\/wp\/v2\/users\/8"}],"replies":[{"embeddable":true,"href":"https:\/\/www.gastrofuzija.si\/en\/wp-json\/wp\/v2\/comments?post=5859"}],"version-history":[{"count":9,"href":"https:\/\/www.gastrofuzija.si\/en\/wp-json\/wp\/v2\/pages\/5859\/revisions"}],"predecessor-version":[{"id":14101,"href":"https:\/\/www.gastrofuzija.si\/en\/wp-json\/wp\/v2\/pages\/5859\/revisions\/14101"}],"wp:attachment":[{"href":"https:\/\/www.gastrofuzija.si\/en\/wp-json\/wp\/v2\/media?parent=5859"}],"curies":[{"name":"wp","href":"https:\/\/api.w.org\/{rel}","templated":true}]}}