{"id":284,"date":"2019-08-30T16:36:12","date_gmt":"2019-08-30T16:36:12","guid":{"rendered":"https:\/\/www.gastrofuzija.si\/?page_id=284"},"modified":"2019-08-30T16:36:12","modified_gmt":"2019-08-30T16:36:12","slug":"pogoji-zasebnosti","status":"publish","type":"page","link":"https:\/\/www.gastrofuzija.si\/en\/pogoji-zasebnosti\/","title":{"rendered":"Privacy terms"},"content":{"rendered":"<div class=\"fusion-fullwidth fullwidth-box fusion-builder-row-1 nonhundred-percent-fullwidth non-hundred-percent-height-scrolling\" style=\"background-color: rgba(255,255,255,0);background-position: center center;background-repeat: no-repeat;padding-top:80px;padding-right:0px;padding-bottom:0px;padding-left:0px;margin-bottom: 0px;margin-top: 0px;border-width: 0px 0px 0px 0px;border-color:#eae9e9;border-style:solid;\" ><div class=\"fusion-builder-row fusion-row\"><div class=\"fusion-layout-column fusion_builder_column fusion-builder-column-0 fusion_builder_column_1_1 1_1 fusion-one-full fusion-column-first fusion-column-last\" style=\"margin-top:0px;margin-bottom:0px;\"><div class=\"fusion-column-wrapper fusion-flex-column-wrapper-legacy\" style=\"background-position:left top;background-repeat:no-repeat;-webkit-background-size:cover;-moz-background-size:cover;-o-background-size:cover;background-size:cover;padding: 0px 0px 0px 0px;\"><div class=\"fusion-text fusion-text-1\"><h2 style=\"text-align: center;\">POGOJI ZASEBNOSTI<\/h2>\n<p style=\"text-align: center;\">Pogoji zasebnosti podjetja GASTROFUZIJA D.O.O.<\/p>\n<h2><\/h2>\n<p>&nbsp;<\/p>\n<h3>POMEN POJMOV<\/h3>\n<h4>Privacy terms<\/h4>\n<p>Pogoji zasebnosti so interni akt podjetja GASTROFUZIJA D.O.O. (v nadaljevanju: obdelovalec) in veljajo za vsa<br \/>\npravna razmerja med njim in naro\u010dniki storitev (v nadaljevanju: upravljavec).<br \/>\nAkt dolo\u010da pravice in obveznosti obdelovalca in upravljavca pri upravljanju in obdelovanju osebnih<br \/>\npodatkov posameznikov.<\/p>\n<h4>Osebni podatek<\/h4>\n<p>Osebni podatek pomeni katerokoli informacijo v zvezi z dolo\u010denim ali dolo\u010dljivim posameznikom, ki je<br \/>\nfizi\u010dna oseba. Dolo\u010den posameznik je tisti, katerega osebni podatki so dolo\u010deni in obdelovani v skladu<br \/>\nz nameni, ki jih dolo\u010di upravljavec. Dolo\u010dljiv posameznik je tisti, ki ga je mogo\u010de neposredno ali<br \/>\nposredno dolo\u010diti ter njegove osebne podatke obdelovati v skladu z nameni, ki jih dolo\u010di upravljavec.<\/p>\n<h4>Posameznik<\/h4>\n<p>Posameznik je vsaka fizi\u010dna oseba, katere osebni podatki so obdelovani na zakoniti ali pogodbeni<br \/>\npodlagi med upravljavcem in tem posameznikom ali na podlagi izrecne privolitve, ki jo je posameznik<br \/>\ndal upravljavcu.<\/p>\n<h4>Upravljavec<\/h4>\n<p>Upravljavec dolo\u010da namene in sredstva obdelave v okviru svoje registrirane dejavnosti in\/ali zakonskih<br \/>\npooblastil. Posameznik je vnaprej seznanjen, kdo je upravljavec osebnih podatkov in kdo je<br \/>\nobdelovalec njegovih osebnih podatkov.<\/p>\n<h4>Obdelovalec<\/h4>\n<p>Obdelovalec obdeluje osebne podatke posameznikov v imenu upravljavca, po njegovih navodilih, v<br \/>\nokviru zakonitih namenov in na\u010dinov obdelave.<\/p>\n<h4>Podobdelovalec<\/h4>\n<p>Podobdelovalec obdeluje osebne podatke posameznikov v imenu in po navodilih obdelovalca, v okviru<br \/>\nzakonitih namenov in na\u010dinov obdelave.<\/p>\n<h4>Obdelava<\/h4>\n<p>Obdelava osebnih podatkov pomeni vsako dejanje ali niz dejanj, ki se izvaja v zvezi z osebnimi podatki<br \/>\nali nizi osebnih podatkov z avtomatiziranimi sredstvi ali brez njih, kot je zbiranje, bele\u017eenje, urejanje,<br \/>\nstrukturiranje, shranjevanje, prilagajanje ali spreminjanje, priklic, vpogled, uporaba, razkritje s<br \/>\nposredovanjem, raz\u0161irjanje ali druga\u010dno omogo\u010danje dostopa, prilagajanje ali kombiniranje,<br \/>\nomejevanje, izbris ali uni\u010denje.<\/p>\n<h4>Omejitev obdelave<\/h4>\n<p>Omejitev obdelave pomeni ozna\u010devanje shranjenih osebnih podatkov zaradi omejevanja njihove<br \/>\nobdelave v bodo\u010de.<\/p>\n<h4>Oblikovanje profilov<\/h4>\n<p>Oblikovanje profilov pomeni vsako obliko avtomatizirane obdelave osebnih podatkov, ki vklju\u010duje<br \/>\nuporabo osebnih podatkov za ocenjevanje nekaterih osebnih vidikov v zvezi s posameznikom, zlasti za<br \/>\nanalizo ali predvidevanje uspe\u0161nosti pri delu, ekonomskega polo\u017eaja, zdravja, osebnega okusa,<br \/>\ninteresov, zanesljivosti, vedenja, lokacije ali gibanja tega posameznika.<\/p>\n<h4>Psevdonimizacija<\/h4>\n<p>Psevdonimizacija pomeni obdelavo osebnih podatkov na tak na\u010din, da osebnih podatkov brez dodatnih<br \/>\ninformacij ni ve\u010d mogo\u010de pripisati specifi\u010dnemu posamezniku, na katerega se nana\u0161ajo osebni podatki,<br \/>\n\u010de se take informacije hranijo lo\u010deno ter zanje veljajo tehni\u010dni in organizacijski ukrepi za zagotavljanje,<br \/>\nda se osebni podatki ne pripi\u0161ejo dolo\u010denemu ali dolo\u010dljivemu posamezniku.<\/p>\n<h4>Privolitev posameznika<\/h4>\n<p>Privolitev posameznika, na katerega se nana\u0161ajo osebni podatki, pomeni vsako prostovoljno, izrecno,<br \/>\ninformirano in nedvoumno izjavo volje posameznika, na katerega se nana\u0161ajo osebni podatki, s katero<br \/>\nz izjavo ali jasnim pritrdilnim dejanjem izrazi soglasje z obdelavo osebnih podatkov, ki se nana\u0161ajo<br \/>\nnanj.<\/p>\n<h4>Kr\u0161itev varstva osebnih podatkov<\/h4>\n<p>Kr\u0161itev varstva osebnih podatkov pomeni kr\u0161itev varnosti, ki povzro\u010di namerno ali nezakonito uni\u010denje,<br \/>\nizgubo, spremembo, nepoobla\u0161\u010deno razkritje ali dostop do osebnih podatkov, ki so poslani, shranjeni<br \/>\nali kako druga\u010de obdelani.<\/p>\n<h2><\/h2>\n<h3>OBDELAVA OSEBNIH PODATKOV<\/h3>\n<h4>Podatki obdelovalca<\/h4>\n<p>GASTROFUZIJA D.O.O.<br \/>\nTopni\u0161ka 43,<br \/>\n1000 Ljubljana<\/p>\n<p>info@gastrofuzija.si<br \/>\n041 718 610<br \/>\n05 981 80 93<\/p>\n<h4>Podobdelovalci<\/h4>\n<p>Obdelovalec ima sklenjene pogodbe o nadaljnji obdelavi osebnih podatkov posameznikov dolo\u010denega<br \/>\nupravljavca v primerih, ko ima za izvajanje svojih storitev zunanje obdelovalce, ki so v razmerju do<br \/>\nupravljavca njegovi podobdelovalci. Obdelovalec je odgovoren za izbiro podobdelovalcev in skrbi, da<br \/>\nso zavezani k enaki ali vi\u0161ji stopnji varovanja osebnih podatkov, kakor to dolo\u010dajo slovenski predpisi in<br \/>\npredpisi Evropske unije. Obdelovalec obve\u0161\u010da upravljavca o svojih obstoje\u010dih obdelovalcih ter o<br \/>\nvsakokratni zamenjavi obdelovalcev ali najemu novih obdelovalcev. To stori z najavo objave novih<br \/>\npogojev zasebnosti, v katerih navede nove obdelovalce ter da upravljavcu na voljo trideset dni \u010dasa,<br \/>\nda se izre\u010de o spremembah, jih potrdi ali nasprotuje.<\/p>\n<h4>Pravna podlaga za obdelavo osebnih podatkov<\/h4>\n<p>Obdelovalec ima pravno podlago za obdelavo osebnih podatkov posameznikov dolo\u010denega<br \/>\nupravljavca v predhodno sklenjeni pogodbi med upravljavcem in obdelovalcem ali na podlagi drugega<br \/>\ndogovora o naro\u010dilu storitve.<\/p>\n<p>Obdelovalec je odgovoren, da so upravljavci seznanjeni s tem aktom in drugimi akti obdelovalca,<br \/>\nkolikor urejajo podro\u010dje obdelave osebnih podatkov posameznikov in\/ali pogojev poslovanja za<br \/>\nizvajanje naro\u010denih storitev.<\/p>\n<p>Upravljavec je odgovoren za zagotovitev ustreznih pravnih podlag za obdelavo osebnih podatkov<br \/>\n(zakoniti interes, pogodbeni interes in\/ali izrecna privolitev posameznika).<\/p>\n<h4>Vrste osebnih podatkov<\/h4>\n<p>Obdelovalec obdeluje tiste osebne podatke, ki mu jih posreduje upravljavec. Obdelovalec nikoli ne<br \/>\nobdeluje drugih osebnih podatkov posameznikov dolo\u010denega upravljavca.<\/p>\n<h4>Nameni obdelave osebnih podatkov<\/h4>\n<p>Obdelovalec obdeluje osebne podatke posameznikov dolo\u010denega upravljavca le za namene, za katere<br \/>\nmu je upravljavec dal navodilo. Obdelovalec nikoli ne obdeluje osebnih podatkov posameznikov<br \/>\ndolo\u010denega upravljavca za druge namene.<\/p>\n<h4>Vloga upravljavca<\/h4>\n<p>Upravljavec je dol\u017ean obdelovalcu dajati navodila za obdelavo tistih osebnih podatkov posameznikov, s<br \/>\nkaterimi upravlja. Upravljavec mora obdelovalcu jasno in nedvoumno dati informacijo, katere vrste<br \/>\nosebnih podatkov in za katere namene lahko obdeluje.<\/p>\n<h4>Dokumentirana navodila upravljavca<\/h4>\n<p>Po tem aktu je upravljavec dol\u017ean obdelovalcu dolo\u010diti vsebino in trajanje obdelave osebnih podatkov,<br \/>\nnaravo in namen obdelave, vrste osebnih podatkov ter kategorije posameznikov, na katere se<br \/>\nnana\u0161ajo osebni podatki.<\/p>\n<p>Navodila upravljavca morajo biti dokumentirana, pri \u010demer so lahko dana v pisni obliki po navadni ali<br \/>\nelektronski po\u0161ti, v primeru ustnih navodil pa obdelovalec zahteva \u0161e pisno potrditev po navadni ali<br \/>\nelektronski po\u0161ti.<\/p>\n<p>Obdelovalec ni odgovoren za zakonitost navodil, ki jih prejme od upravljavca za obdelavo osebnih<br \/>\npodatkov posameznikov dolo\u010denega upravljavca.<\/p>\n<h4>Zaupnost podatkov<\/h4>\n<p>Obdelovalec zagotavlja, da so osebe, ki so poobla\u0161\u010dene za obdelavo osebnih podatkov, zavezane k<br \/>\nzaupnosti ali jih k zaupnosti zavezuje ustrezen zakon. Obdelovalec ima sprejet notranji Pravilnik o<br \/>\nvarstvu osebnih podatkov ter od vseh zaposlenih in zunanjih sodelavcev pridobi pisno zavezo k<br \/>\nzaupnosti podatkov, seznanitev s pravilnikom ter ustreznimi varnostnimi ukrepi, ki jih obdelovalec<br \/>\nizvaja, da zagotavlja ustrezno stopnjo varnosti podatkov.<\/p>\n<h4>Pravice posameznikov<\/h4>\n<p>Obdelovalec tehni\u010dno poskrbi, da po navodilu upravljavca in v zakonitem obsegu, zagotovi podporo in<br \/>\ntehni\u010dne re\u0161itve ter kon\u010dne podatke, ki jih upravljavec potrebuje, ko posamezniki pri upravljavcu<br \/>\nizvr\u0161ujejo eno ali ve\u010d pravic, ki jim jih dolo\u010da zakonodaja: pravica do popravka, pravica do izbrisa,<br \/>\npravica do omejitve obdelave, pravica do prenosljivosti podatkov in pravica do ugovora.<\/p>\n<h4>Izbris ali prenos podatkov<\/h4>\n<p>Obdelovalec na podlagi predhodnega dokumentiranega navodila upravljavca izbri\u0161e ali vrne vse<br \/>\nosebne podatke upravljavcu po zaklju\u010dku storitve, ki jo za upravljavca izvaja ter uni\u010di obstoje\u010de kopije,<br \/>\nrazen v primerih, ko shranjevanje podatkov predpisuje zakonodaja.<\/p>\n<h4>Dostop do informacij<\/h4>\n<p>Obdelovalec zagotavlja upravljavcu vse informacije, potrebne za dokazovanje izpolnjevanja obveznosti<br \/>\niz tega akta in zakonodaje, ter upravljavcu ali drugemu revizorju, ki ga pooblasti upravljavec, omogo\u010di<br \/>\nizvajanje revizij, tudi pregledov, in pri njih sodeluje.<\/p>\n<h2><\/h2>\n<h3>VARNOST OBDELAVE OSEBNIH PODATKOV<\/h3>\n<h4>Varnost obdelave<\/h4>\n<p>Obdelovalec in upravljavec ob upo\u0161tevanju najnovej\u0161ega tehnolo\u0161kega razvoja in stro\u0161kov izvajanja<br \/>\nter narave, obsega, okoli\u0161\u010din in namenov obdelave, pa tudi tveganj za pravice in svobo\u0161\u010dine<br \/>\nposameznikov, ki se razlikujejo po verjetnosti in resnosti, upravljavec in obdelovalec z izvajanjem<br \/>\nustreznih tehni\u010dnih in organizacijskih ukrepov zagotovita ustrezno raven varnosti glede na tveganje,<br \/>\nvklju\u010dno med drugim z ukrepi, ki zajemajo:<\/p>\n<p>psevdonimizacijo in \u0161ifriranje osebnih podatkov,<\/p>\n<p>zmo\u017enost zagotavljanja stalne zaupnosti in celovitosti, dostopnosti in odpornosti sistemov in storitev za<br \/>\nobdelavo,<\/p>\n<p>zmo\u017enost pravo\u010dasne povrnitve razpolo\u017eljivosti in dostopa do osebnih podatkov v primeru fizi\u010dnega ali<br \/>\ntehni\u010dnega incidenta,<\/p>\n<p>postopke rednega testiranja, ocenjevanja in vrednotenja u\u010dinkovitosti tehni\u010dnih in organizacijskih<br \/>\nukrepov za zagotavljanje varnosti obdelave.<\/p>\n<p>Pri dolo\u010danju ustrezne ravni varnosti se upo\u0161tevajo zlasti tveganja, ki jih pomeni obdelava, zlasti zaradi<br \/>\nnenamernega ali nezakonitega uni\u010denja, izgube, spremembe, nepoobla\u0161\u010denega razkritja ali dostopa<br \/>\ndo osebnih podatkov, ki so poslani, shranjeni ali kako druga\u010de obdelani.<\/p>\n<h4>Poobla\u0161\u010dena oseba za varstvo podatkov<\/h4>\n<p>Obdelovalec ni zavezan k imenovanju osebe, poobla\u0161\u010dene za varstvo osebnih podatkov, ker obdelave<br \/>\nne opravlja kot javni organ ali telo, prav tako v temeljni dejavnosti ne izvaja obdelave, pri kateri bi bilo<br \/>\npotrebno zaradi njihove narave, obsega in\/ali namenov posameznike, na katere se nana\u0161ajo osebni<br \/>\npodatki, redno in sistemati\u010dno obse\u017eno spremljati ter temeljna dejavnost obdelovalca ne zajema<br \/>\nobse\u017ene obdelave posebnih vrst osebnih podatkov.<\/p>\n<h4>Varnostni ukrepi<\/h4>\n<p>Obdelovalec zagotavlja ustrezne varnostne ukrepe pri obdelavi osebnih podatkov za zagotavljanje<br \/>\nvarstva osebnih podatkov. Varnostni ukrepi se redno spremljajo in posodabljajo skladno z razvojem<br \/>\ntehnologije in zahtev zakonodaje.<\/p>\n<p>Obdelovalec upravljavca obve\u0161\u010da o varnostnih ukrepih ter ustreznih tehni\u010dnih re\u0161itvah v lo\u010denem<br \/>\ndokumentu, ki je sestavni del teh pogojev zasebnosti, ki urejajo pravna razmerja med upravljavcem in<br \/>\nobdelovalcem in Pravilnika o varstvu osebnih podatkov, ki ureja pravna razmerja med obdelovalcem in<br \/>\nzaposlenimi, ki obdelujejo osebne podatke posameznikov dolo\u010denega upravljavca.<\/p>\n<h2><\/h2>\n<h3>KON\u010cNE DOLO\u010cBE<\/h3>\n<h4>Zavezujo\u010da narava pravnih pogojev<\/h4>\n<p>1. Pogoji zasebnosti<strong> veljajo za vse upravljavce<\/strong>, s katerimi ima obdelovalec urejen pravno-poslovni<br \/>\nodnos s pogodbo ali pisno preko elektronske po\u0161te in jih upravljavci potrdijo preko elektronske po\u0161te<br \/>\nter se \u0161teje, da je bil sprejet aneks k obstoje\u010demu pravnemu razmerju oziroma s pisnim aneksom k<br \/>\nobstoje\u010di pisni pogodbi, \u010de upravljavec to zahteva.<br \/>\n2. Pogoji zasebnosti so <strong>zavezujo\u010di za vse pravne posle<\/strong>, ki se sklepajo na njihovi podlagi.<br \/>\n3. Pogoji zasebnosti so <strong>sestavni del naro\u010dila storitve<\/strong> s strani upravljavca.<br \/>\n4. Upravljavec potrdi <strong>seznanitev in strinjanje<\/strong> s temi pogoji zasebnosti pred naro\u010dilom storitve (v<br \/>\npogodbi ali pisno preko elektronske komunikacije).<\/p>\n<h4>Spremembe pogojev zasebnosti<\/h4>\n<p>1. Obdelovalec pogoje zasebnosti redno posodablja z zakonskimi spremembami.<br \/>\n2. Obdelovalec upravljavca obve\u0161\u010da o spremembah pravo\u010dasno v pisni obliki z elektronskim<br \/>\nsporo\u010dilom.<br \/>\n4. Obdelovalec zagotavlja arhiv sprememb pogojev zasebnosti, ki je vsakemu upravljavcu<br \/>\ndostopen s predhodno pisno zahtevo na kontaktni elektronski naslov obdelovalca.<\/p>\n<h4>Re\u0161evanje sporov<\/h4>\n<p>Obdelovalec in upravljavec se zavezujeta morebitna nesoglasja in spore <strong>re\u0161evati mirno in<\/strong><br \/>\n<strong>sporazumno.<\/strong> Kolikor sporazumna re\u0161itev ne bo mogo\u010da, je za re\u0161evanje spora pristojno sodi\u0161\u010de <strong>v<\/strong><br \/>\n<strong>Republiki Sloveniji po sede\u017eu obdelovalca<\/strong>.<\/p>\n<\/div><div class=\"fusion-clearfix\"><\/div><\/div><\/div><\/div><\/div>","protected":false},"excerpt":{"rendered":"","protected":false},"author":1,"featured_media":0,"parent":0,"menu_order":0,"comment_status":"closed","ping_status":"closed","template":"","meta":{"footnotes":""},"class_list":["post-284","page","type-page","status-publish","hentry"],"yoast_head":"<!-- This site is optimized with the Yoast SEO plugin v26.8 - https:\/\/yoast.com\/product\/yoast-seo-wordpress\/ -->\n<title>Pogoji zasebnosti - Gastrofuzija<\/title>\n<meta name=\"robots\" content=\"index, follow, max-snippet:-1, max-image-preview:large, max-video-preview:-1\" \/>\n<link rel=\"canonical\" href=\"https:\/\/www.gastrofuzija.si\/en\/pogoji-zasebnosti\/\" \/>\n<meta property=\"og:locale\" content=\"en_US\" \/>\n<meta property=\"og:type\" content=\"article\" \/>\n<meta property=\"og:title\" content=\"Pogoji zasebnosti - Gastrofuzija\" \/>\n<meta property=\"og:url\" content=\"https:\/\/www.gastrofuzija.si\/en\/pogoji-zasebnosti\/\" \/>\n<meta property=\"og:site_name\" content=\"Gastrofuzija\" \/>\n<meta name=\"twitter:card\" content=\"summary_large_image\" \/>\n<meta name=\"twitter:label1\" content=\"Est. reading time\" \/>\n\t<meta name=\"twitter:data1\" content=\"9 minutes\" \/>\n<script type=\"application\/ld+json\" class=\"yoast-schema-graph\">{\"@context\":\"https:\/\/schema.org\",\"@graph\":[{\"@type\":\"WebPage\",\"@id\":\"https:\/\/www.gastrofuzija.si\/pogoji-zasebnosti\/\",\"url\":\"https:\/\/www.gastrofuzija.si\/pogoji-zasebnosti\/\",\"name\":\"Pogoji zasebnosti - Gastrofuzija\",\"isPartOf\":{\"@id\":\"https:\/\/www.gastrofuzija.si\/#website\"},\"datePublished\":\"2019-08-30T16:36:12+00:00\",\"breadcrumb\":{\"@id\":\"https:\/\/www.gastrofuzija.si\/pogoji-zasebnosti\/#breadcrumb\"},\"inLanguage\":\"en-US\",\"potentialAction\":[{\"@type\":\"ReadAction\",\"target\":[\"https:\/\/www.gastrofuzija.si\/pogoji-zasebnosti\/\"]}]},{\"@type\":\"BreadcrumbList\",\"@id\":\"https:\/\/www.gastrofuzija.si\/pogoji-zasebnosti\/#breadcrumb\",\"itemListElement\":[{\"@type\":\"ListItem\",\"position\":1,\"name\":\"Home\",\"item\":\"https:\/\/www.gastrofuzija.si\/\"},{\"@type\":\"ListItem\",\"position\":2,\"name\":\"Pogoji zasebnosti\"}]},{\"@type\":\"WebSite\",\"@id\":\"https:\/\/www.gastrofuzija.si\/#website\",\"url\":\"https:\/\/www.gastrofuzija.si\/\",\"name\":\"Gastrofuzija\",\"description\":\"USTVARJAMO VRHUNSKE KULINARI\u010cNE DOGODKE IN TEAM BUILDING AKTIVNOSTI!\",\"potentialAction\":[{\"@type\":\"SearchAction\",\"target\":{\"@type\":\"EntryPoint\",\"urlTemplate\":\"https:\/\/www.gastrofuzija.si\/?s={search_term_string}\"},\"query-input\":{\"@type\":\"PropertyValueSpecification\",\"valueRequired\":true,\"valueName\":\"search_term_string\"}}],\"inLanguage\":\"en-US\"}]}<\/script>\n<!-- \/ Yoast SEO plugin. -->","yoast_head_json":{"title":"Pogoji zasebnosti - Gastrofuzija","robots":{"index":"index","follow":"follow","max-snippet":"max-snippet:-1","max-image-preview":"max-image-preview:large","max-video-preview":"max-video-preview:-1"},"canonical":"https:\/\/www.gastrofuzija.si\/en\/pogoji-zasebnosti\/","og_locale":"en_US","og_type":"article","og_title":"Pogoji zasebnosti - Gastrofuzija","og_url":"https:\/\/www.gastrofuzija.si\/en\/pogoji-zasebnosti\/","og_site_name":"Gastrofuzija","twitter_card":"summary_large_image","twitter_misc":{"Est. reading time":"9 minutes"},"schema":{"@context":"https:\/\/schema.org","@graph":[{"@type":"WebPage","@id":"https:\/\/www.gastrofuzija.si\/pogoji-zasebnosti\/","url":"https:\/\/www.gastrofuzija.si\/pogoji-zasebnosti\/","name":"Pogoji zasebnosti - Gastrofuzija","isPartOf":{"@id":"https:\/\/www.gastrofuzija.si\/#website"},"datePublished":"2019-08-30T16:36:12+00:00","breadcrumb":{"@id":"https:\/\/www.gastrofuzija.si\/pogoji-zasebnosti\/#breadcrumb"},"inLanguage":"en-US","potentialAction":[{"@type":"ReadAction","target":["https:\/\/www.gastrofuzija.si\/pogoji-zasebnosti\/"]}]},{"@type":"BreadcrumbList","@id":"https:\/\/www.gastrofuzija.si\/pogoji-zasebnosti\/#breadcrumb","itemListElement":[{"@type":"ListItem","position":1,"name":"Home","item":"https:\/\/www.gastrofuzija.si\/"},{"@type":"ListItem","position":2,"name":"Pogoji zasebnosti"}]},{"@type":"WebSite","@id":"https:\/\/www.gastrofuzija.si\/#website","url":"https:\/\/www.gastrofuzija.si\/","name":"Gastrofuzija","description":"USTVARJAMO VRHUNSKE KULINARI\u010cNE DOGODKE IN TEAM BUILDING AKTIVNOSTI!","potentialAction":[{"@type":"SearchAction","target":{"@type":"EntryPoint","urlTemplate":"https:\/\/www.gastrofuzija.si\/?s={search_term_string}"},"query-input":{"@type":"PropertyValueSpecification","valueRequired":true,"valueName":"search_term_string"}}],"inLanguage":"en-US"}]}},"_links":{"self":[{"href":"https:\/\/www.gastrofuzija.si\/en\/wp-json\/wp\/v2\/pages\/284","targetHints":{"allow":["GET"]}}],"collection":[{"href":"https:\/\/www.gastrofuzija.si\/en\/wp-json\/wp\/v2\/pages"}],"about":[{"href":"https:\/\/www.gastrofuzija.si\/en\/wp-json\/wp\/v2\/types\/page"}],"author":[{"embeddable":true,"href":"https:\/\/www.gastrofuzija.si\/en\/wp-json\/wp\/v2\/users\/1"}],"replies":[{"embeddable":true,"href":"https:\/\/www.gastrofuzija.si\/en\/wp-json\/wp\/v2\/comments?post=284"}],"version-history":[{"count":1,"href":"https:\/\/www.gastrofuzija.si\/en\/wp-json\/wp\/v2\/pages\/284\/revisions"}],"predecessor-version":[{"id":285,"href":"https:\/\/www.gastrofuzija.si\/en\/wp-json\/wp\/v2\/pages\/284\/revisions\/285"}],"wp:attachment":[{"href":"https:\/\/www.gastrofuzija.si\/en\/wp-json\/wp\/v2\/media?parent=284"}],"curies":[{"name":"wp","href":"https:\/\/api.w.org\/{rel}","templated":true}]}}